{"id":10297,"date":"2022-09-01T18:14:24","date_gmt":"2022-09-01T10:14:24","guid":{"rendered":"https:\/\/sellersunionagent.com\/?post_type=product&#038;p=10297"},"modified":"2022-09-02T12:29:28","modified_gmt":"2022-09-02T04:29:28","slug":"skladany-kosz-na-smieci-do-szafki-kuchennej-samochodu-sypialni-lazienki","status":"publish","type":"product","link":"https:\/\/www.sellersunionagent.com\/pl\/foldable-waste-bin-for-kitchen-cabinet-car-bedroom-bathroom\/","title":{"rendered":"Sk\u0142adany kosz na \u015bmieci do kuchni\/szafki\/samochodu\/sypialni\/\u0142azienki\u00a0"},"content":{"rendered":"<h2 id=\"title\" class=\"a-size-large a-spacing-none\"><span id=\"productTitle\" class=\"a-size-large product-title-word-break\">Sk\u0142adany ma\u0142y plastikowy kosz na \u015bmieci do kuchni\/szafki\/samochodu\/sypialni\/\u0142azienki\u00a0<\/span><\/h2>\n<p>&nbsp;<\/p>\n<p>\u2705\u3010Jako\u015b\u0107 materia\u0142\u00f3w\u3011<br \/>\n\u2705\u3010Oszcz\u0119dzaj miejsce\u3011<br \/>\n\u2705\u3010\u0141atwy w instalacji i u\u017cytkowaniu\u3011<br \/>\nSzerokie zastosowanie\u3011<br \/>\n\u2705\u3010Gwarancja posprzeda\u017cna\u3011<\/p>\n<p>&nbsp;<\/p>\n<p style=\"text-align: center\"><strong>Typ<\/strong>: Przechowywanie w domu<\/p>\n<p style=\"text-align: center\"><strong>Numer pozycji:<\/strong> YM-6304<\/p>\n<p style=\"text-align: center\"><strong>Rozmiar elementu<\/strong>:<\/p>\n<p style=\"text-align: center\">D\u0142ugo\u015b\u0107 przed zwini\u0119ciem 32 cm, szeroko\u015b\u0107 10,5 cm,<\/p>\n<p style=\"text-align: center\">D\u0142ugo\u015b\u0107 po zwini\u0119ciu 32 cm, szeroko\u015b\u0107 19,5 cm, wysoko\u015b\u0107 26 cm<\/p>\n<p style=\"text-align: center\"><strong>Waga przedmiotu<\/strong>: 449.2g<\/p>\n<p style=\"text-align: center\"><strong>Kolory<\/strong>: Szary, lotosowy r\u00f3\u017c<\/p>\n<p style=\"text-align: center\"><strong>Materia\u0142:<\/strong> PP+TPR<\/p>\n<p><img fetchpriority=\"high\" decoding=\"async\" class=\"aligncenter wp-image-10300\" src=\"https:\/\/www.sellersunionagent.com\/wp-content\/uploads\/2022\/09\/13034974525_1831369080.jpg\" alt=\"Przechowywanie w kuchni\" width=\"600\" height=\"600\" \/> <img decoding=\"async\" class=\"aligncenter wp-image-10299\" src=\"https:\/\/www.sellersunionagent.com\/wp-content\/uploads\/2022\/09\/12996846021_1831369080.jpg\" alt=\"Przechowywanie w kuchni\" width=\"600\" height=\"600\" \/> <img decoding=\"async\" class=\"aligncenter wp-image-10298\" src=\"https:\/\/www.sellersunionagent.com\/wp-content\/uploads\/2022\/09\/12996837473_1831369080.jpg\" alt=\"Przechowywanie w kuchni\" width=\"600\" height=\"600\" \/> <img loading=\"lazy\" decoding=\"async\" class=\"aligncenter wp-image-10301\" src=\"https:\/\/www.sellersunionagent.com\/wp-content\/uploads\/2022\/09\/13076312069_1831369080.jpg\" alt=\"Przechowywanie w kuchni\" width=\"600\" height=\"600\" \/><\/p>\n<p>&nbsp;<\/p>\n<p>&nbsp;<\/p>","protected":false},"excerpt":{"rendered":"<p><strong>\u00a0<\/strong><strong>MOQ<\/strong>:  1000 szt.<br \/>\n<strong>Bezp\u0142atna pr\u00f3bka<\/strong>:  Obs\u0142ugiwane<br \/>\n<strong>Personalizacja<\/strong>logo \/ kolor \/ materia\u0142y \/ opakowanie itp.<br \/>\n<strong>Zni\u017cka<\/strong>:  Pierwsze zam\u00f3wienia ju\u017c od 10% taniej.<br \/>\n<strong>Wska\u017anik terminowo\u015bci dostaw<\/strong>:\u00a0 100%<br \/>\n<strong>Przesy\u0142ki og\u00f3\u0142em<\/strong>:  10000 szt.<br \/>\n<strong>Wysy\u0142ka<\/strong>: Fracht morski Fracht l\u0105dowy<\/p>","protected":false},"featured_media":10302,"comment_status":"open","ping_status":"closed","template":"","meta":{"_acf_changed":false},"product_brand":[],"product_cat":[31,188],"product_tag":[87,122,73,190],"class_list":{"0":"post-10297","1":"product","2":"type-product","3":"status-publish","4":"has-post-thumbnail","6":"product_cat-home-storage","7":"product_cat-kitchen","8":"product_tag-bulk-wholesale","9":"product_tag-collapsible","10":"product_tag-home-storagewholesaledurable","11":"product_tag-kitchen","13":"first","14":"instock","15":"shipping-taxable","16":"product-type-simple","17":"swiper-slide"},"acf":[],"_links":{"self":[{"href":"https:\/\/www.sellersunionagent.com\/pl\/wp-json\/wp\/v2\/product\/10297","targetHints":{"allow":["GET"]}}],"collection":[{"href":"https:\/\/www.sellersunionagent.com\/pl\/wp-json\/wp\/v2\/product"}],"about":[{"href":"https:\/\/www.sellersunionagent.com\/pl\/wp-json\/wp\/v2\/types\/product"}],"replies":[{"embeddable":true,"href":"https:\/\/www.sellersunionagent.com\/pl\/wp-json\/wp\/v2\/comments?post=10297"}],"wp:featuredmedia":[{"embeddable":true,"href":"https:\/\/www.sellersunionagent.com\/pl\/wp-json\/wp\/v2\/media\/10302"}],"wp:attachment":[{"href":"https:\/\/www.sellersunionagent.com\/pl\/wp-json\/wp\/v2\/media?parent=10297"}],"wp:term":[{"taxonomy":"product_brand","embeddable":true,"href":"https:\/\/www.sellersunionagent.com\/pl\/wp-json\/wp\/v2\/product_brand?post=10297"},{"taxonomy":"product_cat","embeddable":true,"href":"https:\/\/www.sellersunionagent.com\/pl\/wp-json\/wp\/v2\/product_cat?post=10297"},{"taxonomy":"product_tag","embeddable":true,"href":"https:\/\/www.sellersunionagent.com\/pl\/wp-json\/wp\/v2\/product_tag?post=10297"}],"curies":[{"name":"wp","href":"https:\/\/api.w.org\/{rel}","templated":true}]}}