{"id":10248,"date":"2022-08-30T18:06:35","date_gmt":"2022-08-30T10:06:35","guid":{"rendered":"https:\/\/sellersunionagent.com\/?post_type=product&#038;p=10248"},"modified":"2022-09-02T12:26:10","modified_gmt":"2022-09-02T04:26:10","slug":"kosz-do-przechowywania-do-kuchni-z-przegrodami","status":"publish","type":"product","link":"https:\/\/www.sellersunionagent.com\/pl\/storage-basket-organizer-for-kitchen-with-dividers\/","title":{"rendered":"Organizer do koszyk\u00f3w kuchennych z przegr\u00f3dkami"},"content":{"rendered":"<h2>Przesuwna szuflada do przechowywania w kuchni, z przegrodami, wielofunkcyjny organizer na p\u00f3\u0142k\u0119 zlewu<\/h2>\n<p>&nbsp;<\/p>\n<p>&nbsp;<\/p>\n<ul>\n<li>\u3010Szuflada do przechowywania\u3011 - Nadaje si\u0119 do szaf, kuchni, \u0142azienek, spi\u017carni, pralni, biur, sypialni itp.<\/li>\n<\/ul>\n<p>&nbsp;<\/p>\n<p>&nbsp;<\/p>\n<ul>\n<li>\u3010Wielofunkcyjno\u015b\u0107\u3011 - Mo\u017ce by\u0107 u\u017cywany nie tylko pod szafk\u0105 \u0142azienkow\u0105 lub kuchenn\u0105, ale tak\u017ce na biurku jako stojak na przyprawy kuchenne do przechowywania ziaren, konserw, soli, jako podstawowa p\u00f3\u0142ka do przechowywania w biurze i sypialni, jako taca \u0142azienkowa do przechowywania kosmetyk\u00f3w, lakieru do paznokci, r\u0119cznik\u00f3w, myd\u0142a, szamponu i tak dalej.<\/li>\n<\/ul>\n<p>&nbsp;<\/p>\n<p>&nbsp;<\/p>\n<ul>\n<li>\u3010\u0141atwy w instalacji i czyszczeniu\u3011 Jest wodoodporny i \u0142atwy do czyszczenia. Wystarczy przetrze\u0107 czyst\u0105, wilgotn\u0105 szmatk\u0105.<\/li>\n<\/ul>\n<p>&nbsp;<\/p>\n<p style=\"text-align: center\"><strong>Typ<\/strong>: Przechowywanie w domu<\/p>\n<p style=\"text-align: center\"><strong>Numer pozycji:<\/strong> YM-3035<\/p>\n<p style=\"text-align: center\"><strong>Rozmiar elementu<\/strong>:<\/p>\n<p style=\"text-align: center\">P\u0142ytka kwadratowa 28*9*3cm<\/p>\n<p style=\"text-align: center\">D\u0142uga rurka 63,5 * 4,7 cm<\/p>\n<p style=\"text-align: center\">Kr\u00f3tka rurka 39*4,7 cm<\/p>\n<p style=\"text-align: center\"><strong>Waga\uff1a<\/strong>876g<\/p>\n<p style=\"text-align: center\"><strong>Kolory<\/strong>: Bia\u0142y<\/p>\n<p><img fetchpriority=\"high\" decoding=\"async\" class=\"wp-image-10252 aligncenter\" src=\"https:\/\/www.sellersunionagent.com\/wp-content\/uploads\/2022\/08\/O1CN01XZYwuw1KlTagZ3UEv_1681711204-0-cib.jpg\" alt=\"Przechowywanie w kuchni\" width=\"600\" height=\"600\" \/> <img decoding=\"async\" class=\"aligncenter wp-image-10251\" src=\"https:\/\/www.sellersunionagent.com\/wp-content\/uploads\/2022\/08\/O1CN01QJGdJL1KlTaqSbSTX_1681711204-0-cib.jpg\" alt=\"Przechowywanie w kuchni\" width=\"600\" height=\"600\" \/> <img decoding=\"async\" class=\"aligncenter wp-image-10250\" src=\"https:\/\/www.sellersunionagent.com\/wp-content\/uploads\/2022\/08\/O1CN01O7Y6Px1KlTaqSaJkx_1681711204-0-cib.jpg\" alt=\"Przechowywanie w kuchni\" width=\"600\" height=\"600\" \/> <img loading=\"lazy\" decoding=\"async\" class=\"aligncenter wp-image-10249\" src=\"https:\/\/www.sellersunionagent.com\/wp-content\/uploads\/2022\/08\/O1CN01C0WlRZ1KlTaueX5Eo_1681711204-0-cib.jpg\" alt=\"Przechowywanie w kuchni\" width=\"600\" height=\"600\" \/><\/p>","protected":false},"excerpt":{"rendered":"<p><strong>MOQ<\/strong>:  1000 szt.<br \/>\n<strong>Bezp\u0142atna pr\u00f3bka<\/strong>:  Obs\u0142ugiwane<br \/>\n<strong>Personalizacja<\/strong>logo \/ kolor \/ materia\u0142y \/ opakowanie itp.<br \/>\n<strong>Zni\u017cka<\/strong>:  Pierwsze zam\u00f3wienia ju\u017c od 10% taniej.<br \/>\n<strong>Wska\u017anik terminowo\u015bci dostaw<\/strong>:\u00a0 100%<br \/>\n<strong>Przesy\u0142ki og\u00f3\u0142em<\/strong>:  10000 szt.<br \/>\n<strong>Wysy\u0142ka<\/strong>: Fracht morski Fracht l\u0105dowy<\/p>","protected":false},"featured_media":10253,"comment_status":"open","ping_status":"closed","template":"","meta":{"_acf_changed":false},"product_brand":[],"product_cat":[188,31],"product_tag":[87,42,73],"class_list":{"0":"post-10248","1":"product","2":"type-product","3":"status-publish","4":"has-post-thumbnail","6":"product_cat-kitchen","7":"product_cat-home-storage","8":"product_tag-bulk-wholesale","9":"product_tag-high-quality","10":"product_tag-home-storagewholesaledurable","12":"first","13":"instock","14":"shipping-taxable","15":"product-type-simple","16":"swiper-slide"},"acf":[],"_links":{"self":[{"href":"https:\/\/www.sellersunionagent.com\/pl\/wp-json\/wp\/v2\/product\/10248","targetHints":{"allow":["GET"]}}],"collection":[{"href":"https:\/\/www.sellersunionagent.com\/pl\/wp-json\/wp\/v2\/product"}],"about":[{"href":"https:\/\/www.sellersunionagent.com\/pl\/wp-json\/wp\/v2\/types\/product"}],"replies":[{"embeddable":true,"href":"https:\/\/www.sellersunionagent.com\/pl\/wp-json\/wp\/v2\/comments?post=10248"}],"wp:featuredmedia":[{"embeddable":true,"href":"https:\/\/www.sellersunionagent.com\/pl\/wp-json\/wp\/v2\/media\/10253"}],"wp:attachment":[{"href":"https:\/\/www.sellersunionagent.com\/pl\/wp-json\/wp\/v2\/media?parent=10248"}],"wp:term":[{"taxonomy":"product_brand","embeddable":true,"href":"https:\/\/www.sellersunionagent.com\/pl\/wp-json\/wp\/v2\/product_brand?post=10248"},{"taxonomy":"product_cat","embeddable":true,"href":"https:\/\/www.sellersunionagent.com\/pl\/wp-json\/wp\/v2\/product_cat?post=10248"},{"taxonomy":"product_tag","embeddable":true,"href":"https:\/\/www.sellersunionagent.com\/pl\/wp-json\/wp\/v2\/product_tag?post=10248"}],"curies":[{"name":"wp","href":"https:\/\/api.w.org\/{rel}","templated":true}]}}