{"id":9020,"date":"2022-07-08T10:05:49","date_gmt":"2022-07-08T02:05:49","guid":{"rendered":"https:\/\/sellersunionagent.com\/?post_type=product&#038;p=9020"},"modified":"2026-01-06T14:28:55","modified_gmt":"2026-01-06T06:28:55","slug":"accesorios-digitales-bolsa-de-almacenamiento-made-in-china-suministro-para-mayoristas-o-minoristas","status":"publish","type":"product","link":"https:\/\/www.sellersunionagent.com\/es\/digital-accessories-storage-bag-made-in-china-supply-for-wholesale-or-retail-dealer\/","title":{"rendered":"Accesorios Digitales Bolsa de Almacenamiento Made in China Suministro para Mayoristas o Minoristas"},"content":{"rendered":"<h2>Accesorios Digitales Bolsa de Almacenamiento Made in China Suministro para Mayoristas o Minoristas<\/h2>\n<p>&nbsp;<\/p>\n<p>&nbsp;<\/p>\n<ul class=\"a-unordered-list a-vertical a-spacing-mini\">\n<li><span class=\"a-list-item\">\u3010DIY COMPARTMENT\u3011- - Hay tres divisores acolchados extra\u00edbles con velcro en la parte inferior de la funda para cables, puede DIY ellos para separar el \u00fanico espacio inferior en varios compartimentos, accesorios de ajuste de diferentes tama\u00f1os, manteniendo todos sus accesorios electr\u00f3nicos en orden.<\/span><\/li>\n<\/ul>\n<p>&nbsp;<\/p>\n<p>&nbsp;<\/p>\n<ul class=\"a-unordered-list a-vertical a-spacing-mini\">\n<li><span class=\"a-list-item\">\u3010PREMIUM QUALITY\u3011 - - Este organizador de cables de viaje est\u00e1 hecho de tela impermeable cation 300D y material interior acolchado grueso. Las cremalleras dobles reci\u00e9n mejoradas con dise\u00f1o plano son m\u00e1s suaves y duraderas. La costura superior y ordenada hace que el estuche organizador electr\u00f3nico sea exquisito y \u00fanico.<\/span><\/li>\n<\/ul>\n<p>&nbsp;<\/p>\n<p>&nbsp;<\/p>\n<ul class=\"a-unordered-list a-vertical a-spacing-mini\">\n<li><span class=\"a-list-item\">\u3010NO M\u00c1S MESSY\u3011 - - El estuche de viaje para cables tiene bolsillos compactos para mantener todo bien organizado. Excepto 3 divisores desmontables, hay 5 bolsillos de malla con lazos el\u00e1sticos para cables delgados, auriculares, bol\u00edgrafos, etc, evitar que los cables se enreden.<\/span><\/li>\n<\/ul>\n<p>&nbsp;<\/p>\n<p>&nbsp;<\/p>\n<ul class=\"a-unordered-list a-vertical a-spacing-mini\">\n<li><span class=\"a-list-item\">\u3010TRAVEL PARTNER\u3011 - - Tama\u00f1o 9,45 x 7,09 x 3,94 pulgadas, el tama\u00f1o ideal hacen que el organizador electr\u00f3nico de viaje sea f\u00e1cil de encajar en su mochila y equipaje sin ocupar mucho espacio, y un asa superior es f\u00e1cil de llevar, es un estuche port\u00e1til perfecto para el cable.<\/span><\/li>\n<\/ul>\n<p>&nbsp;<\/p>\n<p>&nbsp;<\/p>\n<p><img fetchpriority=\"high\" decoding=\"async\" class=\"aligncenter wp-image-9021\" src=\"https:\/\/www.sellersunionagent.com\/wp-content\/uploads\/2022\/07\/15082507411_1929729966.jpg\" alt=\"distribuidor\" width=\"600\" height=\"600\" \/> <img decoding=\"async\" class=\"aligncenter wp-image-9026\" src=\"https:\/\/www.sellersunionagent.com\/wp-content\/uploads\/2022\/07\/\u56fe\u7247-3.png\" alt=\"distribuidor\" width=\"600\" height=\"583\" \/> <img decoding=\"async\" class=\"aligncenter wp-image-9025\" src=\"https:\/\/www.sellersunionagent.com\/wp-content\/uploads\/2022\/07\/\u56fe\u7247-2.png\" alt=\"distribuidor\" width=\"600\" height=\"539\" \/><\/p>","protected":false},"excerpt":{"rendered":"<p>Tipo: Bolsa de almacenamiento de accesorios digitales<\/p>\n<p>N\u00ba de art\u00edculo:SY009<\/p>\n<p>Tama\u00f1o y peso:24*18*10cm&amp; 230g<\/p>","protected":false},"featured_media":13774,"comment_status":"open","ping_status":"closed","template":"","meta":{"_acf_changed":false},"product_brand":[],"product_cat":[32],"product_tag":[87,88,71,49,92],"class_list":{"0":"post-9020","1":"product","2":"type-product","3":"status-publish","4":"has-post-thumbnail","6":"product_cat-digital-bag","7":"product_tag-bulk-wholesale","8":"product_tag-digital-accessories-storage-bag","9":"product_tag-durable","10":"product_tag-good-quality","11":"product_tag-retail","13":"first","14":"instock","15":"shipping-taxable","16":"product-type-simple","17":"swiper-slide"},"acf":[],"_links":{"self":[{"href":"https:\/\/www.sellersunionagent.com\/es\/wp-json\/wp\/v2\/product\/9020","targetHints":{"allow":["GET"]}}],"collection":[{"href":"https:\/\/www.sellersunionagent.com\/es\/wp-json\/wp\/v2\/product"}],"about":[{"href":"https:\/\/www.sellersunionagent.com\/es\/wp-json\/wp\/v2\/types\/product"}],"replies":[{"embeddable":true,"href":"https:\/\/www.sellersunionagent.com\/es\/wp-json\/wp\/v2\/comments?post=9020"}],"wp:featuredmedia":[{"embeddable":true,"href":"https:\/\/www.sellersunionagent.com\/es\/wp-json\/wp\/v2\/media\/13774"}],"wp:attachment":[{"href":"https:\/\/www.sellersunionagent.com\/es\/wp-json\/wp\/v2\/media?parent=9020"}],"wp:term":[{"taxonomy":"product_brand","embeddable":true,"href":"https:\/\/www.sellersunionagent.com\/es\/wp-json\/wp\/v2\/product_brand?post=9020"},{"taxonomy":"product_cat","embeddable":true,"href":"https:\/\/www.sellersunionagent.com\/es\/wp-json\/wp\/v2\/product_cat?post=9020"},{"taxonomy":"product_tag","embeddable":true,"href":"https:\/\/www.sellersunionagent.com\/es\/wp-json\/wp\/v2\/product_tag?post=9020"}],"curies":[{"name":"wp","href":"https:\/\/api.w.org\/{rel}","templated":true}]}}