{"id":9019,"date":"2022-07-08T11:24:01","date_gmt":"2022-07-08T03:24:01","guid":{"rendered":"https:\/\/sellersunionagent.com\/?post_type=product&#038;p=9019"},"modified":"2022-07-20T17:22:59","modified_gmt":"2022-07-20T09:22:59","slug":"exportador-de-bolsa-interior-multitamano-para-portatil-de-gran-capacidad","status":"publish","type":"product","link":"https:\/\/www.sellersunionagent.com\/es\/multi-size-large-capacity-laptop-inner-bag-exporter\/","title":{"rendered":"Bolsa interior para port\u00e1til de gran capacidad y tama\u00f1o m\u00faltiple Exportador"},"content":{"rendered":"<h2>Bolsa interior para port\u00e1til de gran capacidad y tama\u00f1o m\u00faltiple Exportador<\/h2>\n<ul>\n<li>Dise\u00f1o compartimentado de gran capacidad con tres tama\u00f1os para elegir. El tama\u00f1o peque\u00f1o es compatible con port\u00e1tiles de 13-13,3 pulgadas, el tama\u00f1o mediano es compatible con port\u00e1tiles de 14,1-15,4 pulgadas y el tama\u00f1o grande es compatible con port\u00e1tiles de 15,6-16 pulgadas.<\/li>\n<li>Alineaci\u00f3n fina, no se da\u00f1a f\u00e1cilmente<\/li>\n<li>Dos clips met\u00e1licos exteriores resistentes y duraderos<\/li>\n<li>Suave forro flocado para amortiguar y evitar golpes<\/li>\n<li>Su dise\u00f1o ligero y fino facilita los viajes<\/li>\n<li>Impermeable y resistente a las manchas<\/li>\n<li>Sencillo y elegante<br \/>\n<img fetchpriority=\"high\" decoding=\"async\" class=\"aligncenter wp-image-9042\" src=\"https:\/\/www.sellersunionagent.com\/wp-content\/uploads\/2022\/07\/O1CN01Fe7WQ71Bs2kw8iw6U_0-0-cib-1.jpg\" alt=\"Exportador de bolsas interiores para port\u00e1tiles\" width=\"600\" height=\"600\" \/><img decoding=\"async\" class=\"aligncenter wp-image-9036\" src=\"https:\/\/www.sellersunionagent.com\/wp-content\/uploads\/2022\/07\/9252393bf9da156c81656548fb0dde26_O1CN01n2wvmL23xWkKV30o1_962147322-0-cib___r__1652508627235.jpg\" alt=\"Exportador de bolsas interiores para port\u00e1tiles\" width=\"600\" height=\"600\" \/><img decoding=\"async\" class=\"aligncenter wp-image-9045\" src=\"https:\/\/www.sellersunionagent.com\/wp-content\/uploads\/2022\/07\/O1CN01oyxvaf23xWkVqDIDT_962147322-0-cib-3.jpg\" alt=\"Exportador de bolsas interiores para port\u00e1tiles\" width=\"600\" height=\"600\" \/><img loading=\"lazy\" decoding=\"async\" class=\"aligncenter wp-image-9049\" src=\"https:\/\/www.sellersunionagent.com\/wp-content\/uploads\/2022\/07\/1657248582876-1.png\" alt=\"Exportador de bolsas interiores para port\u00e1tiles\" width=\"600\" height=\"851\" \/><img loading=\"lazy\" decoding=\"async\" class=\"aligncenter wp-image-9047\" src=\"https:\/\/www.sellersunionagent.com\/wp-content\/uploads\/2022\/07\/af23d1bbda6425fc27fb9cbd79c9261.jpg\" alt=\"Exportador de bolsas interiores para port\u00e1tiles\" width=\"600\" height=\"600\" \/> <img loading=\"lazy\" decoding=\"async\" class=\"aligncenter wp-image-9046\" src=\"https:\/\/www.sellersunionagent.com\/wp-content\/uploads\/2022\/07\/590a9ff8f8a77b396e5e91a399a8f37.jpg\" alt=\"Exportador de bolsas interiores para port\u00e1tiles\" width=\"600\" height=\"600\" \/><img loading=\"lazy\" decoding=\"async\" class=\"aligncenter wp-image-9041\" src=\"https:\/\/www.sellersunionagent.com\/wp-content\/uploads\/2022\/07\/cbf439ec011cf76082015329bf838a98_O1CN01jWcmqE23xWkPMjiwz_962147322-0-cib___r__1652508669740.jpg\" alt=\"Exportador de bolsas interiores para port\u00e1tiles\" width=\"600\" height=\"600\" \/> <img loading=\"lazy\" decoding=\"async\" class=\"aligncenter wp-image-9040\" src=\"https:\/\/www.sellersunionagent.com\/wp-content\/uploads\/2022\/07\/ad4d803b8e9c59175083fa6d0735160d_O1CN01qQDU8T23xWkU57A8f_962147322-0-cib___r__1652508669740.jpg\" alt=\"Exportador de bolsas interiores para port\u00e1tiles\" width=\"600\" height=\"597\" \/> <img loading=\"lazy\" decoding=\"async\" class=\"aligncenter wp-image-9038\" src=\"https:\/\/www.sellersunionagent.com\/wp-content\/uploads\/2022\/07\/1657245854394.png\" alt=\"Exportador de bolsas interiores para port\u00e1tiles\" width=\"600\" height=\"584\" \/> <img loading=\"lazy\" decoding=\"async\" class=\"aligncenter wp-image-9037\" src=\"https:\/\/www.sellersunionagent.com\/wp-content\/uploads\/2022\/07\/1657245336747.png\" alt=\"Exportador de bolsas interiores para port\u00e1tiles\" width=\"600\" height=\"328\" \/><\/li>\n<\/ul>","protected":false},"excerpt":{"rendered":"<p><strong>Tipo<\/strong>:  Bolsa de almacenamiento de accesorios digitales<\/p>\n<p><strong>N\u00famero de art\u00edculo:<\/strong> SY004<\/p>\n<p><strong>Tama\u00f1o del art\u00edculo<\/strong>: 32.5*24*2cm(S)\/ 35*26*2cm(M)\/ 40*29*2cm(L)<\/p>\n<p><strong>Colores<\/strong>: Gris\/Negro<\/p>\n<p><strong>Material:<\/strong>230t sarga +210d forro encriptado<\/p>\n<p>&nbsp;<\/p>\n<p>&nbsp;<\/p>\n<p>Almacenamiento de accesorios digitales \/ viajes de negocios \/ viajes, esta bolsa se puede aplicar. \u00a1Haga su vida m\u00e1s f\u00e1cil y m\u00e1s simple!<\/p>","protected":false},"featured_media":9045,"comment_status":"open","ping_status":"closed","template":"","meta":{"_acf_changed":false},"product_brand":[],"product_cat":[32],"product_tag":[48,169],"class_list":{"0":"post-9019","1":"product","2":"type-product","3":"status-publish","4":"has-post-thumbnail","6":"product_cat-digital-bag","7":"product_tag-large-capacity","8":"product_tag-multi-size","10":"first","11":"instock","12":"shipping-taxable","13":"product-type-simple","14":"swiper-slide"},"acf":[],"_links":{"self":[{"href":"https:\/\/www.sellersunionagent.com\/es\/wp-json\/wp\/v2\/product\/9019","targetHints":{"allow":["GET"]}}],"collection":[{"href":"https:\/\/www.sellersunionagent.com\/es\/wp-json\/wp\/v2\/product"}],"about":[{"href":"https:\/\/www.sellersunionagent.com\/es\/wp-json\/wp\/v2\/types\/product"}],"replies":[{"embeddable":true,"href":"https:\/\/www.sellersunionagent.com\/es\/wp-json\/wp\/v2\/comments?post=9019"}],"wp:featuredmedia":[{"embeddable":true,"href":"https:\/\/www.sellersunionagent.com\/es\/wp-json\/wp\/v2\/media\/9045"}],"wp:attachment":[{"href":"https:\/\/www.sellersunionagent.com\/es\/wp-json\/wp\/v2\/media?parent=9019"}],"wp:term":[{"taxonomy":"product_brand","embeddable":true,"href":"https:\/\/www.sellersunionagent.com\/es\/wp-json\/wp\/v2\/product_brand?post=9019"},{"taxonomy":"product_cat","embeddable":true,"href":"https:\/\/www.sellersunionagent.com\/es\/wp-json\/wp\/v2\/product_cat?post=9019"},{"taxonomy":"product_tag","embeddable":true,"href":"https:\/\/www.sellersunionagent.com\/es\/wp-json\/wp\/v2\/product_tag?post=9019"}],"curies":[{"name":"wp","href":"https:\/\/api.w.org\/{rel}","templated":true}]}}