{"id":8985,"date":"2022-07-07T18:08:52","date_gmt":"2022-07-07T10:08:52","guid":{"rendered":"https:\/\/sellersunionagent.com\/?post_type=product&#038;p=8985"},"modified":"2022-07-09T10:35:12","modified_gmt":"2022-07-09T02:35:12","slug":"accesorios-digitales-personalizados-disponibles-bolsa-de-almacenamiento-de-la-fabrica-de-china","status":"publish","type":"product","link":"https:\/\/www.sellersunionagent.com\/es\/customized-available-digital-accessories-storage-bag-from-china-factory\/","title":{"rendered":"Personalizado disponible Digital Accesorios Bolsa de almacenamiento de la f\u00e1brica de China"},"content":{"rendered":"<h2>Personalizado disponible Digital Accesorios Bolsa de almacenamiento de la f\u00e1brica de China<\/h2>\n<p>&nbsp;<\/p>\n<p>&nbsp;<\/p>\n<p>Este organizador divisor est\u00e1 hecho de material de poli\u00e9ster duradero e impermeable. m\u00e1s duradero y agradable que la tela de nylon, material interior acolchado, con asa de transporte fuerte! puede proteger sus accesorios digitales de golpes y da\u00f1os.<\/p>\n<p>&nbsp;<\/p>\n<p>&nbsp;<\/p>\n<p>9,84 x 7,28 x 1,4 pulgadas (25 x 18,5 x 3,5 cm). Tama\u00f1o perfecto y dise\u00f1o ligero f\u00e1cilmente le permite llevar la bolsa con la correa de mano. Tambi\u00e9n cabe en su malet\u00edn, bolso, equipaje y mochila sin ocupar mucho espacio.<\/p>\n<p>&nbsp;<\/p>\n<p>&nbsp;<\/p>\n<p>La bolsa de cable tiene suficiente espacio para mantener varios art\u00edculos como cables, disco flash, SSD, cables, tarjetas de memoria, unidad USB, alimentaci\u00f3n, cargador, pasaporte, adaptadores, bol\u00edgrafos, auriculares y otros accesorios de ordenador port\u00e1til-tablet.<\/p>\n<p>&nbsp;<\/p>\n<p>&nbsp;<\/p>\n<p>El dise\u00f1o de la manija es f\u00e1cil de llevar, la cremallera puede acceder y abrir f\u00e1cilmente, un gran compa\u00f1ero para usted en el viaje.<\/p>\n<p>&nbsp;<\/p>\n<p>&nbsp;<\/p>\n<p><img fetchpriority=\"high\" decoding=\"async\" class=\"aligncenter wp-image-9012\" src=\"https:\/\/www.sellersunionagent.com\/wp-content\/uploads\/2022\/07\/17021764222_1929729966.jpg\" alt=\"Proveedor\" width=\"600\" height=\"600\" \/> <img decoding=\"async\" class=\"aligncenter wp-image-9018\" src=\"https:\/\/www.sellersunionagent.com\/wp-content\/uploads\/2022\/07\/\u8be6\u60c5\u9875-3-3.png\" alt=\"Proveedor\" width=\"600\" height=\"596\" \/> <img decoding=\"async\" class=\"aligncenter wp-image-9017\" src=\"https:\/\/www.sellersunionagent.com\/wp-content\/uploads\/2022\/07\/\u8be6\u60c5\u9875-2-4.png\" alt=\"Proveedor\" width=\"600\" height=\"595\" \/><img loading=\"lazy\" decoding=\"async\" class=\"aligncenter wp-image-9016\" src=\"https:\/\/www.sellersunionagent.com\/wp-content\/uploads\/2022\/07\/\u8be6\u60c5\u9875-1-4.png\" alt=\"Proveedor\" width=\"600\" height=\"525\" \/> <img loading=\"lazy\" decoding=\"async\" class=\"aligncenter wp-image-9015\" src=\"https:\/\/www.sellersunionagent.com\/wp-content\/uploads\/2022\/07\/\u573a\u666f\u56fe-5.png\" alt=\"Proveedor\" width=\"600\" height=\"462\" \/> <img loading=\"lazy\" decoding=\"async\" class=\"aligncenter wp-image-9014\" src=\"https:\/\/www.sellersunionagent.com\/wp-content\/uploads\/2022\/07\/17022013192_1929729966.jpg\" alt=\"Proveedor\" width=\"600\" height=\"600\" \/> <img loading=\"lazy\" decoding=\"async\" class=\"aligncenter wp-image-9011\" src=\"https:\/\/www.sellersunionagent.com\/wp-content\/uploads\/2022\/07\/16968216734_1929729966.jpg\" alt=\"Proveedor\" width=\"600\" height=\"600\" \/><\/p>","protected":false},"excerpt":{"rendered":"<p>Tipo: Bolsa de almacenamiento de accesorios digitales<\/p>\n<p>N\u00ba de art\u00edculo:SY008<\/p>\n<p>Tama\u00f1o y peso:42*23cm&amp; 140g<\/p>","protected":false},"featured_media":9011,"comment_status":"open","ping_status":"closed","template":"","meta":{"_acf_changed":false},"product_brand":[],"product_cat":[32],"product_tag":[87,88,71,59],"class_list":{"0":"post-8985","1":"product","2":"type-product","3":"status-publish","4":"has-post-thumbnail","6":"product_cat-digital-bag","7":"product_tag-bulk-wholesale","8":"product_tag-digital-accessories-storage-bag","9":"product_tag-durable","10":"product_tag-multifunctional","12":"first","13":"instock","14":"shipping-taxable","15":"product-type-simple","16":"swiper-slide"},"acf":[],"_links":{"self":[{"href":"https:\/\/www.sellersunionagent.com\/es\/wp-json\/wp\/v2\/product\/8985","targetHints":{"allow":["GET"]}}],"collection":[{"href":"https:\/\/www.sellersunionagent.com\/es\/wp-json\/wp\/v2\/product"}],"about":[{"href":"https:\/\/www.sellersunionagent.com\/es\/wp-json\/wp\/v2\/types\/product"}],"replies":[{"embeddable":true,"href":"https:\/\/www.sellersunionagent.com\/es\/wp-json\/wp\/v2\/comments?post=8985"}],"wp:featuredmedia":[{"embeddable":true,"href":"https:\/\/www.sellersunionagent.com\/es\/wp-json\/wp\/v2\/media\/9011"}],"wp:attachment":[{"href":"https:\/\/www.sellersunionagent.com\/es\/wp-json\/wp\/v2\/media?parent=8985"}],"wp:term":[{"taxonomy":"product_brand","embeddable":true,"href":"https:\/\/www.sellersunionagent.com\/es\/wp-json\/wp\/v2\/product_brand?post=8985"},{"taxonomy":"product_cat","embeddable":true,"href":"https:\/\/www.sellersunionagent.com\/es\/wp-json\/wp\/v2\/product_cat?post=8985"},{"taxonomy":"product_tag","embeddable":true,"href":"https:\/\/www.sellersunionagent.com\/es\/wp-json\/wp\/v2\/product_tag?post=8985"}],"curies":[{"name":"wp","href":"https:\/\/api.w.org\/{rel}","templated":true}]}}