{"id":8925,"date":"2022-07-07T17:46:27","date_gmt":"2022-07-07T09:46:27","guid":{"rendered":"https:\/\/sellersunionagent.com\/?post_type=product&#038;p=8925"},"modified":"2022-07-21T17:03:28","modified_gmt":"2022-07-21T09:03:28","slug":"bolsa-de-transporte-personalizada-para-guardar-el-cable-de-datos-auricular-power-bank-tarjeta-llave","status":"publish","type":"product","link":"https:\/\/www.sellersunionagent.com\/es\/custom-carrying-storage-bag-for-keeping-data-cable-earphone-power-bank-card-key\/","title":{"rendered":"Bolsa de transporte personalizada para guardar el cable de datos, el auricular, la bater\u00eda, la tarjeta o la llave"},"content":{"rendered":"<h2>Bolsa de transporte personalizada para guardar el cable de datos, el auricular, la bater\u00eda, la tarjeta o la llave<\/h2>\n<ul>\n<li>Port\u00e1til, ligero y de gran capacidad, hace que su viaje sea m\u00e1s c\u00f3modo y agradable<\/li>\n<li>La cuadr\u00edcula en perspectiva ayuda a encontrar las cosas f\u00e1cilmente<\/li>\n<li>El material grueso, el cableado apretado y el cierre de cremallera suave y duradero mantienen tu dispositivo favorito seguro<\/li>\n<li>Gran capacidad para muchos objetos<\/li>\n<li>Etiqueta de cuero, que muestra el temperamento<\/li>\n<li>Bienvenido a personalizar<\/li>\n<\/ul>\n<p><img fetchpriority=\"high\" decoding=\"async\" class=\"aligncenter wp-image-8941\" src=\"https:\/\/www.sellersunionagent.com\/wp-content\/uploads\/2022\/07\/9060578085_1929729966.jpg\" alt=\"Bolsa de almacenamiento\" width=\"600\" height=\"600\" \/><\/p>\n<p><img decoding=\"async\" class=\"aligncenter wp-image-8965\" src=\"https:\/\/www.sellersunionagent.com\/wp-content\/uploads\/2022\/07\/337bc4990dc7bb2a2ed1a03052abbc9.jpg\" alt=\"Bolsa de almacenamiento\" width=\"600\" height=\"600\" \/><\/p>\n<p><img decoding=\"async\" class=\"aligncenter wp-image-8940\" src=\"https:\/\/www.sellersunionagent.com\/wp-content\/uploads\/2022\/07\/9042448513_1929729966.jpg\" alt=\"Bolsa de almacenamiento\" width=\"600\" height=\"600\" \/><img loading=\"lazy\" decoding=\"async\" class=\"aligncenter wp-image-8943\" src=\"https:\/\/www.sellersunionagent.com\/wp-content\/uploads\/2022\/07\/9042427816_1929729966.jpg\" alt=\"Bolsa de almacenamiento\" width=\"600\" height=\"600\" \/><img loading=\"lazy\" decoding=\"async\" class=\"aligncenter wp-image-8942\" src=\"https:\/\/www.sellersunionagent.com\/wp-content\/uploads\/2022\/07\/11788864577_1929729966.jpg\" alt=\"Bolsa de almacenamiento\" width=\"600\" height=\"600\" \/> <img loading=\"lazy\" decoding=\"async\" class=\"aligncenter wp-image-8960\" src=\"https:\/\/www.sellersunionagent.com\/wp-content\/uploads\/2022\/07\/f3c3186b631871c40d4e9ee782feca4d_14535835862_1929729966.jpg\" alt=\"Bolsa de almacenamiento\" width=\"600\" height=\"600\" \/> <img loading=\"lazy\" decoding=\"async\" class=\"aligncenter wp-image-8959\" src=\"https:\/\/www.sellersunionagent.com\/wp-content\/uploads\/2022\/07\/1657185184109.png\" alt=\"Bolsa de almacenamiento\" width=\"600\" height=\"549\" \/> <img loading=\"lazy\" decoding=\"async\" class=\"aligncenter wp-image-8958\" src=\"https:\/\/www.sellersunionagent.com\/wp-content\/uploads\/2022\/07\/6bdb969b5cc4fe5474f1e232b634259d_14535643490_1929729966.jpg\" alt=\"Bolsa de almacenamiento\" width=\"600\" height=\"600\" \/><\/p>","protected":false},"excerpt":{"rendered":"<p><strong>Tipo<\/strong>:  Bolsa de almacenamiento de accesorios digitales<\/p>\n<p><strong>N\u00famero de art\u00edculo:<\/strong> SY002<\/p>\n<p><strong>Tama\u00f1o del art\u00edculo<\/strong>: 17*11*2cm<\/p>\n<p><strong>Colores<\/strong>: Gris\/ rosa\/ azul\/ amarillo\/ otro<\/p>\n<p><strong>Material: <\/strong>Poli\u00e9ster 300D + forro 70D<\/p>\n<p>&nbsp;<\/p>\n<p>&nbsp;<\/p>\n<p>\u00a1Hable con nosotros para personalizarlo! Algunos casos: 1) impresi\u00f3n de seda - puede imprimir patrones y palabras en diferentes colores con buenos detalles; 2) impresi\u00f3n de etiquetas de cuero - buena textura y efecto tridimensional; 3) material de cuero + logotipo en relieve:4) logotipo de impresi\u00f3n de seda + etiqueta de cuero en relieve; 5) aspecto y material personalizados; 6) material interior y color personalizados; 7) impresi\u00f3n digital...<\/p>","protected":false},"featured_media":8943,"comment_status":"open","ping_status":"closed","template":"","meta":{"_acf_changed":false},"product_brand":[],"product_cat":[32],"product_tag":[89,93],"class_list":{"0":"post-8925","1":"product","2":"type-product","3":"status-publish","4":"has-post-thumbnail","6":"product_cat-digital-bag","7":"product_tag-multi-function","8":"product_tag-storage","10":"first","11":"instock","12":"shipping-taxable","13":"product-type-simple","14":"swiper-slide"},"acf":[],"_links":{"self":[{"href":"https:\/\/www.sellersunionagent.com\/es\/wp-json\/wp\/v2\/product\/8925","targetHints":{"allow":["GET"]}}],"collection":[{"href":"https:\/\/www.sellersunionagent.com\/es\/wp-json\/wp\/v2\/product"}],"about":[{"href":"https:\/\/www.sellersunionagent.com\/es\/wp-json\/wp\/v2\/types\/product"}],"replies":[{"embeddable":true,"href":"https:\/\/www.sellersunionagent.com\/es\/wp-json\/wp\/v2\/comments?post=8925"}],"wp:featuredmedia":[{"embeddable":true,"href":"https:\/\/www.sellersunionagent.com\/es\/wp-json\/wp\/v2\/media\/8943"}],"wp:attachment":[{"href":"https:\/\/www.sellersunionagent.com\/es\/wp-json\/wp\/v2\/media?parent=8925"}],"wp:term":[{"taxonomy":"product_brand","embeddable":true,"href":"https:\/\/www.sellersunionagent.com\/es\/wp-json\/wp\/v2\/product_brand?post=8925"},{"taxonomy":"product_cat","embeddable":true,"href":"https:\/\/www.sellersunionagent.com\/es\/wp-json\/wp\/v2\/product_cat?post=8925"},{"taxonomy":"product_tag","embeddable":true,"href":"https:\/\/www.sellersunionagent.com\/es\/wp-json\/wp\/v2\/product_tag?post=8925"}],"curies":[{"name":"wp","href":"https:\/\/api.w.org\/{rel}","templated":true}]}}