{"id":8889,"date":"2022-07-07T16:37:37","date_gmt":"2022-07-07T08:37:37","guid":{"rendered":"https:\/\/sellersunionagent.com\/?post_type=product&#038;p=8889"},"modified":"2022-07-21T17:03:32","modified_gmt":"2022-07-21T09:03:32","slug":"mayorista-organizador-electronico-multifuncion-bolsa-de-almacenamiento-digital-para-viajes","status":"publish","type":"product","link":"https:\/\/www.sellersunionagent.com\/es\/wholesale-multifunction-electronic-organizer-digital-storage-bag-for-travel\/","title":{"rendered":"Mayorista Organizador Electr\u00f3nico Multifunci\u00f3n Bolsa De Almacenamiento Digital Para Viajes"},"content":{"rendered":"<h2 id=\"title\" class=\"a-size-large a-spacing-none\"><span id=\"productTitle\" class=\"a-size-large product-title-word-break\">Organizador Electr\u00f3nico, Bolsa Organizadora de Cables de Viaje Peque\u00f1a Bolsa de Accesorios Electr\u00f3nicos Port\u00e1til Todo en Uno Funda de Almacenamiento Multifunci\u00f3n para Cable, Cord\u00f3n, Cargador, Disco Duro, Auricular, USB, Tarjeta SD<\/span><\/h2>\n<p>&nbsp;<\/p>\n<p>&nbsp;<\/p>\n<ul>\n<li>Port\u00e1til y pr\u00e1ctico: Dimensiones 24*12*8CM, tama\u00f1o compacto y ligero hacen que sea f\u00e1cil de llevar y poner en su bolso mientras que perfectamente organizar y almacenar sus gadgets de tecnolog\u00eda como cables, cables, cargador de MacBook, auriculares, unidades USB y tarjetas SD.<\/li>\n<\/ul>\n<p>&nbsp;<\/p>\n<p>&nbsp;<\/p>\n<ul>\n<li>M\u00faltiples aplicaciones: Perfecto para viajes, viajes de negocios y llevar todos los d\u00edas o simplemente organizaci\u00f3n \u00fatil para el hogar y la oficina. Ag\u00e1rralo y estar\u00e1s en camino con tus accesorios electr\u00f3nicos bien organizados.<\/li>\n<\/ul>\n<p>&nbsp;<\/p>\n<p>&nbsp;<\/p>\n<ul>\n<li>Calidad superior: Fabricado con poli\u00e9ster duradero.<\/li>\n<\/ul>\n<p><img fetchpriority=\"high\" decoding=\"async\" class=\"aligncenter wp-image-8891\" src=\"https:\/\/www.sellersunionagent.com\/wp-content\/uploads\/2022\/07\/multifunction-electronic-organizer-4.jpg\" alt=\"Fabricaci\u00f3n en China\" width=\"500\" height=\"500\" \/><\/p>\n<p><img decoding=\"async\" class=\"aligncenter wp-image-8892\" src=\"https:\/\/www.sellersunionagent.com\/wp-content\/uploads\/2022\/07\/multifunction-electronic-organizer-3.jpg\" alt=\"Fabricaci\u00f3n en China\" width=\"500\" height=\"500\" \/><\/p>\n<p><img decoding=\"async\" class=\"aligncenter wp-image-8893\" src=\"https:\/\/www.sellersunionagent.com\/wp-content\/uploads\/2022\/07\/multifunction-electronic-organizer-2.jpg\" alt=\"Fabricaci\u00f3n en China\" width=\"500\" height=\"500\" \/><\/p>\n<p><img loading=\"lazy\" decoding=\"async\" class=\"aligncenter wp-image-8894\" src=\"https:\/\/www.sellersunionagent.com\/wp-content\/uploads\/2022\/07\/multifunction-electronic-organizer-1.jpg\" alt=\"Fabricaci\u00f3n en China\" width=\"500\" height=\"500\" \/><\/p>\n<p><img loading=\"lazy\" decoding=\"async\" class=\"aligncenter wp-image-8895\" src=\"https:\/\/www.sellersunionagent.com\/wp-content\/uploads\/2022\/07\/multifunction-electronic-organizer.jpg\" alt=\"Fabricaci\u00f3n en China\" width=\"500\" height=\"500\" \/><\/p>\n<p>&nbsp;<\/p>","protected":false},"excerpt":{"rendered":"<p><strong>Tipo<\/strong>:  Bolsa de almacenamiento de accesorios digitales<\/p>\n<p><strong>N\u00famero de art\u00edculo:<\/strong> SY007<\/p>\n<p><strong>Tama\u00f1o del art\u00edculo<\/strong>: 24*12*8cm<\/p>\n<p><strong>Peso del art\u00edculo<\/strong>: 120g<\/p>\n<p><strong>MOQ:<\/strong>1000PCS<\/p>\n<p><strong>Material: <\/strong>poli\u00e9ster<\/p>","protected":false},"featured_media":8891,"comment_status":"open","ping_status":"closed","template":"","meta":{"_acf_changed":false},"product_brand":[],"product_cat":[32],"product_tag":[88,80,50],"class_list":{"0":"post-8889","1":"product","2":"type-product","3":"status-publish","4":"has-post-thumbnail","6":"product_cat-digital-bag","7":"product_tag-digital-accessories-storage-bag","8":"product_tag-hot-sales","9":"product_tag-wholesale","11":"first","12":"instock","13":"shipping-taxable","14":"product-type-simple","15":"swiper-slide"},"acf":[],"_links":{"self":[{"href":"https:\/\/www.sellersunionagent.com\/es\/wp-json\/wp\/v2\/product\/8889","targetHints":{"allow":["GET"]}}],"collection":[{"href":"https:\/\/www.sellersunionagent.com\/es\/wp-json\/wp\/v2\/product"}],"about":[{"href":"https:\/\/www.sellersunionagent.com\/es\/wp-json\/wp\/v2\/types\/product"}],"replies":[{"embeddable":true,"href":"https:\/\/www.sellersunionagent.com\/es\/wp-json\/wp\/v2\/comments?post=8889"}],"wp:featuredmedia":[{"embeddable":true,"href":"https:\/\/www.sellersunionagent.com\/es\/wp-json\/wp\/v2\/media\/8891"}],"wp:attachment":[{"href":"https:\/\/www.sellersunionagent.com\/es\/wp-json\/wp\/v2\/media?parent=8889"}],"wp:term":[{"taxonomy":"product_brand","embeddable":true,"href":"https:\/\/www.sellersunionagent.com\/es\/wp-json\/wp\/v2\/product_brand?post=8889"},{"taxonomy":"product_cat","embeddable":true,"href":"https:\/\/www.sellersunionagent.com\/es\/wp-json\/wp\/v2\/product_cat?post=8889"},{"taxonomy":"product_tag","embeddable":true,"href":"https:\/\/www.sellersunionagent.com\/es\/wp-json\/wp\/v2\/product_tag?post=8889"}],"curies":[{"name":"wp","href":"https:\/\/api.w.org\/{rel}","templated":true}]}}