{"id":8869,"date":"2022-07-07T16:26:01","date_gmt":"2022-07-07T08:26:01","guid":{"rendered":"https:\/\/sellersunionagent.com\/?post_type=product&#038;p=8869"},"modified":"2022-10-06T15:33:06","modified_gmt":"2022-10-06T07:33:06","slug":"mayorista-bolsa-de-almacenamiento-portatil-accesorios-digitales-bolsa-de-almacenamiento-bolsa-organizadora-de-viaje","status":"publish","type":"product","link":"https:\/\/www.sellersunionagent.com\/es\/wholesale-portable-storage-bag-digital-accessories-storage-bag-travel-organizer-bag\/","title":{"rendered":"Mayorista Bolsa de Almacenamiento Port\u00e1til Accesorios Digitales Bolsa de Almacenamiento Bolsa Organizadora de Viaje"},"content":{"rendered":"<h2>Bolsa Digital , Bolsa Organizadora de Viaje, Funda para Accesorios Electr\u00f3nicos, Bolsa Port\u00e1til para Cargador, USB, Tarjeta SD, Tel\u00e9fono, Cables, Cargador Port\u00e1til<\/h2>\n<p>&nbsp;<\/p>\n<p>&nbsp;<\/p>\n<ul>\n<li>\u3010Material de calidad\u3011La bolsa organizadora de electr\u00f3nica gruesa cuenta con tejido de poli\u00e9ster duradero, cremallera de alto grado para proteger los art\u00edculos de las lluvias, ara\u00f1azos, colisiones, polvo y ca\u00eddas accidentales.<\/li>\n<\/ul>\n<p>&nbsp;<\/p>\n<p>&nbsp;<\/p>\n<ul>\n<li>\u3010F\u00e1cil de llevar y resistente al agua\u3011El tama\u00f1o peque\u00f1o y el dise\u00f1o ligero le permite llevar el caso f\u00e1cilmente. Este caso organizador de la electr\u00f3nica tambi\u00e9n se adapta a su malet\u00edn, equipaje y mochila sin ocupar mucho espacio.<\/li>\n<\/ul>\n<p>&nbsp;<\/p>\n<p>&nbsp;<\/p>\n<ul>\n<li>\u3010Size\u301134*25.5*2.5cm, cabe f\u00e1cilmente en cualquier mochila o bolso. F\u00e1cil de llevar, gran compa\u00f1ero para su disco duro en el viaje o en la oficina.<\/li>\n<\/ul>\n<p><img fetchpriority=\"high\" decoding=\"async\" class=\"aligncenter wp-image-8876\" src=\"https:\/\/www.sellersunionagent.com\/wp-content\/uploads\/2022\/07\/digital-accessories-storage-bag-11.jpg\" alt=\"Fabricaci\u00f3n en China\" width=\"500\" height=\"575\" \/><\/p>\n<p><img decoding=\"async\" class=\"aligncenter wp-image-8878\" src=\"https:\/\/www.sellersunionagent.com\/wp-content\/uploads\/2022\/07\/digital-accessories-storage-bag-9.jpg\" alt=\"Fabricaci\u00f3n en China\" width=\"500\" height=\"592\" \/><\/p>\n<p><img decoding=\"async\" class=\"aligncenter wp-image-8879\" src=\"https:\/\/www.sellersunionagent.com\/wp-content\/uploads\/2022\/07\/digital-accessories-storage-bag-8.jpg\" alt=\"Fabricaci\u00f3n en China\" width=\"500\" height=\"591\" \/><\/p>\n<p><img loading=\"lazy\" decoding=\"async\" class=\"aligncenter wp-image-8880\" src=\"https:\/\/www.sellersunionagent.com\/wp-content\/uploads\/2022\/07\/digital-accessories-storage-bag-7.jpg\" alt=\"Fabricaci\u00f3n en China\" width=\"500\" height=\"570\" \/><\/p>\n<p><img loading=\"lazy\" decoding=\"async\" class=\"aligncenter wp-image-8881\" src=\"https:\/\/www.sellersunionagent.com\/wp-content\/uploads\/2022\/07\/digital-accessories-storage-bag-6.jpg\" alt=\"Fabricaci\u00f3n en China\" width=\"500\" height=\"574\" \/><\/p>\n<p><img loading=\"lazy\" decoding=\"async\" class=\"aligncenter wp-image-8882\" src=\"https:\/\/www.sellersunionagent.com\/wp-content\/uploads\/2022\/07\/digital-accessories-storage-bag-5.jpg\" alt=\"Fabricaci\u00f3n en China\" width=\"500\" height=\"590\" \/><\/p>\n<p><img loading=\"lazy\" decoding=\"async\" class=\"aligncenter wp-image-8883\" src=\"https:\/\/www.sellersunionagent.com\/wp-content\/uploads\/2022\/07\/digital-accessories-storage-bag-4.jpg\" alt=\"Fabricaci\u00f3n en China\" width=\"500\" height=\"581\" \/><\/p>\n<p><img loading=\"lazy\" decoding=\"async\" class=\"aligncenter wp-image-8884\" src=\"https:\/\/www.sellersunionagent.com\/wp-content\/uploads\/2022\/07\/digital-accessories-storage-bag-3.jpg\" alt=\"Fabricaci\u00f3n en China\" width=\"500\" height=\"599\" \/><\/p>\n<p><img loading=\"lazy\" decoding=\"async\" class=\"aligncenter wp-image-8885\" src=\"https:\/\/www.sellersunionagent.com\/wp-content\/uploads\/2022\/07\/digital-accessories-storage-bag-2.jpg\" alt=\"Fabricaci\u00f3n en China\" width=\"500\" height=\"500\" \/><\/p>","protected":false},"excerpt":{"rendered":"<p><strong>Tipo<\/strong>:  Bolsa de almacenamiento de accesorios digitales<\/p>\n<p><strong>N\u00famero de art\u00edculo:<\/strong> SY005<\/p>\n<p><strong>Tama\u00f1o del art\u00edculo<\/strong>: 23*15*8cm<\/p>\n<p><strong>Peso del art\u00edculo<\/strong>: 330g<\/p>\n<p><strong>Material: <\/strong>poli\u00e9ster<\/p>","protected":false},"featured_media":10790,"comment_status":"open","ping_status":"closed","template":"","meta":{"_acf_changed":false},"product_brand":[],"product_cat":[32],"product_tag":[87,88,94,60,90],"class_list":{"0":"post-8869","1":"product","2":"type-product","3":"status-publish","4":"has-post-thumbnail","6":"product_cat-digital-bag","7":"product_tag-bulk-wholesale","8":"product_tag-digital-accessories-storage-bag","9":"product_tag-organizer","10":"product_tag-portable","11":"product_tag-storage-bag","13":"first","14":"instock","15":"shipping-taxable","16":"product-type-simple","17":"swiper-slide"},"acf":[],"_links":{"self":[{"href":"https:\/\/www.sellersunionagent.com\/es\/wp-json\/wp\/v2\/product\/8869","targetHints":{"allow":["GET"]}}],"collection":[{"href":"https:\/\/www.sellersunionagent.com\/es\/wp-json\/wp\/v2\/product"}],"about":[{"href":"https:\/\/www.sellersunionagent.com\/es\/wp-json\/wp\/v2\/types\/product"}],"replies":[{"embeddable":true,"href":"https:\/\/www.sellersunionagent.com\/es\/wp-json\/wp\/v2\/comments?post=8869"}],"wp:featuredmedia":[{"embeddable":true,"href":"https:\/\/www.sellersunionagent.com\/es\/wp-json\/wp\/v2\/media\/10790"}],"wp:attachment":[{"href":"https:\/\/www.sellersunionagent.com\/es\/wp-json\/wp\/v2\/media?parent=8869"}],"wp:term":[{"taxonomy":"product_brand","embeddable":true,"href":"https:\/\/www.sellersunionagent.com\/es\/wp-json\/wp\/v2\/product_brand?post=8869"},{"taxonomy":"product_cat","embeddable":true,"href":"https:\/\/www.sellersunionagent.com\/es\/wp-json\/wp\/v2\/product_cat?post=8869"},{"taxonomy":"product_tag","embeddable":true,"href":"https:\/\/www.sellersunionagent.com\/es\/wp-json\/wp\/v2\/product_tag?post=8869"}],"curies":[{"name":"wp","href":"https:\/\/api.w.org\/{rel}","templated":true}]}}