{"id":8850,"date":"2022-07-07T16:06:57","date_gmt":"2022-07-07T08:06:57","guid":{"rendered":"https:\/\/sellersunionagent.com\/?post_type=product&#038;p=8850"},"modified":"2026-01-06T14:29:05","modified_gmt":"2026-01-06T06:29:05","slug":"mayorista-accesorios-digitales-bolsa-de-almacenamiento-organizador-electronico-bolsa-de-almacenamiento","status":"publish","type":"product","link":"https:\/\/www.sellersunionagent.com\/es\/wholesale-digital-accessories-storage-bag-electronic-organizer-storage-bag\/","title":{"rendered":"Mayorista Accesorios Digitales Bolsa de Almacenaje Organizador Electr\u00f3nico Bolsa de Almacenaje"},"content":{"rendered":"<h2>Accesorios Digitales Bolsa de Almacenamiento Organizador Electr\u00f3nico Accesorios Electr\u00f3nicos Estuches Cables Bolsa Organizadora Impermeable Bolsa de Almacenamiento de Cables de Viaje para Cargadores de Cables<\/h2>\n<p><strong>Tipo<\/strong>:  Bolsa de almacenamiento de accesorios digitales<\/p>\n<p><strong>N\u00famero de art\u00edculo:<\/strong> SY006<\/p>\n<p><strong>Tama\u00f1o del art\u00edculo<\/strong>: 23*15*8cm<\/p>\n<p><strong>Peso del art\u00edculo<\/strong>: 210g<\/p>\n<p><strong>Material:<\/strong>nylon<\/p>\n<p>&nbsp;<\/p>\n<p>&nbsp;<\/p>\n<ul>\n<li>Dise\u00f1o atractivo: tama\u00f1o, 23*15*8 cm. Estilo sencillo, f\u00e1cil de acceder y llevar. Dise\u00f1o especial para proteger mejor sus accesorios,costura y cremallera de alta calidad.<\/li>\n<\/ul>\n<p>&nbsp;<\/p>\n<p>&nbsp;<\/p>\n<ul>\n<li>Bolsa de almacenamiento de gran capacidad, el material impermeable y la placa inferior engrosada pueden proteger mejor los objetos de almacenamiento, asa c\u00f3moda, f\u00e1cil de llevar cuando se viaja.<\/li>\n<\/ul>\n<p>&nbsp;<\/p>\n<p>&nbsp;<\/p>\n<ul>\n<li>El exterior resistente al agua y a los golpes protege tus gadgets contra derrames, polvo y salpicaduras accidentales de agua. Las cubiertas acolchadas engrosadas tambi\u00e9n absorben golpes e impactos, protegen sus aparatos electr\u00f3nicos de colisiones, ara\u00f1azos y ca\u00eddas accidentales. Puede ofrecer una excelente protecci\u00f3n para sus art\u00edculos, proteger sus accesorios digitales de los da\u00f1os.<\/li>\n<\/ul>\n<p>&nbsp;<\/p>\n<p>&nbsp;<\/p>\n<ul>\n<li>Elegante sistema organizador de art\u00edculos electr\u00f3nicos para la oficina y los viajes. El asa pr\u00e1ctica y c\u00f3moda no s\u00f3lo garantiza la seguridad de sus art\u00edculos, sino que tambi\u00e9n proporciona comodidad para sus viajes. Mantenga sus accesorios electr\u00f3nicos bien organizados. Usted puede encontrar los accesorios r\u00e1pidamente, no persiguiendo cables en su paquete m\u00e1s. Un compa\u00f1ero considerado para el trabajo, viaje de negocios y el uso diario.<\/li>\n<\/ul>\n<p><img fetchpriority=\"high\" decoding=\"async\" class=\"aligncenter wp-image-8851\" src=\"https:\/\/www.sellersunionagent.com\/wp-content\/uploads\/2022\/07\/makeup-bags-supplier-15.jpg\" alt=\"Fabricaci\u00f3n en China\" width=\"500\" height=\"500\" \/><\/p>\n<p><img decoding=\"async\" class=\"aligncenter wp-image-8852\" src=\"https:\/\/www.sellersunionagent.com\/wp-content\/uploads\/2022\/07\/makeup-bags-supplier-14.jpg\" alt=\"Fabricaci\u00f3n en China\" width=\"500\" height=\"498\" \/><\/p>\n<p><img decoding=\"async\" class=\"aligncenter wp-image-8853\" src=\"https:\/\/www.sellersunionagent.com\/wp-content\/uploads\/2022\/07\/makeup-bags-supplier-13.jpg\" alt=\"Fabricaci\u00f3n en China\" width=\"500\" height=\"500\" srcset=\"https:\/\/www.sellersunionagent.com\/wp-content\/uploads\/2022\/07\/makeup-bags-supplier-13.jpg 750w, https:\/\/www.sellersunionagent.com\/wp-content\/uploads\/2022\/07\/makeup-bags-supplier-13-100x100.jpg 100w\" sizes=\"(max-width: 500px) 100vw, 500px\" \/><\/p>\n<p><img loading=\"lazy\" decoding=\"async\" class=\"aligncenter wp-image-8854\" src=\"https:\/\/www.sellersunionagent.com\/wp-content\/uploads\/2022\/07\/makeup-bags-supplier-12.jpg\" alt=\"Fabricaci\u00f3n en China\" width=\"500\" height=\"505\" \/><\/p>","protected":false},"excerpt":{"rendered":"<p><strong>MOQ<\/strong>:  100 piezas<br \/>\n<strong>Muestra gratuita<\/strong>:  Soporte<br \/>\n<strong>Personalizaci\u00f3n<\/strong>logo \/ color \/ materiales \/ embalaje, etc.<br \/>\n<strong>Descuento<\/strong>:  Primeros pedidos desde 10% de descuento.<br \/>\n<strong>Porcentaje de entregas a tiempo<\/strong>:\u00a0 100%<br \/>\n<strong>Env\u00edos totales<\/strong>:  10000 piezas<br \/>\n<strong>Env\u00edo<\/strong>: Apoyo Express-Carga mar\u00edtima-Carga terrestre<\/p>","protected":false},"featured_media":8855,"comment_status":"open","ping_status":"closed","template":"","meta":{"_acf_changed":false},"product_brand":[],"product_cat":[32],"product_tag":[88,59,75],"class_list":{"0":"post-8850","1":"product","2":"type-product","3":"status-publish","4":"has-post-thumbnail","6":"product_cat-digital-bag","7":"product_tag-digital-accessories-storage-bag","8":"product_tag-multifunctional","9":"product_tag-new-product","11":"first","12":"instock","13":"shipping-taxable","14":"purchasable","15":"product-type-simple","16":"swiper-slide"},"acf":[],"_links":{"self":[{"href":"https:\/\/www.sellersunionagent.com\/es\/wp-json\/wp\/v2\/product\/8850","targetHints":{"allow":["GET"]}}],"collection":[{"href":"https:\/\/www.sellersunionagent.com\/es\/wp-json\/wp\/v2\/product"}],"about":[{"href":"https:\/\/www.sellersunionagent.com\/es\/wp-json\/wp\/v2\/types\/product"}],"replies":[{"embeddable":true,"href":"https:\/\/www.sellersunionagent.com\/es\/wp-json\/wp\/v2\/comments?post=8850"}],"wp:featuredmedia":[{"embeddable":true,"href":"https:\/\/www.sellersunionagent.com\/es\/wp-json\/wp\/v2\/media\/8855"}],"wp:attachment":[{"href":"https:\/\/www.sellersunionagent.com\/es\/wp-json\/wp\/v2\/media?parent=8850"}],"wp:term":[{"taxonomy":"product_brand","embeddable":true,"href":"https:\/\/www.sellersunionagent.com\/es\/wp-json\/wp\/v2\/product_brand?post=8850"},{"taxonomy":"product_cat","embeddable":true,"href":"https:\/\/www.sellersunionagent.com\/es\/wp-json\/wp\/v2\/product_cat?post=8850"},{"taxonomy":"product_tag","embeddable":true,"href":"https:\/\/www.sellersunionagent.com\/es\/wp-json\/wp\/v2\/product_tag?post=8850"}],"curies":[{"name":"wp","href":"https:\/\/api.w.org\/{rel}","templated":true}]}}