{"id":8646,"date":"2022-07-04T10:38:24","date_gmt":"2022-07-04T02:38:24","guid":{"rendered":"https:\/\/sellersunionagent.com\/?post_type=product&#038;p=8646"},"modified":"2022-07-21T17:03:14","modified_gmt":"2022-07-21T09:03:14","slug":"exportador-de-fiambreras-de-marca-blanca","status":"publish","type":"product","link":"https:\/\/www.sellersunionagent.com\/es\/private-label-lunch-box-storage-exporter\/","title":{"rendered":"Exportador de fiambreras de marca blanca"},"content":{"rendered":"<h2>Exportador de fiambreras de marca blanca<\/h2>\n<p>&nbsp;<\/p>\n<p>&nbsp;<\/p>\n<p>mantener su comida fr\u00eda \/ caliente durante horas. Costura apretada sin desgarro, durable y resistente. Can Mantiene su comida caliente o fr\u00eda durante horas bien. La capa exterior de algod\u00f3n 100% proporciona comodidad a su piel.<\/p>\n<p>&nbsp;<\/p>\n<p>&nbsp;<\/p>\n<p>Este almuerzo bolsas para las mujeres pesa s\u00f3lo 300g, que es apenas perceptible a la celebraci\u00f3n mientras est\u00e1 vac\u00edo. Suficientemente grande para la comida de todo el d\u00eda. Con el tama\u00f1o de 23*15*24cm, nuestro bolso m\u00e1s fresco cabe sus comidas y bocados diarios para los cabritos y los adultos.<\/p>\n<p>&nbsp;<\/p>\n<p>&nbsp;<\/p>\n<p><a>: El interior es repelente al agua y la grasa, por lo que una simple limpieza con un pa\u00f1o h\u00famedo podr\u00eda limpiar f\u00e1cilmente la bolsa de almuerzo y no dejar olor. Esta bolsa se puede plegar a un tama\u00f1o de un cuaderno, lo que hace que sea conveniente ser almacenado.<\/p>\n<p>&nbsp;<\/p>\n<p>&nbsp;<\/p>\n<p><img fetchpriority=\"high\" decoding=\"async\" class=\"aligncenter wp-image-8717\" src=\"https:\/\/www.sellersunionagent.com\/wp-content\/uploads\/2022\/07\/private-label-lunch-box-storage-exporter-2.png\" alt=\"Marca blanca\" width=\"600\" height=\"569\" \/> <img decoding=\"async\" class=\"aligncenter wp-image-8718\" src=\"https:\/\/www.sellersunionagent.com\/wp-content\/uploads\/2022\/07\/private-label-lunch-box-storage-exporter-1.png\" alt=\"Marca blanca\" width=\"600\" height=\"638\" \/> <img decoding=\"async\" class=\"aligncenter wp-image-8719\" src=\"https:\/\/www.sellersunionagent.com\/wp-content\/uploads\/2022\/07\/private-label-lunch-box-storage-exporter.png\" alt=\"Marca blanca\" width=\"600\" height=\"602\" \/><img loading=\"lazy\" decoding=\"async\" class=\"aligncenter wp-image-8648\" src=\"https:\/\/www.sellersunionagent.com\/wp-content\/uploads\/2022\/07\/private-label-lunch-box-storage-exporter-2.jpg\" alt=\"Marca blanca\" width=\"600\" height=\"600\" \/><img loading=\"lazy\" decoding=\"async\" class=\"aligncenter wp-image-8715\" src=\"https:\/\/www.sellersunionagent.com\/wp-content\/uploads\/2022\/07\/private-label-lunch-box-storage-exporter-4.png\" alt=\"Marca blanca\" width=\"600\" height=\"544\" \/><\/p>","protected":false},"excerpt":{"rendered":"<p>Tipo: Bolsa de almuerzo<\/p>\n<p>N\u00ba de art\u00edculo: JBWD353<\/p>\n<p>Size&amp;Weight: 23*15*24cm\uff080.15kg)<\/p>\n<p>OEM\/ODM: Aceptado<\/p>\n<p>&nbsp;<\/p>","protected":false},"featured_media":8849,"comment_status":"open","ping_status":"closed","template":"","meta":{"_acf_changed":false},"product_brand":[],"product_cat":[28],"product_tag":[41,93],"class_list":{"0":"post-8646","1":"product","2":"type-product","3":"status-publish","4":"has-post-thumbnail","6":"product_cat-lunch-bag","7":"product_tag-lunch-bag","8":"product_tag-storage","10":"first","11":"instock","12":"shipping-taxable","13":"product-type-simple","14":"swiper-slide"},"acf":[],"_links":{"self":[{"href":"https:\/\/www.sellersunionagent.com\/es\/wp-json\/wp\/v2\/product\/8646","targetHints":{"allow":["GET"]}}],"collection":[{"href":"https:\/\/www.sellersunionagent.com\/es\/wp-json\/wp\/v2\/product"}],"about":[{"href":"https:\/\/www.sellersunionagent.com\/es\/wp-json\/wp\/v2\/types\/product"}],"replies":[{"embeddable":true,"href":"https:\/\/www.sellersunionagent.com\/es\/wp-json\/wp\/v2\/comments?post=8646"}],"wp:featuredmedia":[{"embeddable":true,"href":"https:\/\/www.sellersunionagent.com\/es\/wp-json\/wp\/v2\/media\/8849"}],"wp:attachment":[{"href":"https:\/\/www.sellersunionagent.com\/es\/wp-json\/wp\/v2\/media?parent=8646"}],"wp:term":[{"taxonomy":"product_brand","embeddable":true,"href":"https:\/\/www.sellersunionagent.com\/es\/wp-json\/wp\/v2\/product_brand?post=8646"},{"taxonomy":"product_cat","embeddable":true,"href":"https:\/\/www.sellersunionagent.com\/es\/wp-json\/wp\/v2\/product_cat?post=8646"},{"taxonomy":"product_tag","embeddable":true,"href":"https:\/\/www.sellersunionagent.com\/es\/wp-json\/wp\/v2\/product_tag?post=8646"}],"curies":[{"name":"wp","href":"https:\/\/api.w.org\/{rel}","templated":true}]}}