{"id":8641,"date":"2022-07-04T10:24:12","date_gmt":"2022-07-04T02:24:12","guid":{"rendered":"https:\/\/sellersunionagent.com\/?post_type=product&#038;p=8641"},"modified":"2026-01-06T14:29:06","modified_gmt":"2026-01-06T06:29:06","slug":"importacion-nuevo-diseno-fiambrera-almacenaje-alimentos-exportador","status":"publish","type":"product","link":"https:\/\/www.sellersunionagent.com\/es\/importing-new-design-lunch-box-storage-food-exporter\/","title":{"rendered":"Importar Nuevo Dise\u00f1o Lunch Box Almacenamiento Exportador de Alimentos"},"content":{"rendered":"<h2>Importar Nuevo Dise\u00f1o Lunch Box Almacenamiento Exportador de Alimentos<\/h2>\n<p>&nbsp;<\/p>\n<p>&nbsp;<\/p>\n<p>El tama\u00f1o de esta bolsa de almuerzo es de 22*11*26cm que parece una peque\u00f1a bolsa de almuerzo para mujeres\/hombres, pero puede contener almuerzo para 1 a 2 personas, el interior es lo suficientemente espacioso para colocar f\u00e1cilmente sus bebidas de almuerzo s\u00e1ndwiches con frutas o verduras.<\/p>\n<p>&nbsp;<\/p>\n<p>&nbsp;<\/p>\n<p>Esta bolsa de almuerzo reutilizable tiene un dise\u00f1o sencillo y a la moda. La bolsa es duradera y es muy adecuada para mujeres y estudiantes. La correa de asa de cuero es el estilo de nuestra marca y puede reducir la presi\u00f3n en las manos.<\/p>\n<p>&nbsp;<\/p>\n<p>&nbsp;<\/p>\n<p>La correa del asa de nuestra bolsa de almuerzo es lo suficientemente larga, por lo que cuando sus manos est\u00e1n cansadas, puede poner f\u00e1cilmente la bolsa de almuerzo en su antebrazo. Hay un bolsillo para cuchillos y tenedores o tel\u00e9fonos m\u00f3viles en el interior, y un bolsillo de almacenamiento abierto en el exterior, que tambi\u00e9n se puede utilizar para guardar vajilla, servilletas, llaves, tarjetas y otros objetos peque\u00f1os.<\/p>\n<p>&nbsp;<\/p>\n<p>&nbsp;<\/p>\n<p>Tipo: Bolsa de almuerzo<\/p>\n<p>N\u00ba de art\u00edculo: JBWD315<\/p>\n<p>Tama\u00f1o&amp;Peso: 22*11*26cm\uff08180G\uff09<\/p>\n<p>OEM\/ODM: Aceptado<\/p>\n<p><img fetchpriority=\"high\" decoding=\"async\" class=\"aligncenter wp-image-8713\" src=\"https:\/\/www.sellersunionagent.com\/wp-content\/uploads\/2022\/07\/lmport-new-design-lunch-box.png\" alt=\"\" width=\"600\" height=\"656\" \/> <img decoding=\"async\" class=\"aligncenter wp-image-8711\" src=\"https:\/\/www.sellersunionagent.com\/wp-content\/uploads\/2022\/07\/lmport-new-design-lunch-box-2.png\" alt=\"\" width=\"600\" height=\"464\" \/> <img decoding=\"async\" class=\"aligncenter wp-image-8644\" src=\"https:\/\/www.sellersunionagent.com\/wp-content\/uploads\/2022\/07\/lmport-new-design-lunch-box-storage-1.jpg\" alt=\"Importar\" width=\"600\" height=\"600\" \/><img loading=\"lazy\" decoding=\"async\" class=\"aligncenter wp-image-8643\" src=\"https:\/\/www.sellersunionagent.com\/wp-content\/uploads\/2022\/07\/lmport-new-design-lunch-box-storage-2.jpg\" alt=\"Importar\" width=\"600\" height=\"600\" \/> <img loading=\"lazy\" decoding=\"async\" class=\"aligncenter wp-image-8642\" src=\"https:\/\/www.sellersunionagent.com\/wp-content\/uploads\/2022\/07\/lmport-new-design-lunch-box-storage-3.jpg\" alt=\"Importar\" width=\"600\" height=\"600\" \/> <img loading=\"lazy\" decoding=\"async\" class=\"aligncenter wp-image-8645\" src=\"https:\/\/www.sellersunionagent.com\/wp-content\/uploads\/2022\/07\/lmport-new-design-lunch-box-storage.jpg\" alt=\"Importar\" width=\"600\" height=\"600\" \/><\/p>","protected":false},"excerpt":{"rendered":"<p><strong>MOQ<\/strong>: 500 o Flexible<\/p>\n<p><strong>Muestra gratuita<\/strong>: Soporte<\/p>\n<p><strong>Personalizaci\u00f3n<\/strong>: logotipo\/color\/materiales\/embalaje<\/p>\n<p><strong>Descuento<\/strong>: 10% de descuento en su primer pedido<\/p>\n<p><strong>Porcentaje de entregas a tiempo<\/strong>: 100%<\/p>\n<p><strong>Env\u00edos totales<\/strong>: 108876 PCS<\/p>\n<p><strong>Env\u00edo<\/strong>: Apoyo Expr\u00e9s\/Mercanc\u00eda Mar\u00edtima\/Mercanc\u00eda Terrestre<\/p>\n<p>&nbsp;<\/p>","protected":false},"featured_media":8645,"comment_status":"open","ping_status":"closed","template":"","meta":{"_acf_changed":false},"product_brand":[],"product_cat":[28],"product_tag":[41,93],"class_list":{"0":"post-8641","1":"product","2":"type-product","3":"status-publish","4":"has-post-thumbnail","6":"product_cat-lunch-bag","7":"product_tag-lunch-bag","8":"product_tag-storage","10":"first","11":"instock","12":"shipping-taxable","13":"purchasable","14":"product-type-simple","15":"swiper-slide"},"acf":[],"_links":{"self":[{"href":"https:\/\/www.sellersunionagent.com\/es\/wp-json\/wp\/v2\/product\/8641","targetHints":{"allow":["GET"]}}],"collection":[{"href":"https:\/\/www.sellersunionagent.com\/es\/wp-json\/wp\/v2\/product"}],"about":[{"href":"https:\/\/www.sellersunionagent.com\/es\/wp-json\/wp\/v2\/types\/product"}],"replies":[{"embeddable":true,"href":"https:\/\/www.sellersunionagent.com\/es\/wp-json\/wp\/v2\/comments?post=8641"}],"wp:featuredmedia":[{"embeddable":true,"href":"https:\/\/www.sellersunionagent.com\/es\/wp-json\/wp\/v2\/media\/8645"}],"wp:attachment":[{"href":"https:\/\/www.sellersunionagent.com\/es\/wp-json\/wp\/v2\/media?parent=8641"}],"wp:term":[{"taxonomy":"product_brand","embeddable":true,"href":"https:\/\/www.sellersunionagent.com\/es\/wp-json\/wp\/v2\/product_brand?post=8641"},{"taxonomy":"product_cat","embeddable":true,"href":"https:\/\/www.sellersunionagent.com\/es\/wp-json\/wp\/v2\/product_cat?post=8641"},{"taxonomy":"product_tag","embeddable":true,"href":"https:\/\/www.sellersunionagent.com\/es\/wp-json\/wp\/v2\/product_tag?post=8641"}],"curies":[{"name":"wp","href":"https:\/\/api.w.org\/{rel}","templated":true}]}}