{"id":8635,"date":"2022-07-04T09:41:53","date_gmt":"2022-07-04T01:41:53","guid":{"rendered":"https:\/\/sellersunionagent.com\/?post_type=product&#038;p=8635"},"modified":"2026-01-06T14:29:06","modified_gmt":"2026-01-06T06:29:06","slug":"bolsa-de-almuerzo-para-mujeres-hombres-ninos-para-la-escuela-o-de-viaje-oem-y-odm","status":"publish","type":"product","link":"https:\/\/www.sellersunionagent.com\/es\/lunch-bag-for-women-men-kids-for-school-or-travel-oem-and-odm\/","title":{"rendered":"Bolsa de almuerzo para mujeres hombres ni\u00f1os para la escuela o de viaje OEM y ODM"},"content":{"rendered":"<h2>Bolsa de almuerzo para mujeres hombres ni\u00f1os para la escuela o de viaje OEM y ODM<\/h2>\n<p>&nbsp;<\/p>\n<p>&nbsp;<\/p>\n<p>Esta bolsa de almuerzo se ha fabricado con materiales de alta calidad para que pueda mantener la comida caliente\/fr\u00eda. El forro de papel de aluminio es un material aislante, seguro y respetuoso con el medio ambiente. La fiambrera proporciona una larga durabilidad en las actividades diarias y es f\u00e1cil de limpiar.<\/p>\n<p>&nbsp;<\/p>\n<p>&nbsp;<\/p>\n<p>Le ofrecemos 5 capacidades diferentes para que elija la que m\u00e1s le convenga. Los detalles se muestran a continuaci\u00f3n:<\/p>\n<p>Art\u00edculo A: L25*W16*H28cm(220G)<\/p>\n<p>Art\u00edculo B: L25*W15*H19cm(142G)<\/p>\n<p>Art\u00edculo C: L17*W17*H13.5cm(110G)<\/p>\n<p>Art\u00edculo D: L18*H22cm(158G)<\/p>\n<p>Art\u00edculo E: L22*W20*H16cm(174G)<\/p>\n<p>&nbsp;<\/p>\n<p>La compacta y bonita fiambrera peque\u00f1a puede ser un bolso de mano para mujeres, hombres, adultos, ni\u00f1os y ni\u00f1as, y es una opci\u00f3n de regalo ideal para el trabajo, la universidad y las actividades al aire libre.<\/p>\n<p>&nbsp;<\/p>\n<p>&nbsp;<\/p>\n<p>Tipo: Bolsa de almuerzo<\/p>\n<p>N\u00ba de art\u00edculo: JBWD308<\/p>\n<p>Tama\u00f1o y peso:<\/p>\n<p>Art\u00edculo A: L25*W16*H28cm(220G)<\/p>\n<p>Art\u00edculo B: L25*W15*H19cm(142G)<\/p>\n<p>Art\u00edculo C: L17*W17*H13.5cm(110G)<\/p>\n<p>Art\u00edculo D: L18*H22cm(158G)<\/p>\n<p>Art\u00edculo E: L22*W20*H16cm(174G)<\/p>\n<p>OEM\/ODM: Aceptado<\/p>\n<p><img fetchpriority=\"high\" decoding=\"async\" class=\"aligncenter wp-image-8720\" src=\"https:\/\/www.sellersunionagent.com\/wp-content\/uploads\/2022\/07\/lunch-bag-for-women-3.jpg\" alt=\"OEM\/ODM\" width=\"600\" height=\"600\" \/> <img decoding=\"async\" class=\"aligncenter wp-image-8721\" src=\"https:\/\/www.sellersunionagent.com\/wp-content\/uploads\/2022\/07\/lunch-bag-for-women-2.jpg\" alt=\"OEM\/ODM\" width=\"600\" height=\"600\" \/> <img decoding=\"async\" class=\"aligncenter wp-image-8722\" src=\"https:\/\/www.sellersunionagent.com\/wp-content\/uploads\/2022\/07\/lunch-bag-for-women-1.jpg\" alt=\"OEM\/ODM\" width=\"600\" height=\"600\" \/> <img loading=\"lazy\" decoding=\"async\" class=\"aligncenter wp-image-8723\" src=\"https:\/\/www.sellersunionagent.com\/wp-content\/uploads\/2022\/07\/lunch-bag-for-women.jpg\" alt=\"OEM\/ODM\" width=\"600\" height=\"600\" \/><img loading=\"lazy\" decoding=\"async\" class=\"aligncenter wp-image-8637\" src=\"https:\/\/www.sellersunionagent.com\/wp-content\/uploads\/2022\/07\/lunch-bag-for-women-men-3.jpg\" alt=\"OEM\/ODM\" width=\"600\" height=\"600\" \/><\/p>","protected":false},"excerpt":{"rendered":"<p><strong>MOQ<\/strong>: 500 o Flexible<\/p>\n<p><strong>Muestra gratuita<\/strong>: Soporte<\/p>\n<p><strong>Personalizaci\u00f3n<\/strong>: logotipo\/color\/materiales\/embalaje<\/p>\n<p><strong>Descuento<\/strong>: 10% de descuento en su primer pedido<\/p>\n<p><strong>Porcentaje de entregas a tiempo<\/strong>: 100%<\/p>\n<p><strong>Env\u00edos totales<\/strong>: 106467 PCS<\/p>\n<p><strong>Env\u00edo<\/strong>: Apoyo Expr\u00e9s\/Mercanc\u00eda Mar\u00edtima\/Mercanc\u00eda Terrestre<\/p>","protected":false},"featured_media":8639,"comment_status":"open","ping_status":"closed","template":"","meta":{"_acf_changed":false},"product_brand":[],"product_cat":[28],"product_tag":[41,167,93],"class_list":{"0":"post-8635","1":"product","2":"type-product","3":"status-publish","4":"has-post-thumbnail","6":"product_cat-lunch-bag","7":"product_tag-lunch-bag","8":"product_tag-odm-oem","9":"product_tag-storage","11":"first","12":"instock","13":"shipping-taxable","14":"purchasable","15":"product-type-simple","16":"swiper-slide"},"acf":[],"_links":{"self":[{"href":"https:\/\/www.sellersunionagent.com\/es\/wp-json\/wp\/v2\/product\/8635","targetHints":{"allow":["GET"]}}],"collection":[{"href":"https:\/\/www.sellersunionagent.com\/es\/wp-json\/wp\/v2\/product"}],"about":[{"href":"https:\/\/www.sellersunionagent.com\/es\/wp-json\/wp\/v2\/types\/product"}],"replies":[{"embeddable":true,"href":"https:\/\/www.sellersunionagent.com\/es\/wp-json\/wp\/v2\/comments?post=8635"}],"wp:featuredmedia":[{"embeddable":true,"href":"https:\/\/www.sellersunionagent.com\/es\/wp-json\/wp\/v2\/media\/8639"}],"wp:attachment":[{"href":"https:\/\/www.sellersunionagent.com\/es\/wp-json\/wp\/v2\/media?parent=8635"}],"wp:term":[{"taxonomy":"product_brand","embeddable":true,"href":"https:\/\/www.sellersunionagent.com\/es\/wp-json\/wp\/v2\/product_brand?post=8635"},{"taxonomy":"product_cat","embeddable":true,"href":"https:\/\/www.sellersunionagent.com\/es\/wp-json\/wp\/v2\/product_cat?post=8635"},{"taxonomy":"product_tag","embeddable":true,"href":"https:\/\/www.sellersunionagent.com\/es\/wp-json\/wp\/v2\/product_tag?post=8635"}],"curies":[{"name":"wp","href":"https:\/\/api.w.org\/{rel}","templated":true}]}}