{"id":8629,"date":"2022-07-04T09:07:22","date_gmt":"2022-07-04T01:07:22","guid":{"rendered":"https:\/\/sellersunionagent.com\/?post_type=product&#038;p=8629"},"modified":"2022-07-11T09:38:14","modified_gmt":"2022-07-11T01:38:14","slug":"lun-personalizado","status":"publish","type":"product","link":"https:\/\/www.sellersunionagent.com\/es\/customized-lun\/","title":{"rendered":"Nuevo dise\u00f1o de moda personalizada bolsa de almuerzo de f\u00e1bricas de China"},"content":{"rendered":"<h2>Nuevo dise\u00f1o de moda personalizada bolsa de almuerzo de f\u00e1bricas de China<\/h2>\n<p>&nbsp;<\/p>\n<p>&nbsp;<\/p>\n<p>El peso total de cada bolsa de almuerzo es de s\u00f3lo 180 g. Expandir o plegar seg\u00fan los requisitos de tama\u00f1o, ahorrar su espacio. Tambi\u00e9n esto es resistente a la abrasi\u00f3n y resistente al agua para que pueda limpiar muy f\u00e1cil.<\/p>\n<p>&nbsp;<\/p>\n<p>&nbsp;<\/p>\n<p>Puede usarlo como un paquete de hielo , bolsas de almuerzo, bolsas de art\u00edculos diversos o bolsas de compras, paquetes de bocadillos para viajes largos, bolsas de conveniencia para nuestros consumidores.<\/p>\n<p>&nbsp;<\/p>\n<p>&nbsp;<\/p>\n<p>El tama\u00f1o de esta bolsa de almuerzo es de 27*24*17cm, que es una bolsa de almuerzo ligera y c\u00e1lida con gran capacidad. Hay suficiente espacio para acomodar todos los platos que desea almacenamiento, tales como alimentos enlatados, fruta, botellas de agua y aperitivos. Esta bolsa de almuerzo puede contener alimentos para todo el d\u00eda que usted necesita.<\/p>\n<p>&nbsp;<\/p>\n<p>&nbsp;<\/p>\n<p><img fetchpriority=\"high\" decoding=\"async\" class=\"aligncenter wp-image-8729\" src=\"https:\/\/www.sellersunionagent.com\/wp-content\/uploads\/2022\/07\/new-fashion-design-customized-lunch-bag.png\" alt=\"F\u00e1bricas de China\" width=\"600\" height=\"571\" \/><img decoding=\"async\" class=\"aligncenter wp-image-8728\" src=\"https:\/\/www.sellersunionagent.com\/wp-content\/uploads\/2022\/07\/new-fashion-design-customized-lunch-bag-1.png\" alt=\"F\u00e1bricas de China\" width=\"600\" height=\"600\" \/> <img decoding=\"async\" class=\"aligncenter wp-image-8727\" src=\"https:\/\/www.sellersunionagent.com\/wp-content\/uploads\/2022\/07\/new-fashion-design-customized-lunch-bag-2.png\" alt=\"F\u00e1bricas de China\" width=\"600\" height=\"603\" \/><img loading=\"lazy\" decoding=\"async\" class=\"aligncenter wp-image-8633\" src=\"https:\/\/www.sellersunionagent.com\/wp-content\/uploads\/2022\/07\/new-fashion-design-customized-lunch-bag-1.jpg\" alt=\"\" width=\"600\" height=\"600\" \/><\/p>","protected":false},"excerpt":{"rendered":"<p>Tipo: Bolsa de almuerzo<\/p>\n<p>N\u00ba de art\u00edculo: JBWD359<\/p>\n<p>Tama\u00f1o&amp;Peso: 27*24*17cm&amp;180g;<\/p>\n<p>OEM\/ODM: Aceptado<\/p>","protected":false},"featured_media":8848,"comment_status":"open","ping_status":"closed","template":"","meta":{"_acf_changed":false},"product_brand":[],"product_cat":[28],"product_tag":[165,166,41,163,92,93],"class_list":{"0":"post-8629","1":"product","2":"type-product","3":"status-publish","4":"has-post-thumbnail","6":"product_cat-lunch-bag","7":"product_tag-export","8":"product_tag-import","9":"product_tag-lunch-bag","10":"product_tag-meal","11":"product_tag-retail","12":"product_tag-storage","14":"first","15":"instock","16":"shipping-taxable","17":"product-type-simple","18":"swiper-slide"},"acf":[],"_links":{"self":[{"href":"https:\/\/www.sellersunionagent.com\/es\/wp-json\/wp\/v2\/product\/8629","targetHints":{"allow":["GET"]}}],"collection":[{"href":"https:\/\/www.sellersunionagent.com\/es\/wp-json\/wp\/v2\/product"}],"about":[{"href":"https:\/\/www.sellersunionagent.com\/es\/wp-json\/wp\/v2\/types\/product"}],"replies":[{"embeddable":true,"href":"https:\/\/www.sellersunionagent.com\/es\/wp-json\/wp\/v2\/comments?post=8629"}],"wp:featuredmedia":[{"embeddable":true,"href":"https:\/\/www.sellersunionagent.com\/es\/wp-json\/wp\/v2\/media\/8848"}],"wp:attachment":[{"href":"https:\/\/www.sellersunionagent.com\/es\/wp-json\/wp\/v2\/media?parent=8629"}],"wp:term":[{"taxonomy":"product_brand","embeddable":true,"href":"https:\/\/www.sellersunionagent.com\/es\/wp-json\/wp\/v2\/product_brand?post=8629"},{"taxonomy":"product_cat","embeddable":true,"href":"https:\/\/www.sellersunionagent.com\/es\/wp-json\/wp\/v2\/product_cat?post=8629"},{"taxonomy":"product_tag","embeddable":true,"href":"https:\/\/www.sellersunionagent.com\/es\/wp-json\/wp\/v2\/product_tag?post=8629"}],"curies":[{"name":"wp","href":"https:\/\/api.w.org\/{rel}","templated":true}]}}