{"id":8618,"date":"2022-07-03T16:39:02","date_gmt":"2022-07-03T08:39:02","guid":{"rendered":"https:\/\/sellersunionagent.com\/?post_type=product&#038;p=8618"},"modified":"2022-07-03T16:39:02","modified_gmt":"2022-07-03T08:39:02","slug":"organizador-del-respaldo-del-asiento-del-coche-bolsa-de-almacenamiento-multifuncional","status":"publish","type":"product","link":"https:\/\/www.sellersunionagent.com\/es\/car-seat-back-organizer-multifunctional-storage-bag\/","title":{"rendered":"Organizador para el respaldo del asiento del coche Bolsa de almacenamiento multifuncional"},"content":{"rendered":"<h2>Organizador para el respaldo del asiento del coche Bolsa de almacenamiento multifuncional<\/h2>\n<p>CONVENIENTE DISE\u00d1O PARA COLGAR: El organizador se cuelga sobre el asiento y no ocupa espacio en el suelo del maletero como un organizador de cajas. Ayuda a mantener un valioso espacio libre en el suelo para art\u00edculos m\u00e1s grandes como maletas y cochecito. La bolsa es plegable, dise\u00f1ado con un asa acolchada y una correa de hombro desmontable, la bolsa de almacenamiento no s\u00f3lo en el coche, sino tambi\u00e9n al aire libre camping.<\/p>\n<p>&nbsp;<\/p>\n<p>GRAN ESPACIO DE ALMACENAMIENTO: Dimensiones 27*11*25cm, el gran tama\u00f1o proporciona un gran espacio de almacenamiento.<\/p>\n<p>&nbsp;<\/p>\n<p>TEJIDO DURADERO: Se utiliza poli\u00e9ster de primera calidad, con costuras reforzadas que proporcionan suficiente resistencia y durabilidad.<\/p>\n<p><img fetchpriority=\"high\" decoding=\"async\" class=\"aligncenter wp-image-8628\" src=\"https:\/\/www.sellersunionagent.com\/wp-content\/uploads\/2022\/07\/car-seat-back-organizer.jpg\" alt=\"Bolsa de almacenamiento multifuncional\" width=\"600\" height=\"497\" \/> <img decoding=\"async\" class=\"aligncenter wp-image-8627\" src=\"https:\/\/www.sellersunionagent.com\/wp-content\/uploads\/2022\/07\/car-seat-back-organizer-1.jpg\" alt=\"Bolsa de almacenamiento multifuncional\" width=\"600\" height=\"600\" \/> <img decoding=\"async\" class=\"aligncenter wp-image-8626\" src=\"https:\/\/www.sellersunionagent.com\/wp-content\/uploads\/2022\/07\/car-seat-back-organizer-2.jpg\" alt=\"Bolsa de almacenamiento multifuncional\" width=\"600\" height=\"600\" \/> <img loading=\"lazy\" decoding=\"async\" class=\"aligncenter wp-image-8624\" src=\"https:\/\/www.sellersunionagent.com\/wp-content\/uploads\/2022\/07\/car-seat-back-organizer-3.jpg\" alt=\"Bolsa de almacenamiento multifuncional\" width=\"600\" height=\"600\" \/> \u00a0<img loading=\"lazy\" decoding=\"async\" class=\"aligncenter wp-image-8622\" src=\"https:\/\/www.sellersunionagent.com\/wp-content\/uploads\/2022\/07\/car-seat-back-organizer-5.png\" alt=\"Bolsa de almacenamiento multifuncional\" width=\"600\" height=\"578\" \/> <img loading=\"lazy\" decoding=\"async\" class=\"aligncenter wp-image-8621\" src=\"https:\/\/www.sellersunionagent.com\/wp-content\/uploads\/2022\/07\/car-seat-back-organizer-6.jpg\" alt=\"Bolsa de almacenamiento multifuncional\" width=\"600\" height=\"600\" \/> <img loading=\"lazy\" decoding=\"async\" class=\"aligncenter wp-image-8620\" src=\"https:\/\/www.sellersunionagent.com\/wp-content\/uploads\/2022\/07\/car-seat-back-organizer-7.png\" alt=\"Bolsa de almacenamiento multifuncional\" width=\"600\" height=\"600\" \/><\/p>","protected":false},"excerpt":{"rendered":"<p><strong>Tipo<\/strong>: Bolsa de almacenamiento multifuncional\/bolsa de almuerzo<\/p>\n<p><strong>N\u00famero de art\u00edculo:<\/strong> JBWN377<\/p>\n<p><strong>Tama\u00f1o del art\u00edculo<\/strong>: 27*11*25cm<\/p>\n<p><strong>Colores<\/strong>: Gris\/ negro\/ verde\/ rojo\/ azul oscuro<\/p>\n<p><strong>Material:<\/strong>\u00a0poli\u00e9ster<span class=\"\">\u00a0+<\/span>\u00a0papel de aluminio<\/p>\n<p>Como proveedor mayorista con m\u00e1s de 20 a\u00f1os de experiencia, nos comprometemos a ofrecerle productos de almacenamiento de alta calidad a precios competitivos. Exportamos productos de moda, de alta calidad, multifuncionales y a buen precio, apoyamos la personalizaci\u00f3n OEM y ODM, y le ofrecemos un servicio profesional integral.<\/p>","protected":false},"featured_media":8619,"comment_status":"open","ping_status":"closed","template":"","meta":{"_acf_changed":false},"product_brand":[],"product_cat":[28],"product_tag":[59,162],"class_list":{"0":"post-8618","1":"product","2":"type-product","3":"status-publish","4":"has-post-thumbnail","6":"product_cat-lunch-bag","7":"product_tag-multifunctional","8":"product_tag-with-large-pockets","10":"first","11":"instock","12":"shipping-taxable","13":"product-type-simple","14":"swiper-slide"},"acf":[],"_links":{"self":[{"href":"https:\/\/www.sellersunionagent.com\/es\/wp-json\/wp\/v2\/product\/8618","targetHints":{"allow":["GET"]}}],"collection":[{"href":"https:\/\/www.sellersunionagent.com\/es\/wp-json\/wp\/v2\/product"}],"about":[{"href":"https:\/\/www.sellersunionagent.com\/es\/wp-json\/wp\/v2\/types\/product"}],"replies":[{"embeddable":true,"href":"https:\/\/www.sellersunionagent.com\/es\/wp-json\/wp\/v2\/comments?post=8618"}],"wp:featuredmedia":[{"embeddable":true,"href":"https:\/\/www.sellersunionagent.com\/es\/wp-json\/wp\/v2\/media\/8619"}],"wp:attachment":[{"href":"https:\/\/www.sellersunionagent.com\/es\/wp-json\/wp\/v2\/media?parent=8618"}],"wp:term":[{"taxonomy":"product_brand","embeddable":true,"href":"https:\/\/www.sellersunionagent.com\/es\/wp-json\/wp\/v2\/product_brand?post=8618"},{"taxonomy":"product_cat","embeddable":true,"href":"https:\/\/www.sellersunionagent.com\/es\/wp-json\/wp\/v2\/product_cat?post=8618"},{"taxonomy":"product_tag","embeddable":true,"href":"https:\/\/www.sellersunionagent.com\/es\/wp-json\/wp\/v2\/product_tag?post=8618"}],"curies":[{"name":"wp","href":"https:\/\/api.w.org\/{rel}","templated":true}]}}