{"id":8606,"date":"2022-07-03T16:20:26","date_gmt":"2022-07-03T08:20:26","guid":{"rendered":"https:\/\/sellersunionagent.com\/?post_type=product&#038;p=8606"},"modified":"2026-01-06T14:29:07","modified_gmt":"2026-01-06T06:29:07","slug":"venta-caliente-de-dibujos-animados-mujeres-bolsa-aislante-almuerzo","status":"publish","type":"product","link":"https:\/\/www.sellersunionagent.com\/es\/hot-selling-cartoon-women-insulated-lunch-bag\/","title":{"rendered":"Hot Selling Bolsa isot\u00e9rmica de dibujos animados para mujeres"},"content":{"rendered":"<h2>Hot Selling Bolsa isot\u00e9rmica de dibujos animados para mujeres<\/h2>\n<p>&nbsp;<\/p>\n<p>Aspecto llamativo: Disponible en varios colores, y es ligero con un patr\u00f3n vivo.<\/p>\n<p>&nbsp;<\/p>\n<p>&nbsp;<\/p>\n<p>Mantenga los alimentos calientes y frescos: Este art\u00edculo proviene de f\u00e1bricas cooperativas estrictamente seleccionadas con nosotros. El forro interior es de papel de aluminio alimentario y est\u00e1 acolchado con espuma EPE de 5 mm para ofrecer una gran resistencia t\u00e9rmica y una f\u00e1cil limpieza. El forro aislante puede mantener los alimentos y bebidas calientes y frescos durante horas y evitar que el l\u00edquido se derrame fuera del recipiente. Tambi\u00e9n es ideal para mantener la temperatura de una bolsa de hielo o una bebida fr\u00eda en el coche o en el gimnasio.<\/p>\n<p>&nbsp;<\/p>\n<p>&nbsp;<\/p>\n<p>Gran capacidad: La bolsa tiene un tama\u00f1o conveniente para empacar su comida a la escuela, el trabajo y los viajes. Su capacidad es lo suficientemente amplia como para guardar perfectamente comidas, delicias, aperitivos y golosinas.<\/p>\n<p>&nbsp;<\/p>\n<p>&nbsp;<\/p>\n<p>F\u00e1cil de llevar: Nuestra bolsa de mano de almuerzo de moda tiene las asas duraderas y cremalleras lisas mejoradas que es muy f\u00e1cil de abrir y cerrar.<\/p>\n<p>&nbsp;<\/p>\n<p><strong>Tipo<\/strong>: Bolsa de almuerzo<\/p>\n<p><strong>N\u00famero de art\u00edculo:<\/strong> WN361-1<\/p>\n<p><strong>Tama\u00f1o del art\u00edculo<\/strong>: 18*14*18cm<\/p>\n<p><strong>Colores<\/strong>: Rosa\/ rojo\/ amarillo\/ gris\/ azul cielo\/ negro<\/p>\n<p><strong>Material: <\/strong><span style=\"font-family: -apple-system, BlinkMacSystemFont, 'Segoe UI', Roboto, 'Helvetica Neue', Arial, 'Noto Sans', sans-serif, 'Apple Color Emoji', 'Segoe UI Emoji', 'Segoe UI Symbol', 'Noto Color Emoji'; font-size: 1rem;\">Tejido cati\u00f3nico+<\/span><span style=\"font-family: -apple-system, BlinkMacSystemFont, 'Segoe UI', Roboto, 'Helvetica Neue', Arial, 'Noto Sans', sans-serif, 'Apple Color Emoji', 'Segoe UI Emoji', 'Segoe UI Symbol', 'Noto Color Emoji'; font-size: 1rem;\">algod\u00f3n perla +peva<\/span><\/p>\n<p><img fetchpriority=\"high\" decoding=\"async\" class=\"aligncenter wp-image-8612\" src=\"https:\/\/www.sellersunionagent.com\/wp-content\/uploads\/2022\/07\/cartoon-women-insulated-lunch-bag-1.jpg\" alt=\"Venta en caliente\" width=\"600\" height=\"600\" \/><\/p>\n<p><img decoding=\"async\" class=\"aligncenter wp-image-8608\" src=\"https:\/\/www.sellersunionagent.com\/wp-content\/uploads\/2022\/07\/cartoon-women-insulated-lunch-bag-5.png\" alt=\"Venta en caliente\" width=\"600\" height=\"600\" \/><\/p>\n<p><img decoding=\"async\" class=\"aligncenter wp-image-8609\" src=\"https:\/\/www.sellersunionagent.com\/wp-content\/uploads\/2022\/07\/cartoon-women-insulated-lunch-bag-4.jpg\" alt=\"Venta en caliente\" width=\"600\" height=\"600\" \/><\/p>\n<p><img loading=\"lazy\" decoding=\"async\" class=\"aligncenter wp-image-8610\" src=\"https:\/\/www.sellersunionagent.com\/wp-content\/uploads\/2022\/07\/cartoon-women-insulated-lunch-bag-3.jpg\" alt=\"Venta en caliente\" width=\"600\" height=\"600\" \/><\/p>\n<p><img loading=\"lazy\" decoding=\"async\" class=\"aligncenter wp-image-8607\" src=\"https:\/\/www.sellersunionagent.com\/wp-content\/uploads\/2022\/07\/cartoon-women-insulated-lunch-bag-6.png\" alt=\"Venta en caliente\" width=\"600\" height=\"600\" \/> <img loading=\"lazy\" decoding=\"async\" class=\"aligncenter wp-image-8617\" src=\"https:\/\/www.sellersunionagent.com\/wp-content\/uploads\/2022\/07\/cartoon-women-insulated-lunch-bag-11.jpg\" alt=\"Venta en caliente\" width=\"600\" height=\"600\" \/><\/p>","protected":false},"excerpt":{"rendered":"<p><strong>MOQ<\/strong>: 500 o Flexible<\/p>\n<p><strong>Muestra gratuita<\/strong>: Soporte<\/p>\n<p><strong>Personalizaci\u00f3n<\/strong>: logotipo\/color\/materiales\/embalaje<\/p>\n<p><strong>Descuento<\/strong>: 10% de descuento en su primer pedido<\/p>\n<p><strong>Porcentaje de entregas a tiempo<\/strong>: 100%<\/p>\n<p><strong>Env\u00edos totales<\/strong>: 106876 PCS<\/p>\n<p><strong>Env\u00edo<\/strong>: Apoyo Expr\u00e9s\/Mercanc\u00eda Mar\u00edtima\/Mercanc\u00eda Terrestre<\/p>\n<p>&nbsp;<\/p>\n<p>&nbsp;<\/p>\n<p>Como proveedor de bolsas de almuerzo de venta caliente en China, tenemos m\u00e1s de 20 a\u00f1os de experiencia, estamos comprometidos a ofrecerle productos de almacenamiento de alta calidad a precios competitivos. Exportamos productos de moda, de alta calidad y buen precio, apoyamos la personalizaci\u00f3n OEM y ODM, y le ofrecemos un servicio profesional de ventanilla \u00fanica.<\/p>","protected":false},"featured_media":8614,"comment_status":"open","ping_status":"closed","template":"","meta":{"_acf_changed":false},"product_brand":[],"product_cat":[28],"product_tag":[55,44,161],"class_list":{"0":"post-8606","1":"product","2":"type-product","3":"status-publish","4":"has-post-thumbnail","6":"product_cat-lunch-bag","7":"product_tag-easy-to-carry","8":"product_tag-hot-selling","9":"product_tag-keep-food-warm-and-fresh","11":"first","12":"instock","13":"shipping-taxable","14":"purchasable","15":"product-type-simple","16":"swiper-slide"},"acf":[],"_links":{"self":[{"href":"https:\/\/www.sellersunionagent.com\/es\/wp-json\/wp\/v2\/product\/8606","targetHints":{"allow":["GET"]}}],"collection":[{"href":"https:\/\/www.sellersunionagent.com\/es\/wp-json\/wp\/v2\/product"}],"about":[{"href":"https:\/\/www.sellersunionagent.com\/es\/wp-json\/wp\/v2\/types\/product"}],"replies":[{"embeddable":true,"href":"https:\/\/www.sellersunionagent.com\/es\/wp-json\/wp\/v2\/comments?post=8606"}],"wp:featuredmedia":[{"embeddable":true,"href":"https:\/\/www.sellersunionagent.com\/es\/wp-json\/wp\/v2\/media\/8614"}],"wp:attachment":[{"href":"https:\/\/www.sellersunionagent.com\/es\/wp-json\/wp\/v2\/media?parent=8606"}],"wp:term":[{"taxonomy":"product_brand","embeddable":true,"href":"https:\/\/www.sellersunionagent.com\/es\/wp-json\/wp\/v2\/product_brand?post=8606"},{"taxonomy":"product_cat","embeddable":true,"href":"https:\/\/www.sellersunionagent.com\/es\/wp-json\/wp\/v2\/product_cat?post=8606"},{"taxonomy":"product_tag","embeddable":true,"href":"https:\/\/www.sellersunionagent.com\/es\/wp-json\/wp\/v2\/product_tag?post=8606"}],"curies":[{"name":"wp","href":"https:\/\/api.w.org\/{rel}","templated":true}]}}