{"id":8597,"date":"2022-07-03T15:52:36","date_gmt":"2022-07-03T07:52:36","guid":{"rendered":"https:\/\/sellersunionagent.com\/?post_type=product&#038;p=8597"},"modified":"2022-07-03T15:52:36","modified_gmt":"2022-07-03T07:52:36","slug":"bolsa-isotermica-para-ninos-reutilizable-portatil-de-gran-capacidad","status":"publish","type":"product","link":"https:\/\/www.sellersunionagent.com\/es\/kids-insulated-lunch-bag-portable-reusable-large-capacity\/","title":{"rendered":"Bolsa de almuerzo isot\u00e9rmica para ni\u00f1os - Port\u00e1til, reutilizable y de gran capacidad"},"content":{"rendered":"<h2>Bolsa de almuerzo isot\u00e9rmica para ni\u00f1os - Port\u00e1til, reutilizable y de gran capacidad<\/h2>\n<p>Material seguro y f\u00e1cil de limpiar: Este art\u00edculo ha sido actualizado para utilizar polyster gruesa. El revestimiento de papel de aluminio es un material aislante seguro, que puede mantener los alimentos o bebidas frescas \/ fr\u00edo \/ caliente. Usted puede disfrutar de la comida perfecta degustaci\u00f3n donde quiera que est\u00e9s. Si sus bebidas se derraman en el interior, simplemente limpie con un pa\u00f1o h\u00famedo.<\/p>\n<p>&nbsp;<\/p>\n<p>Multifunci\u00f3n: Esta elegante bolsa de almuerzo con gran capacidad es de personalidad sencilla y moderna y se puede utilizar en m\u00faltiples aplicaciones que para alimentos, aperitivos, bebidas y bebidas. Se puede utilizar en el trabajo, en la playa, en la piscina, en un picnic, en el parque, incluso cuando visite a sus queridos amigos.<\/p>\n<p>&nbsp;<\/p>\n<p>Otros detalles: Cremallera bidireccional, dise\u00f1o de bolsillo delantero y acepta personalizaci\u00f3n del logotipo.<\/p>\n<p><img fetchpriority=\"high\" decoding=\"async\" class=\"aligncenter wp-image-8598\" src=\"https:\/\/www.sellersunionagent.com\/wp-content\/uploads\/2022\/07\/kids-insulated-lunch-bag-7.jpg\" alt=\"Bolsa aislante para el almuerzo\" width=\"600\" height=\"600\" \/><img decoding=\"async\" class=\"aligncenter wp-image-8600\" src=\"https:\/\/www.sellersunionagent.com\/wp-content\/uploads\/2022\/07\/kids-insulated-lunch-bag-5.jpg\" alt=\"Bolsa aislante para el almuerzo\" width=\"600\" height=\"600\" \/><img decoding=\"async\" class=\"aligncenter wp-image-8604\" src=\"https:\/\/www.sellersunionagent.com\/wp-content\/uploads\/2022\/07\/kids-insulated-lunch-bag-1.png\" alt=\"Bolsa aislante para el almuerzo\" width=\"600\" height=\"600\" \/> <img loading=\"lazy\" decoding=\"async\" class=\"aligncenter wp-image-8599\" src=\"https:\/\/www.sellersunionagent.com\/wp-content\/uploads\/2022\/07\/kids-insulated-lunch-bag-6.jpg\" alt=\"Bolsa aislante para el almuerzo\" width=\"600\" height=\"600\" \/> \u00a0<img loading=\"lazy\" decoding=\"async\" class=\"aligncenter wp-image-8601\" src=\"https:\/\/www.sellersunionagent.com\/wp-content\/uploads\/2022\/07\/kids-insulated-lunch-bag-4.jpg\" alt=\"Bolsa aislante para el almuerzo\" width=\"600\" height=\"600\" \/> <img loading=\"lazy\" decoding=\"async\" class=\"aligncenter wp-image-8602\" src=\"https:\/\/www.sellersunionagent.com\/wp-content\/uploads\/2022\/07\/kids-insulated-lunch-bag-3.png\" alt=\"Bolsa aislante para el almuerzo\" width=\"600\" height=\"600\" \/> <img loading=\"lazy\" decoding=\"async\" class=\"aligncenter wp-image-8603\" src=\"https:\/\/www.sellersunionagent.com\/wp-content\/uploads\/2022\/07\/kids-insulated-lunch-bag-2.png\" alt=\"Bolsa aislante para el almuerzo\" width=\"600\" height=\"600\" \/><\/p>","protected":false},"excerpt":{"rendered":"<p><strong>Tipo<\/strong>: Bolsa de almuerzo<\/p>\n<p><strong>N\u00famero de art\u00edculo:<\/strong> JBWN361<\/p>\n<p><strong>Tama\u00f1o del art\u00edculo<\/strong>: 19*14*18cm<\/p>\n<p><strong>Colores<\/strong>: Gris\/ azul\/ morado<\/p>\n<p><strong>Material:<\/strong> poli\u00e9ster<span class=\"\">\u00a0+<\/span>\u00a0papel de aluminio<\/p>\n<p>&nbsp;<\/p>\n<p>&nbsp;<\/p>\n<p>&nbsp;<\/p>\n<p>Como proveedor mayorista con m\u00e1s de 20 a\u00f1os de experiencia, nos comprometemos a ofrecerle productos de almacenamiento de alta calidad a precios competitivos. Exportamos productos de moda, de alta calidad y a buen precio, apoyamos la personalizaci\u00f3n OEM y ODM, y le ofrecemos un servicio profesional integral.<\/p>","protected":false},"featured_media":8605,"comment_status":"open","ping_status":"closed","template":"","meta":{"_acf_changed":false},"product_brand":[],"product_cat":[28],"product_tag":[48,60,160],"class_list":{"0":"post-8597","1":"product","2":"type-product","3":"status-publish","4":"has-post-thumbnail","6":"product_cat-lunch-bag","7":"product_tag-large-capacity","8":"product_tag-portable","9":"product_tag-reusable","11":"first","12":"instock","13":"shipping-taxable","14":"product-type-simple","15":"swiper-slide"},"acf":[],"_links":{"self":[{"href":"https:\/\/www.sellersunionagent.com\/es\/wp-json\/wp\/v2\/product\/8597","targetHints":{"allow":["GET"]}}],"collection":[{"href":"https:\/\/www.sellersunionagent.com\/es\/wp-json\/wp\/v2\/product"}],"about":[{"href":"https:\/\/www.sellersunionagent.com\/es\/wp-json\/wp\/v2\/types\/product"}],"replies":[{"embeddable":true,"href":"https:\/\/www.sellersunionagent.com\/es\/wp-json\/wp\/v2\/comments?post=8597"}],"wp:featuredmedia":[{"embeddable":true,"href":"https:\/\/www.sellersunionagent.com\/es\/wp-json\/wp\/v2\/media\/8605"}],"wp:attachment":[{"href":"https:\/\/www.sellersunionagent.com\/es\/wp-json\/wp\/v2\/media?parent=8597"}],"wp:term":[{"taxonomy":"product_brand","embeddable":true,"href":"https:\/\/www.sellersunionagent.com\/es\/wp-json\/wp\/v2\/product_brand?post=8597"},{"taxonomy":"product_cat","embeddable":true,"href":"https:\/\/www.sellersunionagent.com\/es\/wp-json\/wp\/v2\/product_cat?post=8597"},{"taxonomy":"product_tag","embeddable":true,"href":"https:\/\/www.sellersunionagent.com\/es\/wp-json\/wp\/v2\/product_tag?post=8597"}],"curies":[{"name":"wp","href":"https:\/\/api.w.org\/{rel}","templated":true}]}}