{"id":8586,"date":"2022-07-03T15:31:14","date_gmt":"2022-07-03T07:31:14","guid":{"rendered":"https:\/\/sellersunionagent.com\/?post_type=product&#038;p=8586"},"modified":"2022-07-03T15:31:15","modified_gmt":"2022-07-03T07:31:15","slug":"venta-al-por-mayor-de-moda-impreso-bolsa-de-almuerzo-de-aislamiento","status":"publish","type":"product","link":"https:\/\/www.sellersunionagent.com\/es\/wholesale-fashionable-printed-insulation-lunch-bag\/","title":{"rendered":"Mayorista Bolsa de almuerzo aislante con estampado de moda"},"content":{"rendered":"<h2>Mayorista Bolsa de almuerzo aislante con estampado de moda<\/h2>\n<p>Mantenga los alimentos calientes y frescos: Este art\u00edculo proviene de f\u00e1bricas cooperativas estrictamente seleccionadas con nosotros. El forro interior es de papel de aluminio alimentario y est\u00e1 acolchado con espuma EPE de 5 mm para ofrecer una gran resistencia t\u00e9rmica y una f\u00e1cil limpieza. El forro aislante puede mantener los alimentos y bebidas calientes y frescos durante horas y evitar que el l\u00edquido se derrame fuera del recipiente. Tambi\u00e9n es ideal para mantener la temperatura de una bolsa de hielo o una bebida fr\u00eda en el coche o en el gimnasio.<\/p>\n<p>&nbsp;<\/p>\n<p>Gran capacidad: La bolsa tiene un tama\u00f1o conveniente para empacar su comida a la escuela, el trabajo y los viajes. Su capacidad es de 9 litros, lo suficientemente grande para guardar 9 latas de Coca-Cola (330 ml), 8 botellas de cerveza o 3 cajas de comida con algunas frutas y aperitivos.<\/p>\n<p>&nbsp;<\/p>\n<p>Plegable y port\u00e1til: Dise\u00f1o muy abierto con cremalleras dobles para facilitar el acceso y esta fiambrera isot\u00e9rmica se puede transportar tan f\u00e1cilmente como un libro cuando est\u00e1 plegada. Aspecto cl\u00e1sico y sencillo con un asa acolchada y una correa para el hombro desmontable y ajustable que podr\u00e1s llevar de 2 modos: bandolera y bolso.<img fetchpriority=\"high\" decoding=\"async\" class=\"aligncenter wp-image-8587\" src=\"https:\/\/www.sellersunionagent.com\/wp-content\/uploads\/2022\/07\/fashionable-printed-insulation-lunch-bag-9.png\" alt=\"Venta al por mayor\" width=\"600\" height=\"600\" \/> <img decoding=\"async\" class=\"aligncenter wp-image-8588\" src=\"https:\/\/www.sellersunionagent.com\/wp-content\/uploads\/2022\/07\/fashionable-printed-insulation-lunch-bag-8.jpg\" alt=\"Venta al por mayor\" width=\"600\" height=\"600\" \/> \u00a0<img decoding=\"async\" class=\"aligncenter wp-image-8590\" src=\"https:\/\/www.sellersunionagent.com\/wp-content\/uploads\/2022\/07\/fashionable-printed-insulation-lunch-bag-6.jpg\" alt=\"Venta al por mayor\" width=\"600\" height=\"600\" \/> <img loading=\"lazy\" decoding=\"async\" class=\"aligncenter wp-image-8591\" src=\"https:\/\/www.sellersunionagent.com\/wp-content\/uploads\/2022\/07\/fashionable-printed-insulation-lunch-bag-5.jpg\" alt=\"Venta al por mayor\" width=\"600\" height=\"600\" \/> <img loading=\"lazy\" decoding=\"async\" class=\"aligncenter wp-image-8592\" src=\"https:\/\/www.sellersunionagent.com\/wp-content\/uploads\/2022\/07\/fashionable-printed-insulation-lunch-bag-4.jpg\" alt=\"Venta al por mayor\" width=\"600\" height=\"600\" \/> <img loading=\"lazy\" decoding=\"async\" class=\"aligncenter wp-image-8593\" src=\"https:\/\/www.sellersunionagent.com\/wp-content\/uploads\/2022\/07\/fashionable-printed-insulation-lunch-bag-3.png\" alt=\"Venta al por mayor\" width=\"600\" height=\"600\" \/> <img loading=\"lazy\" decoding=\"async\" class=\"aligncenter wp-image-8594\" src=\"https:\/\/www.sellersunionagent.com\/wp-content\/uploads\/2022\/07\/fashionable-printed-insulation-lunch-bag-2.png\" alt=\"Venta al por mayor\" width=\"600\" height=\"600\" \/> <img loading=\"lazy\" decoding=\"async\" class=\"aligncenter wp-image-8595\" src=\"https:\/\/www.sellersunionagent.com\/wp-content\/uploads\/2022\/07\/fashionable-printed-insulation-lunch-bag-1.png\" alt=\"Venta al por mayor\" width=\"600\" height=\"600\" \/> <img loading=\"lazy\" decoding=\"async\" class=\"aligncenter wp-image-8596\" src=\"https:\/\/www.sellersunionagent.com\/wp-content\/uploads\/2022\/07\/fashionable-printed-insulation-lunch-bag.png\" alt=\"Venta al por mayor\" width=\"600\" height=\"600\" \/><\/p>","protected":false},"excerpt":{"rendered":"<p><strong>Tipo<\/strong>: Bolsa de almuerzo<\/p>\n<p><strong>N\u00famero de art\u00edculo:<\/strong> JBWN358<\/p>\n<p><strong>Tama\u00f1o del art\u00edculo<\/strong>: 18*18*25cm<\/p>\n<p><strong>Colores<\/strong>: Cabina telef\u00f3nica \/ Flamenco \/ Oso \/ Bicicleta \/ Edificio de dibujos animados<\/p>\n<p><strong>Material:\u00a0<\/strong><span id=\"w_199\" class=\"\">Oxford\u00a0<\/span><span id=\"w_200\" class=\"\">tela\u00a0<\/span><\/p>\n<p>&nbsp;<\/p>\n<p>&nbsp;<\/p>\n<p>Como proveedor mayorista con m\u00e1s de 20 a\u00f1os de experiencia, nos comprometemos a ofrecerle productos de almacenamiento de alta calidad a precios competitivos. Exportamos productos de moda, de alta calidad y a buen precio, apoyamos la personalizaci\u00f3n OEM y ODM, y le ofrecemos un servicio profesional integral.<\/p>","protected":false},"featured_media":8589,"comment_status":"open","ping_status":"closed","template":"","meta":{"_acf_changed":false},"product_brand":[],"product_cat":[28],"product_tag":[159,50],"class_list":{"0":"post-8586","1":"product","2":"type-product","3":"status-publish","4":"has-post-thumbnail","6":"product_cat-lunch-bag","7":"product_tag-insulation-lunch-bag","8":"product_tag-wholesale","10":"first","11":"instock","12":"shipping-taxable","13":"product-type-simple","14":"swiper-slide"},"acf":[],"_links":{"self":[{"href":"https:\/\/www.sellersunionagent.com\/es\/wp-json\/wp\/v2\/product\/8586","targetHints":{"allow":["GET"]}}],"collection":[{"href":"https:\/\/www.sellersunionagent.com\/es\/wp-json\/wp\/v2\/product"}],"about":[{"href":"https:\/\/www.sellersunionagent.com\/es\/wp-json\/wp\/v2\/types\/product"}],"replies":[{"embeddable":true,"href":"https:\/\/www.sellersunionagent.com\/es\/wp-json\/wp\/v2\/comments?post=8586"}],"wp:featuredmedia":[{"embeddable":true,"href":"https:\/\/www.sellersunionagent.com\/es\/wp-json\/wp\/v2\/media\/8589"}],"wp:attachment":[{"href":"https:\/\/www.sellersunionagent.com\/es\/wp-json\/wp\/v2\/media?parent=8586"}],"wp:term":[{"taxonomy":"product_brand","embeddable":true,"href":"https:\/\/www.sellersunionagent.com\/es\/wp-json\/wp\/v2\/product_brand?post=8586"},{"taxonomy":"product_cat","embeddable":true,"href":"https:\/\/www.sellersunionagent.com\/es\/wp-json\/wp\/v2\/product_cat?post=8586"},{"taxonomy":"product_tag","embeddable":true,"href":"https:\/\/www.sellersunionagent.com\/es\/wp-json\/wp\/v2\/product_tag?post=8586"}],"curies":[{"name":"wp","href":"https:\/\/api.w.org\/{rel}","templated":true}]}}