{"id":8579,"date":"2022-07-03T15:11:18","date_gmt":"2022-07-03T07:11:18","guid":{"rendered":"https:\/\/sellersunionagent.com\/?post_type=product&#038;p=8579"},"modified":"2022-07-03T15:11:19","modified_gmt":"2022-07-03T07:11:19","slug":"neceser-de-maquillaje-de-viaje-personalizado-con-cremallera","status":"publish","type":"product","link":"https:\/\/www.sellersunionagent.com\/es\/personalized-travel-makeup-bag-with-zipper\/","title":{"rendered":"Neceser de maquillaje de viaje personalizado con cremallera"},"content":{"rendered":"<h2>Neceser de maquillaje de viaje personalizado con cremallera<\/h2>\n<p>Neceser de maquillaje personalizado: Se puede personalizar con el nombre u otro logotipo en un tipo de letra y color especiales, disponible en varios colores. P\u00f3ngase en contacto con nosotros para hacer su propio regalo.<\/p>\n<p>&nbsp;<\/p>\n<p>&nbsp;<\/p>\n<p>Tama\u00f1o adecuado: 15*20cm. Es f\u00e1cil de poner en sus bolsos, mochila, maleta, no s\u00f3lo ser pr\u00e1ctico para el almacenamiento de los cosm\u00e9ticos, sino tambi\u00e9n servir como una bolsa de todos los d\u00edas para mantener sus todas sus pertenencias, tales como auriculares, tel\u00e9fono m\u00f3vil, gafas de sol y llaves.<\/p>\n<p>&nbsp;<\/p>\n<p>&nbsp;<\/p>\n<p>Buen material: Nuestra bolsa de cosm\u00e9ticos est\u00e1 hecha de tela de algod\u00f3n fino con cremallera , material ecol\u00f3gico, de gran tama\u00f1o y resistente.<\/p>\n<p>&nbsp;<\/p>\n<p>&nbsp;<\/p>\n<p>Herramienta o regalo perfecto: El dise\u00f1o de moda de esta bolsa es adecuado para el uso diario. Adem\u00e1s, el elegante neceser de maquillaje personalizado es tambi\u00e9n un regalo perfecto para usted. El \u00e1mbito de uso del neceser personalizado es muy amplio. Puede usarlo en despedidas de soltera, bodas, compras, colegios, etc. No hay mejor idea de regalo para mujeres y ni\u00f1as. \u00a1Qu\u00e9 gran regalo para todos los d\u00edas especiales que es!<\/p>\n<p><img fetchpriority=\"high\" decoding=\"async\" class=\"aligncenter wp-image-8580\" src=\"https:\/\/www.sellersunionagent.com\/wp-content\/uploads\/2022\/07\/travel-makeup-bag-with-zipper-5.jpg\" alt=\"Personalizado\" width=\"600\" height=\"600\" \/><\/p>\n<p><img decoding=\"async\" class=\"aligncenter wp-image-8584\" src=\"https:\/\/www.sellersunionagent.com\/wp-content\/uploads\/2022\/07\/travel-makeup-bag-with-zipper-1.jpg\" alt=\"Personalizado\" width=\"600\" height=\"600\" \/><\/p>\n<p><img decoding=\"async\" class=\"aligncenter wp-image-8582\" src=\"https:\/\/www.sellersunionagent.com\/wp-content\/uploads\/2022\/07\/travel-makeup-bag-with-zipper-3.jpg\" alt=\"Personalizado\" width=\"600\" height=\"600\" \/> <img loading=\"lazy\" decoding=\"async\" class=\"aligncenter wp-image-8581\" src=\"https:\/\/www.sellersunionagent.com\/wp-content\/uploads\/2022\/07\/travel-makeup-bag-with-zipper-4.jpg\" alt=\"Personalizado\" width=\"601\" height=\"601\" \/><\/p>","protected":false},"excerpt":{"rendered":"<p><strong>Tipo<\/strong>:  Neceser de maquillaje<\/p>\n<p><strong>N\u00famero de art\u00edculo:<\/strong> YG005<\/p>\n<p><strong>Tama\u00f1o del art\u00edculo<\/strong>: 15*20cm<\/p>\n<p><strong>Colores<\/strong>: Blanco<\/p>\n<p><strong>Material:\u00a0<\/strong>poli\u00e9ster algod\u00f3n<\/p>\n<p>&nbsp;<\/p>\n<p>&nbsp;<\/p>\n<p>Como proveedor de art\u00edculos de almacenamiento de gran venta en China, contamos con m\u00e1s de 20 a\u00f1os de experiencia, nos comprometemos a ofrecerle productos de almacenamiento personalizados a precios competitivos. Exportamos mercanc\u00edas de moda, de alta calidad y buen precio, apoyamos la personalizaci\u00f3n OEM y ODM, y le ofrecemos un servicio profesional de ventanilla \u00fanica.<\/p>","protected":false},"featured_media":8585,"comment_status":"open","ping_status":"closed","template":"","meta":{"_acf_changed":false},"product_brand":[],"product_cat":[30],"product_tag":[43,158,125],"class_list":{"0":"post-8579","1":"product","2":"type-product","3":"status-publish","4":"has-post-thumbnail","6":"product_cat-makeup-bag","7":"product_tag-fashion","8":"product_tag-make-up-pouch","9":"product_tag-personalized","11":"first","12":"instock","13":"shipping-taxable","14":"product-type-simple","15":"swiper-slide"},"acf":[],"_links":{"self":[{"href":"https:\/\/www.sellersunionagent.com\/es\/wp-json\/wp\/v2\/product\/8579","targetHints":{"allow":["GET"]}}],"collection":[{"href":"https:\/\/www.sellersunionagent.com\/es\/wp-json\/wp\/v2\/product"}],"about":[{"href":"https:\/\/www.sellersunionagent.com\/es\/wp-json\/wp\/v2\/types\/product"}],"replies":[{"embeddable":true,"href":"https:\/\/www.sellersunionagent.com\/es\/wp-json\/wp\/v2\/comments?post=8579"}],"wp:featuredmedia":[{"embeddable":true,"href":"https:\/\/www.sellersunionagent.com\/es\/wp-json\/wp\/v2\/media\/8585"}],"wp:attachment":[{"href":"https:\/\/www.sellersunionagent.com\/es\/wp-json\/wp\/v2\/media?parent=8579"}],"wp:term":[{"taxonomy":"product_brand","embeddable":true,"href":"https:\/\/www.sellersunionagent.com\/es\/wp-json\/wp\/v2\/product_brand?post=8579"},{"taxonomy":"product_cat","embeddable":true,"href":"https:\/\/www.sellersunionagent.com\/es\/wp-json\/wp\/v2\/product_cat?post=8579"},{"taxonomy":"product_tag","embeddable":true,"href":"https:\/\/www.sellersunionagent.com\/es\/wp-json\/wp\/v2\/product_tag?post=8579"}],"curies":[{"name":"wp","href":"https:\/\/api.w.org\/{rel}","templated":true}]}}