{"id":8572,"date":"2022-07-03T14:52:42","date_gmt":"2022-07-03T06:52:42","guid":{"rendered":"https:\/\/sellersunionagent.com\/?post_type=product&#038;p=8572"},"modified":"2026-01-06T14:29:08","modified_gmt":"2026-01-06T06:29:08","slug":"bolsa-de-compras-de-lona-economica-personalizada-adecuada-para-publicidad-promocion-de-bricolaje-y-obsequios-promocionales","status":"publish","type":"product","link":"https:\/\/www.sellersunionagent.com\/es\/custom-economical-canvas-grocery-shopping-bag-suitable-for-advertising-diy-promotion-gift-giveaway\/","title":{"rendered":"Bolsa de la compra de lona econ\u00f3mica y personalizada adecuada para publicidad, bricolaje, promoci\u00f3n, regalo, obsequio"},"content":{"rendered":"<h2>Bolsa de la compra de lona econ\u00f3mica y personalizada adecuada para publicidad, bricolaje, promoci\u00f3n, regalo, obsequio<\/h2>\n<p><strong>Tipo<\/strong>: Bolsa de la compra<\/p>\n<p><strong>N\u00famero de art\u00edculo:<\/strong> YG003<\/p>\n<p><strong>Tama\u00f1o del art\u00edculo<\/strong>: 40 x 35 x 25 cm<\/p>\n<p><strong>Colores<\/strong>: Blanco<\/p>\n<p><strong>Material:\u00a0<\/strong>poli\u00e9ster algod\u00f3n<\/p>\n<p>&nbsp;<\/p>\n<p>&nbsp;<\/p>\n<ul>\n<li>Personalice cualquier estilo \/ color \/ dibujo<\/li>\n<li>Buena capacidad de carga, mango reforzado<\/li>\n<li>Tejido fino, buena textura<\/li>\n<li>Alta capacidad<\/li>\n<li><img fetchpriority=\"high\" decoding=\"async\" class=\"aligncenter wp-image-8573\" src=\"https:\/\/www.sellersunionagent.com\/wp-content\/uploads\/2022\/07\/9685799711_1235836658.jpg\" alt=\"A medida\" width=\"600\" height=\"600\" \/> <img decoding=\"async\" class=\"aligncenter wp-image-8574\" src=\"https:\/\/www.sellersunionagent.com\/wp-content\/uploads\/2022\/07\/custom-economical-canvas-grocery-shopping-bag-2.jpg\" alt=\"A medida\" width=\"600\" height=\"600\" \/> <img decoding=\"async\" class=\"aligncenter wp-image-8575\" src=\"https:\/\/www.sellersunionagent.com\/wp-content\/uploads\/2022\/07\/custom-economical-canvas-grocery-shopping-bag-1.jpg\" alt=\"A medida\" width=\"600\" height=\"600\" \/> <img loading=\"lazy\" decoding=\"async\" class=\"aligncenter wp-image-8577\" src=\"https:\/\/www.sellersunionagent.com\/wp-content\/uploads\/2022\/07\/custom-economical-canvas-grocery-shopping-bag.jpg\" alt=\"\" width=\"600\" height=\"600\" \/><\/li>\n<\/ul>","protected":false},"excerpt":{"rendered":"<p><strong>MOQ<\/strong>:  5000 piezas<br \/>\n<strong>Muestra gratuita<\/strong>:  Soporte<br \/>\n<strong>Personalizaci\u00f3n<\/strong>logo \/ color \/ materiales \/ embalaje, etc.<br \/>\n<strong>Descuento<\/strong>:  Primeros pedidos desde 10% de descuento.<br \/>\n<strong>Porcentaje de entregas a tiempo<\/strong>:\u00a0 100%<br \/>\n<strong>Env\u00edos totales<\/strong>:  10000 piezas<br \/>\n<strong>Env\u00edo<\/strong>: Apoyo Express-Carga mar\u00edtima-Carga terrestre<\/p>\n<p>&nbsp;<\/p>\n<p>&nbsp;<\/p>\n<p>Como proveedor de bolsas de almuerzo de venta caliente en China, tenemos m\u00e1s de 20 a\u00f1os de experiencia, estamos comprometidos a ofrecerle productos de almacenamiento de dise\u00f1o personalizado a precios competitivos. Exportamos mercanc\u00edas de moda, de alta calidad y buen precio, apoyamos la personalizaci\u00f3n OEM y ODM, y le ofrecemos un servicio profesional de ventanilla \u00fanica.<\/p>","protected":false},"featured_media":13780,"comment_status":"open","ping_status":"closed","template":"","meta":{"_acf_changed":false},"product_brand":[],"product_cat":[29],"product_tag":[121,156,157],"class_list":{"0":"post-8572","1":"product","2":"type-product","3":"status-publish","4":"has-post-thumbnail","6":"product_cat-shopping-bag","7":"product_tag-custom","8":"product_tag-economical","9":"product_tag-environmental-protection","11":"first","12":"instock","13":"shipping-taxable","14":"purchasable","15":"product-type-simple","16":"swiper-slide"},"acf":[],"_links":{"self":[{"href":"https:\/\/www.sellersunionagent.com\/es\/wp-json\/wp\/v2\/product\/8572","targetHints":{"allow":["GET"]}}],"collection":[{"href":"https:\/\/www.sellersunionagent.com\/es\/wp-json\/wp\/v2\/product"}],"about":[{"href":"https:\/\/www.sellersunionagent.com\/es\/wp-json\/wp\/v2\/types\/product"}],"replies":[{"embeddable":true,"href":"https:\/\/www.sellersunionagent.com\/es\/wp-json\/wp\/v2\/comments?post=8572"}],"wp:featuredmedia":[{"embeddable":true,"href":"https:\/\/www.sellersunionagent.com\/es\/wp-json\/wp\/v2\/media\/13780"}],"wp:attachment":[{"href":"https:\/\/www.sellersunionagent.com\/es\/wp-json\/wp\/v2\/media?parent=8572"}],"wp:term":[{"taxonomy":"product_brand","embeddable":true,"href":"https:\/\/www.sellersunionagent.com\/es\/wp-json\/wp\/v2\/product_brand?post=8572"},{"taxonomy":"product_cat","embeddable":true,"href":"https:\/\/www.sellersunionagent.com\/es\/wp-json\/wp\/v2\/product_cat?post=8572"},{"taxonomy":"product_tag","embeddable":true,"href":"https:\/\/www.sellersunionagent.com\/es\/wp-json\/wp\/v2\/product_tag?post=8572"}],"curies":[{"name":"wp","href":"https:\/\/api.w.org\/{rel}","templated":true}]}}