{"id":8559,"date":"2022-07-03T14:24:59","date_gmt":"2022-07-03T06:24:59","guid":{"rendered":"https:\/\/sellersunionagent.com\/?post_type=product&#038;p=8559"},"modified":"2022-08-31T14:06:52","modified_gmt":"2022-08-31T06:06:52","slug":"bolsa-de-la-compra-de-lona-personalizada","status":"publish","type":"product","link":"https:\/\/www.sellersunionagent.com\/es\/custom-canvas-tote-shopping-bag\/","title":{"rendered":"Bolsa de la compra Tote de lona personalizada"},"content":{"rendered":"<h2>Bolsa de la compra Tote de lona personalizada<\/h2>\n<ul>\n<li>Personalice cualquier estilo \/ color \/ dibujo<\/li>\n<li>Buena capacidad de carga, mango reforzado<\/li>\n<li>Tejido fino, buena textura<\/li>\n<li>Alta capacidad<\/li>\n<li><img fetchpriority=\"high\" decoding=\"async\" class=\"aligncenter wp-image-8563\" src=\"https:\/\/www.sellersunionagent.com\/wp-content\/uploads\/2022\/07\/custom-canvas-tote-shopping-bag-2.jpg\" alt=\"A medida \" width=\"600\" height=\"600\" \/><img decoding=\"async\" class=\"aligncenter wp-image-8561\" src=\"https:\/\/www.sellersunionagent.com\/wp-content\/uploads\/2022\/07\/custom-canvas-tote-shopping-bag-4.jpg\" alt=\"A medida \" width=\"600\" height=\"600\" \/><\/li>\n<li><img decoding=\"async\" class=\"aligncenter wp-image-8560\" src=\"https:\/\/www.sellersunionagent.com\/wp-content\/uploads\/2022\/07\/custom-canvas-tote-shopping-bag-5.jpg\" alt=\"A medida \" width=\"600\" height=\"600\" \/> <img loading=\"lazy\" decoding=\"async\" class=\"aligncenter wp-image-8562\" src=\"https:\/\/www.sellersunionagent.com\/wp-content\/uploads\/2022\/07\/custom-canvas-tote-shopping-bag-3.jpg\" alt=\"A medida \" width=\"600\" height=\"600\" \/><\/li>\n<\/ul>","protected":false},"excerpt":{"rendered":"<p><strong>Tipo<\/strong>: Bolsa de la compra<\/p>\n<p><strong>N\u00famero de art\u00edculo:<\/strong> YG002<\/p>\n<p><strong>Tama\u00f1o del art\u00edculo<\/strong>: 34.5*40*25cm<\/p>\n<p><strong>Colores<\/strong>: Blanco<\/p>\n<p><strong>Material: <\/strong>poli\u00e9ster algod\u00f3n<\/p>\n<p>&nbsp;<\/p>\n<p>&nbsp;<\/p>\n<p>Como proveedor de bolsas de almuerzo de venta caliente en China, tenemos m\u00e1s de 20 a\u00f1os de experiencia, estamos comprometidos a ofrecerle productos de almacenamiento de dise\u00f1o personalizado a precios competitivos. Exportamos mercanc\u00edas de moda, de alta calidad y buen precio, apoyamos la personalizaci\u00f3n OEM y ODM, y le ofrecemos un servicio profesional de ventanilla \u00fanica.<\/p>","protected":false},"featured_media":8565,"comment_status":"open","ping_status":"closed","template":"","meta":{"_acf_changed":false},"product_brand":[],"product_cat":[29],"product_tag":[121,153],"class_list":{"0":"post-8559","1":"product","2":"type-product","3":"status-publish","4":"has-post-thumbnail","6":"product_cat-shopping-bag","7":"product_tag-custom","8":"product_tag-tote","10":"first","11":"instock","12":"shipping-taxable","13":"product-type-simple","14":"swiper-slide"},"acf":[],"_links":{"self":[{"href":"https:\/\/www.sellersunionagent.com\/es\/wp-json\/wp\/v2\/product\/8559","targetHints":{"allow":["GET"]}}],"collection":[{"href":"https:\/\/www.sellersunionagent.com\/es\/wp-json\/wp\/v2\/product"}],"about":[{"href":"https:\/\/www.sellersunionagent.com\/es\/wp-json\/wp\/v2\/types\/product"}],"replies":[{"embeddable":true,"href":"https:\/\/www.sellersunionagent.com\/es\/wp-json\/wp\/v2\/comments?post=8559"}],"wp:featuredmedia":[{"embeddable":true,"href":"https:\/\/www.sellersunionagent.com\/es\/wp-json\/wp\/v2\/media\/8565"}],"wp:attachment":[{"href":"https:\/\/www.sellersunionagent.com\/es\/wp-json\/wp\/v2\/media?parent=8559"}],"wp:term":[{"taxonomy":"product_brand","embeddable":true,"href":"https:\/\/www.sellersunionagent.com\/es\/wp-json\/wp\/v2\/product_brand?post=8559"},{"taxonomy":"product_cat","embeddable":true,"href":"https:\/\/www.sellersunionagent.com\/es\/wp-json\/wp\/v2\/product_cat?post=8559"},{"taxonomy":"product_tag","embeddable":true,"href":"https:\/\/www.sellersunionagent.com\/es\/wp-json\/wp\/v2\/product_tag?post=8559"}],"curies":[{"name":"wp","href":"https:\/\/api.w.org\/{rel}","templated":true}]}}