{"id":8536,"date":"2022-07-02T15:02:10","date_gmt":"2022-07-02T07:02:10","guid":{"rendered":"https:\/\/sellersunionagent.com\/?post_type=product&#038;p=8536"},"modified":"2026-01-06T14:29:09","modified_gmt":"2026-01-06T06:29:09","slug":"mayorista-bolsa-de-almuerzo-para-el-trabajo-escuela-picnic-playa-con-asa-de-transporte","status":"publish","type":"product","link":"https:\/\/www.sellersunionagent.com\/es\/wholesale-lunch-bag-for-work-school-picnic-beach-with-carrying-handle\/","title":{"rendered":"Mayorista Bolsa T\u00e9rmica para Trabajo Escuela Picnic Playa con Asa de Transporte"},"content":{"rendered":"<h2 id=\"title\" class=\"a-size-large a-spacing-none\"><span id=\"productTitle\" class=\"a-size-large product-title-word-break\">Bolsa T\u00e9rmica para Mujeres Hombres Fiambrera Aislante Reutilizable para Trabajo Escuela Picnic Playa, Bolsa T\u00e9rmica Congelable con Asa de Transporte para Ni\u00f1os\/Adultos<\/span><\/h2>\n<p>&nbsp;<\/p>\n<p>&nbsp;<\/p>\n<ul>\n<li><strong>MATERIAL SEGURO Y DE PRIMERA CALIDAD:<\/strong> El exterior de la bolsa nevera est\u00e1 fabricado con tela oxford de alta densidad resistente al agua y a prueba de suciedad para mayor durabilidad y f\u00e1cil limpieza. \u00a1Nuestra bolsa de almuerzo es perfecta para comidas sobre la marcha, picnics, viajes por carretera, oficina, escuela, la playa y mucho m\u00e1s!<\/li>\n<\/ul>\n<p>&nbsp;<\/p>\n<p>&nbsp;<\/p>\n<ul>\n<li><strong>C\u00d3MODO Y PORT\u00c1TIL:<\/strong> Esta bolsa t\u00e9rmica reutilizable le ofrece m\u00e1s opciones de transporte. Su dise\u00f1o de amplia abertura permite llenar y llevar c\u00f3modamente la comida y el recipiente del almuerzo. Esta bolsa de almuerzo parece peque\u00f1a pero con gran capacidad, podr\u00eda caber perfectamente su lonchera, bocadillos, e incluso botella de batido de prote\u00ednas. Esta es la opini\u00f3n sincera de nuestros clientes.<\/li>\n<\/ul>\n<p>&nbsp;<\/p>\n<p>&nbsp;<\/p>\n<ul>\n<li><strong>BOLSA DE ALMUERZO PARA M\u00daLTIPLES USOS:<\/strong> Su dise\u00f1o moderno y ligero la convierten en un regalo ideal para usted y sus seres queridos como bolsa de almuerzo, bolsa nevera, bolsa de picnic, bolsa para ropa diversa o bolsa de la compra, adecuada para todos los grupos de edad. La bolsa nevera es lo suficientemente grande como para contener los elementos esenciales que personnal necesita para un picnic, mientras que no ser engorroso. Es ideal para mujeres y hombres en el trabajo o de camping, senderismo, barbacoa, etc.<\/li>\n<\/ul>\n<p>&nbsp;<\/p>\n<p>&nbsp;<\/p>\n<p><strong>Tipo<\/strong>: Bolsa t\u00e9rmica<\/p>\n<p><strong>N\u00famero de art\u00edculo:<\/strong> YUNJ1<\/p>\n<p><strong>Tama\u00f1o del art\u00edculo<\/strong>: 23*13*23.5cm<\/p>\n<p><strong>Material: <\/strong>Tejido Oxford<\/p>\n<p><strong>MOQ:<\/strong> 500 unidades<\/p>\n<p><img fetchpriority=\"high\" decoding=\"async\" class=\"aligncenter wp-image-8539\" src=\"https:\/\/www.sellersunionagent.com\/wp-content\/uploads\/2022\/07\/wholesale-thermal-bag-for-work-school-picnic-beach-1.jpg\" alt=\"Fabricante al por mayor de China\" width=\"600\" height=\"600\" \/><\/p>\n<p><img decoding=\"async\" class=\"aligncenter wp-image-8920\" src=\"https:\/\/www.sellersunionagent.com\/wp-content\/uploads\/2022\/07\/4e823fb4773a026827422aeb1b5e10c.png\" alt=\"Fabricaci\u00f3n en China\" width=\"600\" height=\"552\" \/>\u3001 <img decoding=\"async\" class=\"aligncenter wp-image-8921\" src=\"https:\/\/www.sellersunionagent.com\/wp-content\/uploads\/2022\/07\/6e50e6a9c1473b4ffb9b90b372bcd54.png\" alt=\"Fabricaci\u00f3n en China\" width=\"600\" height=\"553\" \/><\/p>\n<p><img loading=\"lazy\" decoding=\"async\" class=\"aligncenter wp-image-8922\" src=\"https:\/\/www.sellersunionagent.com\/wp-content\/uploads\/2022\/07\/c7b63bc26e7a35db5e354013a97feba.png\" alt=\"Fabricaci\u00f3n en China\" width=\"500\" height=\"500\" \/><\/p>","protected":false},"excerpt":{"rendered":"<p><strong>MOQ<\/strong>: 500 o Flexible<\/p>\n<p><strong>Muestra gratuita<\/strong>: Soporte<\/p>\n<p><strong>Personalizaci\u00f3n<\/strong>: logotipo\/color\/materiales\/embalaje<\/p>\n<p><strong>Descuento<\/strong>: 10% de descuento en su primer pedido<\/p>\n<p><strong>Porcentaje de entregas a tiempo<\/strong>: 100%<\/p>\n<p><strong>Env\u00edos totales<\/strong>: 106100PCS<\/p>\n<p><strong>Env\u00edo<\/strong>: Apoyo Expr\u00e9s\/Mercanc\u00eda Mar\u00edtima\/Mercanc\u00eda Terrestre<\/p>","protected":false},"featured_media":13782,"comment_status":"open","ping_status":"closed","template":"","meta":{"_acf_changed":false},"product_brand":[],"product_cat":[28],"product_tag":[48,41,99],"class_list":{"0":"post-8536","1":"product","2":"type-product","3":"status-publish","4":"has-post-thumbnail","6":"product_cat-lunch-bag","7":"product_tag-large-capacity","8":"product_tag-lunch-bag","9":"product_tag-wholesale-maker-from-china","11":"first","12":"instock","13":"shipping-taxable","14":"purchasable","15":"product-type-simple","16":"swiper-slide"},"acf":[],"_links":{"self":[{"href":"https:\/\/www.sellersunionagent.com\/es\/wp-json\/wp\/v2\/product\/8536","targetHints":{"allow":["GET"]}}],"collection":[{"href":"https:\/\/www.sellersunionagent.com\/es\/wp-json\/wp\/v2\/product"}],"about":[{"href":"https:\/\/www.sellersunionagent.com\/es\/wp-json\/wp\/v2\/types\/product"}],"replies":[{"embeddable":true,"href":"https:\/\/www.sellersunionagent.com\/es\/wp-json\/wp\/v2\/comments?post=8536"}],"wp:featuredmedia":[{"embeddable":true,"href":"https:\/\/www.sellersunionagent.com\/es\/wp-json\/wp\/v2\/media\/13782"}],"wp:attachment":[{"href":"https:\/\/www.sellersunionagent.com\/es\/wp-json\/wp\/v2\/media?parent=8536"}],"wp:term":[{"taxonomy":"product_brand","embeddable":true,"href":"https:\/\/www.sellersunionagent.com\/es\/wp-json\/wp\/v2\/product_brand?post=8536"},{"taxonomy":"product_cat","embeddable":true,"href":"https:\/\/www.sellersunionagent.com\/es\/wp-json\/wp\/v2\/product_cat?post=8536"},{"taxonomy":"product_tag","embeddable":true,"href":"https:\/\/www.sellersunionagent.com\/es\/wp-json\/wp\/v2\/product_tag?post=8536"}],"curies":[{"name":"wp","href":"https:\/\/api.w.org\/{rel}","templated":true}]}}