{"id":8526,"date":"2022-07-02T14:43:00","date_gmt":"2022-07-02T06:43:00","guid":{"rendered":"https:\/\/sellersunionagent.com\/?post_type=product&#038;p=8526"},"modified":"2022-07-07T16:53:01","modified_gmt":"2022-07-07T08:53:01","slug":"bolsa-de-almuerzo-para","status":"publish","type":"product","link":"https:\/\/www.sellersunionagent.com\/es\/lunch-bag-for\/","title":{"rendered":"Bolsa de almuerzo port\u00e1til para mujeres y hombres y ni\u00f1os"},"content":{"rendered":"<h2 id=\"title\" class=\"a-size-large a-spacing-none\"><span id=\"productTitle\" class=\"a-size-large product-title-word-break\">Bolsa de almuerzo reutilizable aislante Fiambrera grande para mujeres y hombres con m\u00faltiples bolsillos<\/span><\/h2>\n<p>&nbsp;<\/p>\n<p>&nbsp;<\/p>\n<ul>\n<li><strong>Tama\u00f1o grande:<\/strong> Puede llenar los amplios compartimentos o bolsillos con fiambreras, recipientes de comida, condimentos, ensaladeras de fruta, utensilios, servilletas, abrelatas, cartera, llaves y otros art\u00edculos esenciales.<\/li>\n<\/ul>\n<p>&nbsp;<\/p>\n<p>&nbsp;<\/p>\n<ul>\n<li><strong>Bolsa compacta: <\/strong>Esta bolsa plegable unisex es ligera, compacta y port\u00e1til, por lo que podr\u00e1 llevar f\u00e1cilmente su almuerzo o comida favorita a la escuela, al trabajo, a la oficina, de viaje, de acampada con su familia, de pesca con sus amigos, de paseo en barco y de excursi\u00f3n, para disfrutar de un picnic rom\u00e1ntico en el parque, para llevar a sus hijos al colegio, a festivales de m\u00fasica al aire libre, para hacer deporte y los domingos de barbacoa.<\/li>\n<\/ul>\n<p><img fetchpriority=\"high\" decoding=\"async\" class=\"aligncenter wp-image-8929\" src=\"https:\/\/www.sellersunionagent.com\/wp-content\/uploads\/2022\/07\/\u5fae\u4fe1\u56fe\u7247_202207071651113.png\" alt=\"Proveedor mayorista\" width=\"500\" height=\"483\" \/><\/p>\n<p><img decoding=\"async\" class=\"aligncenter wp-image-8926\" src=\"https:\/\/www.sellersunionagent.com\/wp-content\/uploads\/2022\/07\/\u5fae\u4fe1\u56fe\u7247_20220707165111.png\" alt=\"Proveedor mayorista\" width=\"500\" height=\"513\" \/><\/p>\n<p><img decoding=\"async\" class=\"aligncenter wp-image-8928\" src=\"https:\/\/www.sellersunionagent.com\/wp-content\/uploads\/2022\/07\/\u5fae\u4fe1\u56fe\u7247_202207071651112.png\" alt=\"Proveedor mayorista\" width=\"500\" height=\"522\" \/><\/p>\n<p><img loading=\"lazy\" decoding=\"async\" class=\"aligncenter wp-image-8927\" src=\"https:\/\/www.sellersunionagent.com\/wp-content\/uploads\/2022\/07\/\u5fae\u4fe1\u56fe\u7247_202207071651111.png\" alt=\"Proveedor mayorista\" width=\"500\" height=\"503\" \/><\/p>\n<p>&nbsp;<\/p>\n<p>&nbsp;<\/p>","protected":false},"excerpt":{"rendered":"<p><strong>Tipo<\/strong>: Bolsa de almuerzo<\/p>\n<p><strong>N\u00famero de art\u00edculo:<\/strong> YUNJ1<\/p>\n<p><strong>Tama\u00f1o del art\u00edculo<\/strong>: Grande: 34*14*22<\/p>\n<p>Peque\u00f1o: 25*11.5*22<\/p>\n<p><strong>Peso del art\u00edculo<\/strong>: Grande: 350g<\/p>\n<p>Peque\u00f1o: 195 g<\/p>\n<p><strong>MOQ<\/strong>: 1000 piezas<\/p>\n<p><strong>Material: <\/strong>Material 420Twill<\/p>","protected":false},"featured_media":8529,"comment_status":"open","ping_status":"closed","template":"","meta":{"_acf_changed":false},"product_brand":[],"product_cat":[28],"product_tag":[45,47,41],"class_list":{"0":"post-8526","1":"product","2":"type-product","3":"status-publish","4":"has-post-thumbnail","6":"product_cat-lunch-bag","7":"product_tag-cooler-bag","8":"product_tag-hot-sale","9":"product_tag-lunch-bag","11":"first","12":"instock","13":"shipping-taxable","14":"product-type-simple","15":"swiper-slide"},"acf":[],"_links":{"self":[{"href":"https:\/\/www.sellersunionagent.com\/es\/wp-json\/wp\/v2\/product\/8526","targetHints":{"allow":["GET"]}}],"collection":[{"href":"https:\/\/www.sellersunionagent.com\/es\/wp-json\/wp\/v2\/product"}],"about":[{"href":"https:\/\/www.sellersunionagent.com\/es\/wp-json\/wp\/v2\/types\/product"}],"replies":[{"embeddable":true,"href":"https:\/\/www.sellersunionagent.com\/es\/wp-json\/wp\/v2\/comments?post=8526"}],"wp:featuredmedia":[{"embeddable":true,"href":"https:\/\/www.sellersunionagent.com\/es\/wp-json\/wp\/v2\/media\/8529"}],"wp:attachment":[{"href":"https:\/\/www.sellersunionagent.com\/es\/wp-json\/wp\/v2\/media?parent=8526"}],"wp:term":[{"taxonomy":"product_brand","embeddable":true,"href":"https:\/\/www.sellersunionagent.com\/es\/wp-json\/wp\/v2\/product_brand?post=8526"},{"taxonomy":"product_cat","embeddable":true,"href":"https:\/\/www.sellersunionagent.com\/es\/wp-json\/wp\/v2\/product_cat?post=8526"},{"taxonomy":"product_tag","embeddable":true,"href":"https:\/\/www.sellersunionagent.com\/es\/wp-json\/wp\/v2\/product_tag?post=8526"}],"curies":[{"name":"wp","href":"https:\/\/api.w.org\/{rel}","templated":true}]}}