{"id":8518,"date":"2022-07-02T14:34:34","date_gmt":"2022-07-02T06:34:34","guid":{"rendered":"https:\/\/sellersunionagent.com\/?post_type=product&#038;p=8518"},"modified":"2026-01-06T14:29:10","modified_gmt":"2026-01-06T06:29:10","slug":"bolsas-de-la-compra-a-granel-bolsas-de-la-compra-bolsas-de-viaje-reutilizables","status":"publish","type":"product","link":"https:\/\/www.sellersunionagent.com\/es\/bulk-shopping-bags-grocery-bags-reusable-travel-bags\/","title":{"rendered":"Bolsas de la compra a granel Bolsas de la compra Bolsas de viaje reutilizables"},"content":{"rendered":"<h2 id=\"title\" class=\"a-size-large a-spacing-none\"><span id=\"productTitle\" class=\"a-size-large product-title-word-break\">Bolsas de la compra Bolsas de la compra Bolsas de la compra reutilizables Grandes plegables Moda Viaje Impermeable Lavable a m\u00e1quina Ecol\u00f3gico\u00a0<\/span><\/h2>\n<p><strong>Tipo<\/strong>: Bolsa de la compra<\/p>\n<p><strong>N\u00famero de art\u00edculo:<\/strong> LL003<\/p>\n<p><strong>Tama\u00f1o del art\u00edculo<\/strong>: 45*35*8CM<\/p>\n<p>&nbsp;<\/p>\n<p>&nbsp;<\/p>\n<ul>\n<li><strong>GRAN CAPACIDAD Y DURABILIDAD :<\/strong> Las bolsas de la compra reutilizables son entre 2 y 3 veces m\u00e1s grandes que las bolsas de pl\u00e1stico normales, por lo que aguantan mucho m\u00e1s.Las bolsas de la compra est\u00e1n reforzadas con doble costura, lo que hace que aguanten cargas pesadas con seguridad.<\/li>\n<\/ul>\n<p>&nbsp;<\/p>\n<p>&nbsp;<\/p>\n<ul>\n<li><strong>F\u00c1CIL DE TRANSPORTAR Y REUTILIZABLE:<\/strong> Cuando la bolsa de la compra reutilizable est\u00e1 plegada, cabe f\u00e1cilmente en el bolso o en el coche sin ocupar espacio. Gran tela y mano de obra con costuras unidas, la longitud del mango le permite llevar en el hombro y la parte inferior est\u00e1 cosida de manera que se sentar\u00e1 plana. Tienen un buen tama\u00f1o y se pliegan muy bien en el peque\u00f1o bolsillo. Tambi\u00e9n tienen lazos para colgarlos.<\/li>\n<\/ul>\n<p>&nbsp;<\/p>\n<p>&nbsp;<\/p>\n<ul>\n<li><strong>Material respetuoso con el medio ambiente<\/strong>: La bolsa de la compra reutilizable puede ayudarte a ahorrar toneladas de bolsas de pl\u00e1stico.<\/li>\n<\/ul>\n<p><img fetchpriority=\"high\" decoding=\"async\" class=\"aligncenter wp-image-8516\" src=\"https:\/\/www.sellersunionagent.com\/wp-content\/uploads\/2022\/07\/wholesale-2pcs-grocery-bags-6.jpg\" alt=\"Fabricante al por mayor de China\" width=\"600\" height=\"600\" \/><\/p>\n<p><img decoding=\"async\" class=\"aligncenter wp-image-8515\" src=\"https:\/\/www.sellersunionagent.com\/wp-content\/uploads\/2022\/07\/O1CN01Y7c4TK24rrP285635_2777827445-0-cib.jpg\" alt=\"Fabricante al por mayor de China\" width=\"600\" height=\"600\" \/><\/p>\n<p><img decoding=\"async\" class=\"aligncenter wp-image-8957\" src=\"https:\/\/www.sellersunionagent.com\/wp-content\/uploads\/2022\/07\/fec84d311d4967a15f9f22b83c0fae8.png\" alt=\"Bolsa de la compra al por mayor\" width=\"600\" height=\"666\" \/><\/p>\n<p>&nbsp;<\/p>\n<p><img loading=\"lazy\" decoding=\"async\" class=\"aligncenter wp-image-8948\" src=\"https:\/\/www.sellersunionagent.com\/wp-content\/uploads\/2022\/07\/4b7cc1221d15f8d36eeb1b1ae43d52c.png\" alt=\"Bolsa de la compra al por mayor\" width=\"600\" height=\"631\" \/><\/p>\n<p><img loading=\"lazy\" decoding=\"async\" class=\"aligncenter wp-image-8949\" src=\"https:\/\/www.sellersunionagent.com\/wp-content\/uploads\/2022\/07\/8f8d850a53c81b611f6ea75ba51c235.png\" alt=\"Bolsa de la compra al por mayor\" width=\"600\" height=\"642\" \/><\/p>\n<p><img loading=\"lazy\" decoding=\"async\" class=\"aligncenter wp-image-8950\" src=\"https:\/\/www.sellersunionagent.com\/wp-content\/uploads\/2022\/07\/18be23cd742af3906d1cbda35dc9df5.png\" alt=\"Bolsa de la compra al por mayor\" width=\"600\" height=\"611\" \/><\/p>\n<p><img loading=\"lazy\" decoding=\"async\" class=\"aligncenter wp-image-8951\" src=\"https:\/\/www.sellersunionagent.com\/wp-content\/uploads\/2022\/07\/7852ba72251dd99bf3809ba7ec2fea1.png\" alt=\"Bolsa de la compra al por mayor\" width=\"600\" height=\"613\" \/><\/p>\n<p><img loading=\"lazy\" decoding=\"async\" class=\"aligncenter wp-image-8952\" src=\"https:\/\/www.sellersunionagent.com\/wp-content\/uploads\/2022\/07\/a46292275033af2bb1c233de076116c.png\" alt=\"Bolsa de la compra al por mayor\" width=\"600\" height=\"655\" \/><\/p>\n<p><img loading=\"lazy\" decoding=\"async\" class=\"aligncenter wp-image-8954\" src=\"https:\/\/www.sellersunionagent.com\/wp-content\/uploads\/2022\/07\/b591d336f04dbb932e3e1dafbd4d7a3.png\" alt=\"Bolsa de la compra al por mayor\" width=\"600\" height=\"652\" \/><\/p>\n<p><img loading=\"lazy\" decoding=\"async\" class=\"aligncenter wp-image-8955\" src=\"https:\/\/www.sellersunionagent.com\/wp-content\/uploads\/2022\/07\/b761678f72b0b32c33a537215532a03.png\" alt=\"Bolsa de la compra al por mayor\" width=\"600\" height=\"618\" \/><\/p>\n<p><img loading=\"lazy\" decoding=\"async\" class=\"aligncenter wp-image-8956\" src=\"https:\/\/www.sellersunionagent.com\/wp-content\/uploads\/2022\/07\/c60f89907c2b9fb014619eb2cebb664.png\" alt=\"Bolsa de la compra al por mayor\" width=\"600\" height=\"595\" \/><\/p>\n<p>&nbsp;<\/p>\n<p>&nbsp;<\/p>","protected":false},"excerpt":{"rendered":"<p><strong>MOQ<\/strong>:  1500 piezas<br \/>\n<strong>Muestra gratuita<\/strong>:  Soporte<br \/>\n<strong>Personalizaci\u00f3n<\/strong>logo \/ color \/ materiales \/ embalaje, etc.<br \/>\n<strong>Descuento<\/strong>:  Primeros pedidos desde 10% de descuento.<br \/>\n<strong>Porcentaje de entregas a tiempo<\/strong>:\u00a0 100%<br \/>\n<strong>Env\u00edos totales<\/strong>:  10000 piezas<br \/>\n<strong>Env\u00edo<\/strong>: Apoyo Express-Carga mar\u00edtima-Carga terrestre<\/p>","protected":false},"featured_media":13784,"comment_status":"open","ping_status":"closed","template":"","meta":{"_acf_changed":false},"product_brand":[],"product_cat":[29],"product_tag":[87,71,53,56],"class_list":{"0":"post-8518","1":"product","2":"type-product","3":"status-publish","4":"has-post-thumbnail","6":"product_cat-shopping-bag","7":"product_tag-bulk-wholesale","8":"product_tag-durable","9":"product_tag-professional-supplier","10":"product_tag-shopping-bag","12":"first","13":"instock","14":"shipping-taxable","15":"purchasable","16":"product-type-simple","17":"swiper-slide"},"acf":[],"_links":{"self":[{"href":"https:\/\/www.sellersunionagent.com\/es\/wp-json\/wp\/v2\/product\/8518","targetHints":{"allow":["GET"]}}],"collection":[{"href":"https:\/\/www.sellersunionagent.com\/es\/wp-json\/wp\/v2\/product"}],"about":[{"href":"https:\/\/www.sellersunionagent.com\/es\/wp-json\/wp\/v2\/types\/product"}],"replies":[{"embeddable":true,"href":"https:\/\/www.sellersunionagent.com\/es\/wp-json\/wp\/v2\/comments?post=8518"}],"wp:featuredmedia":[{"embeddable":true,"href":"https:\/\/www.sellersunionagent.com\/es\/wp-json\/wp\/v2\/media\/13784"}],"wp:attachment":[{"href":"https:\/\/www.sellersunionagent.com\/es\/wp-json\/wp\/v2\/media?parent=8518"}],"wp:term":[{"taxonomy":"product_brand","embeddable":true,"href":"https:\/\/www.sellersunionagent.com\/es\/wp-json\/wp\/v2\/product_brand?post=8518"},{"taxonomy":"product_cat","embeddable":true,"href":"https:\/\/www.sellersunionagent.com\/es\/wp-json\/wp\/v2\/product_cat?post=8518"},{"taxonomy":"product_tag","embeddable":true,"href":"https:\/\/www.sellersunionagent.com\/es\/wp-json\/wp\/v2\/product_tag?post=8518"}],"curies":[{"name":"wp","href":"https:\/\/api.w.org\/{rel}","templated":true}]}}