{"id":8504,"date":"2022-07-02T14:26:29","date_gmt":"2022-07-02T06:26:29","guid":{"rendered":"https:\/\/sellersunionagent.com\/?post_type=product&#038;p=8504"},"modified":"2022-07-02T14:26:29","modified_gmt":"2022-07-02T06:26:29","slug":"bolsa-de-la-compra-reutilizable-con-nuevo-diseno-bolsas-de-la-compra-ecologicas","status":"publish","type":"product","link":"https:\/\/www.sellersunionagent.com\/es\/new-design-reusable-grocery-bag-eco-friendly-shopping-bags\/","title":{"rendered":"Nuevo dise\u00f1o de bolsas de la compra ecol\u00f3gicas reutilizables"},"content":{"rendered":"<h2><span id=\"productTitle\" class=\"a-size-large product-title-word-break\">Bolsas reutilizables plegables de gran capacidad para la compra. Bolsas de la compra ecol\u00f3gicas. Bolsas de poli\u00e9ster para la compra a granel. Bolsas de regalo DIY.<\/span><\/h2>\n<p>&nbsp;<\/p>\n<p>&nbsp;<\/p>\n<ul>\n<li><strong>Gran capacidad y durabilidad:<\/strong> Nuestras bolsas reutilizables pueden contener hasta m\u00e1s de 22 kg de comestibles, como alimentos enlatados, agua, leche, aperitivos y otros productos, y pueden sustituir a 2-3 bolsas de la compra convencionales. Las bolsas reutilizables est\u00e1n reforzadas con cinta al bies, son ligeras y duraderas, lo que les permite soportar cargas pesadas de forma segura.<\/li>\n<\/ul>\n<p>&nbsp;<\/p>\n<p>&nbsp;<\/p>\n<ul>\n<li><strong>Plegable y ligero de transportar:<\/strong> Las bolsas para la compra se pueden doblar f\u00e1cilmente y guardar en una mini bolsa adjunta, por lo que puedes llevarlas en el bolsillo, en el bolso o en el coche, lo que resulta muy pr\u00e1ctico para guardar la compra. \u00a1Esta bolsa reutilizable es perfecta para ir de compras, hacer la compra, viajar, guardar cosas y para el uso diario!<\/li>\n<\/ul>\n<p>&nbsp;<\/p>\n<p>&nbsp;<\/p>\n<ul>\n<li><strong>Reutilizable y lavable a m\u00e1quina:<\/strong> Al utilizar estas bolsas reutilizables para la compra en lugar de bolsas de pl\u00e1stico, ahorrar\u00e1s dinero y reducir\u00e1s la contaminaci\u00f3n medioambiental. Estas bolsas se pueden lavar a m\u00e1quina, lo que te permitir\u00e1 tener las manos libres y ahorrar tiempo, lo que resulta muy pr\u00e1ctico para tu vida diaria.<\/li>\n<\/ul>\n<p>&nbsp;<\/p>\n<p>&nbsp;<\/p>\n<ul>\n<li><strong>Disponible para bricolaje:<\/strong> Nuestras bolsas reutilizables contienen 5 bolsas de compras reutilizables que se pueden usar para viajar, hacer la compra, ir de picnic, acampar, ir a fiestas y festivales. Estas bolsas reutilizables te permiten a ti o a tus hijos hacer manualidades y crear vuestras propias bolsas \u00fanicas. Adem\u00e1s, nuestras bolsas reutilizables pueden ser perfectas como regalos para d\u00edas festivos como Acci\u00f3n de Gracias, Navidad o el D\u00eda de la Madre.<\/li>\n<\/ul>\n<p>&nbsp;<\/p>\n<p><img fetchpriority=\"high\" decoding=\"async\" class=\"aligncenter wp-image-8510\" src=\"https:\/\/www.sellersunionagent.com\/wp-content\/uploads\/2022\/07\/new-design-reusable-grocery-bag.jpg\" alt=\"Fabricante al por mayor de China\" width=\"600\" height=\"600\" \/><\/p>\n<p><img decoding=\"async\" class=\"aligncenter wp-image-8508\" src=\"https:\/\/www.sellersunionagent.com\/wp-content\/uploads\/2022\/07\/new-design-reusable-grocery-bag-2.jpg\" alt=\"Fabricante al por mayor de China\" width=\"600\" height=\"600\" \/><\/p>\n<p><img decoding=\"async\" class=\"aligncenter wp-image-8507\" src=\"https:\/\/www.sellersunionagent.com\/wp-content\/uploads\/2022\/07\/new-design-reusable-grocery-bag-3.jpg\" alt=\"Fabricante al por mayor de China\" width=\"600\" height=\"600\" \/><\/p>","protected":false},"excerpt":{"rendered":"<p><strong>Tipo<\/strong>: Bolsa de la compra<\/p>\n<p><strong>N\u00famero de art\u00edculo:<\/strong> LL004<\/p>\n<p><strong>Tama\u00f1o del art\u00edculo<\/strong>: 38 x 58 cm<\/p>\n<p><strong>Material: <\/strong>Poli\u00e9ster<\/p>","protected":false},"featured_media":8505,"comment_status":"open","ping_status":"closed","template":"","meta":{"_acf_changed":false},"product_brand":[],"product_cat":[29],"product_tag":[47,94,60,83,56,50],"class_list":{"0":"post-8504","1":"product","2":"type-product","3":"status-publish","4":"has-post-thumbnail","6":"product_cat-shopping-bag","7":"product_tag-hot-sale","8":"product_tag-organizer","9":"product_tag-portable","10":"product_tag-portable-bag","11":"product_tag-shopping-bag","12":"product_tag-wholesale","14":"first","15":"instock","16":"shipping-taxable","17":"product-type-simple","18":"swiper-slide"},"acf":[],"_links":{"self":[{"href":"https:\/\/www.sellersunionagent.com\/es\/wp-json\/wp\/v2\/product\/8504","targetHints":{"allow":["GET"]}}],"collection":[{"href":"https:\/\/www.sellersunionagent.com\/es\/wp-json\/wp\/v2\/product"}],"about":[{"href":"https:\/\/www.sellersunionagent.com\/es\/wp-json\/wp\/v2\/types\/product"}],"replies":[{"embeddable":true,"href":"https:\/\/www.sellersunionagent.com\/es\/wp-json\/wp\/v2\/comments?post=8504"}],"wp:featuredmedia":[{"embeddable":true,"href":"https:\/\/www.sellersunionagent.com\/es\/wp-json\/wp\/v2\/media\/8505"}],"wp:attachment":[{"href":"https:\/\/www.sellersunionagent.com\/es\/wp-json\/wp\/v2\/media?parent=8504"}],"wp:term":[{"taxonomy":"product_brand","embeddable":true,"href":"https:\/\/www.sellersunionagent.com\/es\/wp-json\/wp\/v2\/product_brand?post=8504"},{"taxonomy":"product_cat","embeddable":true,"href":"https:\/\/www.sellersunionagent.com\/es\/wp-json\/wp\/v2\/product_cat?post=8504"},{"taxonomy":"product_tag","embeddable":true,"href":"https:\/\/www.sellersunionagent.com\/es\/wp-json\/wp\/v2\/product_tag?post=8504"}],"curies":[{"name":"wp","href":"https:\/\/api.w.org\/{rel}","templated":true}]}}