{"id":8485,"date":"2022-07-01T20:01:11","date_gmt":"2022-07-01T12:01:11","guid":{"rendered":"https:\/\/sellersunionagent.com\/?post_type=product&#038;p=8485"},"modified":"2022-07-01T20:01:12","modified_gmt":"2022-07-01T12:01:12","slug":"accesorios-digitales-bolsa-de-almacenamiento-de-papel-kraft-de-china-proveedor-profesional","status":"publish","type":"product","link":"https:\/\/www.sellersunionagent.com\/es\/digital-accessories-kraft-paper-storage-bag-from-china-professional-supplier\/","title":{"rendered":"Accesorios Digitales Bolsa de Papel Kraft de China Proveedor Profesional"},"content":{"rendered":"<h2>Accesorios Digitales Bolsa de Papel Kraft de China Proveedor Profesional<\/h2>\n<ul>\n<li>Gran capacidad, beneficiosa funci\u00f3n de almacenamiento<\/li>\n<li>Impermeable y resistente al desgaste<\/li>\n<li>A la moda y port\u00e1til<\/li>\n<li><img fetchpriority=\"high\" decoding=\"async\" class=\"aligncenter wp-image-8486\" src=\"https:\/\/www.sellersunionagent.com\/wp-content\/uploads\/2022\/07\/digital-accessories-kraft-paper-storage-bag-5.png\" alt=\"Proveedor profesional de China\" width=\"600\" height=\"453\" \/> <img decoding=\"async\" class=\"aligncenter wp-image-8487\" src=\"https:\/\/www.sellersunionagent.com\/wp-content\/uploads\/2022\/07\/digital-accessories-kraft-paper-storage-bag-4.jpg\" alt=\"Proveedor profesional de China\" width=\"600\" height=\"600\" \/> <img decoding=\"async\" class=\"aligncenter wp-image-8488\" src=\"https:\/\/www.sellersunionagent.com\/wp-content\/uploads\/2022\/07\/digital-accessories-kraft-paper-storage-bag-3.jpg\" alt=\"Proveedor profesional de China\" width=\"600\" height=\"600\" \/> <img loading=\"lazy\" decoding=\"async\" class=\"aligncenter wp-image-8489\" src=\"https:\/\/www.sellersunionagent.com\/wp-content\/uploads\/2022\/07\/digital-accessories-kraft-paper-storage-bag-2.jpg\" alt=\"Proveedor profesional de China\" width=\"600\" height=\"600\" \/><img loading=\"lazy\" decoding=\"async\" class=\"aligncenter wp-image-8491\" src=\"https:\/\/www.sellersunionagent.com\/wp-content\/uploads\/2022\/07\/digital-accessories-kraft-paper-storage-bag.jpg\" alt=\"Proveedor profesional de China\" width=\"600\" height=\"925\" \/><\/li>\n<\/ul>","protected":false},"excerpt":{"rendered":"<p><strong>Tipo<\/strong>: Bolsa para accesorios digitales<\/p>\n<p><strong>N\u00famero de art\u00edculo:<\/strong> JH004<\/p>\n<p><strong>Tama\u00f1o del art\u00edculo<\/strong>: 13.5*9*6CM\/19.5*11*6CM<\/p>\n<p><strong>Colores<\/strong>: Marr\u00f3n<\/p>\n<p><strong>Material:\u00a0<\/strong>Papel kraft impermeable<\/p>\n<p>&nbsp;<\/p>\n<p>&nbsp;<\/p>\n<p>Somos un proveedor profesional de China. Desde 1997, comenzamos nuestro negocio. Mantenemos una sensibilidad de mercado extremadamente alta para los diversos productos b\u00e1sicos. Nos especializamos en art\u00edculos de almacenamiento al por mayor, hacemos OEM, ODM y le proporcionamos un servicio integral de ventanilla \u00fanica. Nos complace ofrecerle los productos m\u00e1s populares para ayudarle a ampliar su negocio.<\/p>\n<p>&nbsp;<\/p>\n<p>&nbsp;<\/p>","protected":false},"featured_media":8490,"comment_status":"open","ping_status":"closed","template":"","meta":{"_acf_changed":false},"product_brand":[],"product_cat":[32],"product_tag":[149,150,151],"class_list":{"0":"post-8485","1":"product","2":"type-product","3":"status-publish","4":"has-post-thumbnail","6":"product_cat-digital-bag","7":"product_tag-china-professional-supplier","8":"product_tag-digital-accessories-storage","9":"product_tag-wear-resistant","11":"first","12":"instock","13":"shipping-taxable","14":"product-type-simple","15":"swiper-slide"},"acf":[],"_links":{"self":[{"href":"https:\/\/www.sellersunionagent.com\/es\/wp-json\/wp\/v2\/product\/8485","targetHints":{"allow":["GET"]}}],"collection":[{"href":"https:\/\/www.sellersunionagent.com\/es\/wp-json\/wp\/v2\/product"}],"about":[{"href":"https:\/\/www.sellersunionagent.com\/es\/wp-json\/wp\/v2\/types\/product"}],"replies":[{"embeddable":true,"href":"https:\/\/www.sellersunionagent.com\/es\/wp-json\/wp\/v2\/comments?post=8485"}],"wp:featuredmedia":[{"embeddable":true,"href":"https:\/\/www.sellersunionagent.com\/es\/wp-json\/wp\/v2\/media\/8490"}],"wp:attachment":[{"href":"https:\/\/www.sellersunionagent.com\/es\/wp-json\/wp\/v2\/media?parent=8485"}],"wp:term":[{"taxonomy":"product_brand","embeddable":true,"href":"https:\/\/www.sellersunionagent.com\/es\/wp-json\/wp\/v2\/product_brand?post=8485"},{"taxonomy":"product_cat","embeddable":true,"href":"https:\/\/www.sellersunionagent.com\/es\/wp-json\/wp\/v2\/product_cat?post=8485"},{"taxonomy":"product_tag","embeddable":true,"href":"https:\/\/www.sellersunionagent.com\/es\/wp-json\/wp\/v2\/product_tag?post=8485"}],"curies":[{"name":"wp","href":"https:\/\/api.w.org\/{rel}","templated":true}]}}