{"id":8473,"date":"2022-07-01T19:41:21","date_gmt":"2022-07-01T11:41:21","guid":{"rendered":"https:\/\/sellersunionagent.com\/?post_type=product&#038;p=8473"},"modified":"2022-08-31T14:08:53","modified_gmt":"2022-08-31T06:08:53","slug":"triangulo-porta-panuelos-al-por-mayor","status":"publish","type":"product","link":"https:\/\/www.sellersunionagent.com\/es\/triangle-tissue-box-holder-bulk-wholesale\/","title":{"rendered":"Caja de pa\u00f1uelos triangular al por mayor"},"content":{"rendered":"<h2>Caja de pa\u00f1uelos triangular al por mayor<\/h2>\n<p>Almacenamiento con estilo: El dise\u00f1o elegante, simple, limpio, lindo da a este sostenedor de la caja del tejido una mirada muy elegante perfecta para ocultar esas cajas del tejido, a\u00f1ade un tacto agradable de la decoraci\u00f3n a sus cuartos de ba\u00f1o, restaurante, oficina, hogar, automotriz.<\/p>\n<p>&nbsp;<\/p>\n<p>Dise\u00f1o mejorado: La caja de toallas de papel viene con velcro, lo que hace que sea m\u00e1s conveniente para usted para intercambiar toallas de papel. El cableado de la caja es exquisito y duradero.<\/p>\n<p>&nbsp;<\/p>\n<p>Protecci\u00f3n del medio ambiente y funcional : protecci\u00f3n natural del medio ambiente, reciclable. A trav\u00e9s de la prueba de tracci\u00f3n de seguridad, es m\u00e1s tranquilizador de usar. Lavable y f\u00e1cil de limpiar.<\/p>\n<p><img fetchpriority=\"high\" decoding=\"async\" class=\"aligncenter wp-image-8482\" src=\"https:\/\/www.sellersunionagent.com\/wp-content\/uploads\/2022\/07\/triangle-tissue-box-holder-bulk-wholesale-2.jpg\" alt=\"Venta al por mayor\" width=\"600\" height=\"576\" \/><img decoding=\"async\" class=\"aligncenter wp-image-8478\" src=\"https:\/\/www.sellersunionagent.com\/wp-content\/uploads\/2022\/07\/triangle-tissue-box-holder-bulk-wholesale-6.jpg\" alt=\"Venta al por mayor\" width=\"600\" height=\"600\" \/><\/p>\n<p><img decoding=\"async\" class=\"aligncenter wp-image-8480\" src=\"https:\/\/www.sellersunionagent.com\/wp-content\/uploads\/2022\/07\/triangle-tissue-box-holder-bulk-wholesale-4.jpg\" alt=\"\" width=\"600\" height=\"600\" \/><\/p>\n<p><img loading=\"lazy\" decoding=\"async\" class=\"aligncenter wp-image-8483 size-full\" src=\"https:\/\/www.sellersunionagent.com\/wp-content\/uploads\/2022\/07\/triangle-tissue-box-holder-bulk-wholesale-1.png\" alt=\"Venta al por mayor\" width=\"576\" height=\"372\" \/> \u00a0 \u00a0\u00a0 \u00a0\u00a0\u00a0\u00a0<img loading=\"lazy\" decoding=\"async\" class=\"aligncenter wp-image-8484\" src=\"https:\/\/www.sellersunionagent.com\/wp-content\/uploads\/2022\/07\/triangle-tissue-box-holder-bulk-wholesale.png\" alt=\"Venta al por mayor\" width=\"600\" height=\"385\" \/><\/p>","protected":false},"excerpt":{"rendered":"<p><strong>Tipo<\/strong>: Soporte para cajas de pa\u00f1uelos<\/p>\n<p><strong>N\u00famero de art\u00edculo:<\/strong> JH002<\/p>\n<p><strong>Tama\u00f1o del art\u00edculo<\/strong>: 14.5*10*7CM\/ 16.5*12*8.5CM<\/p>\n<p><strong>Colores<\/strong>: Marr\u00f3n<\/p>\n<p><strong>Material: <\/strong>Papel kraft impermeable<\/p>\n<p>&nbsp;<\/p>\n<p>Bolsas al por mayor a granel es barato ahora. \u00a1Materiales seleccionados, artesan\u00eda superior, absolutamente no le dejar\u00e1 decepcionar a la elecci\u00f3n!<\/p>","protected":false},"featured_media":8480,"comment_status":"open","ping_status":"closed","template":"","meta":{"_acf_changed":false},"product_brand":[],"product_cat":[31,187],"product_tag":[87,147,148],"class_list":{"0":"post-8473","1":"product","2":"type-product","3":"status-publish","4":"has-post-thumbnail","6":"product_cat-home-storage","7":"product_cat-bedroom","8":"product_tag-bulk-wholesale","9":"product_tag-elegant","10":"product_tag-functional","12":"first","13":"instock","14":"shipping-taxable","15":"product-type-simple","16":"swiper-slide"},"acf":[],"_links":{"self":[{"href":"https:\/\/www.sellersunionagent.com\/es\/wp-json\/wp\/v2\/product\/8473","targetHints":{"allow":["GET"]}}],"collection":[{"href":"https:\/\/www.sellersunionagent.com\/es\/wp-json\/wp\/v2\/product"}],"about":[{"href":"https:\/\/www.sellersunionagent.com\/es\/wp-json\/wp\/v2\/types\/product"}],"replies":[{"embeddable":true,"href":"https:\/\/www.sellersunionagent.com\/es\/wp-json\/wp\/v2\/comments?post=8473"}],"wp:featuredmedia":[{"embeddable":true,"href":"https:\/\/www.sellersunionagent.com\/es\/wp-json\/wp\/v2\/media\/8480"}],"wp:attachment":[{"href":"https:\/\/www.sellersunionagent.com\/es\/wp-json\/wp\/v2\/media?parent=8473"}],"wp:term":[{"taxonomy":"product_brand","embeddable":true,"href":"https:\/\/www.sellersunionagent.com\/es\/wp-json\/wp\/v2\/product_brand?post=8473"},{"taxonomy":"product_cat","embeddable":true,"href":"https:\/\/www.sellersunionagent.com\/es\/wp-json\/wp\/v2\/product_cat?post=8473"},{"taxonomy":"product_tag","embeddable":true,"href":"https:\/\/www.sellersunionagent.com\/es\/wp-json\/wp\/v2\/product_tag?post=8473"}],"curies":[{"name":"wp","href":"https:\/\/api.w.org\/{rel}","templated":true}]}}