{"id":8455,"date":"2022-07-01T18:56:56","date_gmt":"2022-07-01T10:56:56","guid":{"rendered":"https:\/\/sellersunionagent.com\/?post_type=product&#038;p=8455"},"modified":"2022-08-31T14:09:18","modified_gmt":"2022-08-31T06:09:18","slug":"bolsa-de-papel-kraft-lavable-y-reutilizable-al-por-mayor-para-almacenar-y-decorar-alimentos-para-plantas-en-macetas","status":"publish","type":"product","link":"https:\/\/www.sellersunionagent.com\/es\/bulk-wholesale-washable-reusable-kraft-paper-bag-for-pot-plant-food-storage-decoration\/","title":{"rendered":"Bolsa de Papel Kraft Lavable Reutilizable al por Mayor para Maceta Planta Alimento Almacenaje Decoraci\u00f3n"},"content":{"rendered":"<h2>Bolsa de Papel Kraft Lavable Reutilizable al por Mayor para Maceta Planta Alimento Almacenaje Decoraci\u00f3n<\/h2>\n<p>Materiales ecol\u00f3gicos y saludables: uso de papel kraft importado biodegradable apto para uso alimentario, para que disfrutes de una vida saludable en tu hogar.<\/p>\n<p>&nbsp;<\/p>\n<p>&nbsp;<\/p>\n<p>Lavable y reutilizable: esta bolsa de almacenamiento tiene la resistencia de la tela, pero tambi\u00e9n es duradera e impermeable.<\/p>\n<p>&nbsp;<\/p>\n<p>Tama\u00f1o flexible: hay cuatro tama\u00f1os disponibles: S: 10 x 10 x 15 cm; M: 12 x 12 x 23 cm; L: 15 x 15 x 28 cm; XL: 20 x 20 x 35 cm. Puede colocar diferentes bolsas en diferentes lugares.<\/p>\n<p>&nbsp;<\/p>\n<p>&nbsp;<\/p>\n<p>Cesta de almacenamiento multifuncional: la bolsa de papel kraft lavado se puede utilizar para almacenar plantas, frutas, verduras, juguetes, etc. No solo es adecuada para la cocina y la sala de estar, sino tambi\u00e9n para viajes, viajes de negocios, picnics, autocaravanas, etc. Materiales ecol\u00f3gicos y saludables.<\/p>\n<p><img fetchpriority=\"high\" decoding=\"async\" class=\"aligncenter wp-image-8466\" src=\"https:\/\/www.sellersunionagent.com\/wp-content\/uploads\/2022\/07\/wholesale-washable-reusable-kraft-paper-bag-6.jpg\" alt=\"Venta al por mayor\" width=\"600\" height=\"600\" \/> <img decoding=\"async\" class=\"aligncenter wp-image-8467\" src=\"https:\/\/www.sellersunionagent.com\/wp-content\/uploads\/2022\/07\/wholesale-washable-reusable-kraft-paper-bag-5.jpg\" alt=\"Venta al por mayor\" width=\"600\" height=\"600\" \/> <img decoding=\"async\" class=\"aligncenter wp-image-8468\" src=\"https:\/\/www.sellersunionagent.com\/wp-content\/uploads\/2022\/07\/wholesale-washable-reusable-kraft-paper-bag-4.jpg\" alt=\"Venta al por mayor\" width=\"600\" height=\"600\" \/> <img loading=\"lazy\" decoding=\"async\" class=\"aligncenter wp-image-8469\" src=\"https:\/\/www.sellersunionagent.com\/wp-content\/uploads\/2022\/07\/wholesale-washable-reusable-kraft-paper-bag-3.jpg\" alt=\"Venta al por mayor\" width=\"600\" height=\"600\" \/> <img loading=\"lazy\" decoding=\"async\" class=\"aligncenter wp-image-8470\" src=\"https:\/\/www.sellersunionagent.com\/wp-content\/uploads\/2022\/07\/wholesale-washable-reusable-kraft-paper-bag-2.jpg\" alt=\"Venta al por mayor\" width=\"600\" height=\"600\" \/> <img loading=\"lazy\" decoding=\"async\" class=\"aligncenter wp-image-8471\" src=\"https:\/\/www.sellersunionagent.com\/wp-content\/uploads\/2022\/07\/wholesale-washable-reusable-kraft-paper-bag-1.jpg\" alt=\"Venta al por mayor\" width=\"600\" height=\"600\" \/> <img loading=\"lazy\" decoding=\"async\" class=\"aligncenter wp-image-8472\" src=\"https:\/\/www.sellersunionagent.com\/wp-content\/uploads\/2022\/07\/wholesale-washable-reusable-kraft-paper-bag.jpg\" alt=\"Venta al por mayor\" width=\"600\" height=\"600\" \/><\/p>","protected":false},"excerpt":{"rendered":"<p><strong>Tipo<\/strong>: Cesta de almacenaje<\/p>\n<p><strong>N\u00famero de art\u00edculo:<\/strong> JH001<\/p>\n<p><strong>Tama\u00f1o del art\u00edculo<\/strong>: S: 10*10*15 cm \/ M: 12*12*23 cm \/ L: 15*15*28 cm \/ XL: 20*20*35 cm<\/p>\n<p><strong>Colores<\/strong>: Marr\u00f3n<\/p>\n<p><strong>Material: <\/strong>Papel kraft impermeable<\/p>\n<p>&nbsp;<\/p>\n<p>&nbsp;<\/p>\n<p>Bolsas al por mayor a granel es barato ahora. \u00a1Materiales seleccionados, artesan\u00eda superior, absolutamente no le dejar\u00e1 decepcionar a la elecci\u00f3n!<\/p>","protected":false},"featured_media":8469,"comment_status":"open","ping_status":"closed","template":"","meta":{"_acf_changed":false},"product_brand":[],"product_cat":[31,186],"product_tag":[87,146],"class_list":{"0":"post-8455","1":"product","2":"type-product","3":"status-publish","4":"has-post-thumbnail","6":"product_cat-home-storage","7":"product_cat-living-room","8":"product_tag-bulk-wholesale","9":"product_tag-washablereusable","11":"first","12":"instock","13":"shipping-taxable","14":"product-type-simple","15":"swiper-slide"},"acf":[],"_links":{"self":[{"href":"https:\/\/www.sellersunionagent.com\/es\/wp-json\/wp\/v2\/product\/8455","targetHints":{"allow":["GET"]}}],"collection":[{"href":"https:\/\/www.sellersunionagent.com\/es\/wp-json\/wp\/v2\/product"}],"about":[{"href":"https:\/\/www.sellersunionagent.com\/es\/wp-json\/wp\/v2\/types\/product"}],"replies":[{"embeddable":true,"href":"https:\/\/www.sellersunionagent.com\/es\/wp-json\/wp\/v2\/comments?post=8455"}],"wp:featuredmedia":[{"embeddable":true,"href":"https:\/\/www.sellersunionagent.com\/es\/wp-json\/wp\/v2\/media\/8469"}],"wp:attachment":[{"href":"https:\/\/www.sellersunionagent.com\/es\/wp-json\/wp\/v2\/media?parent=8455"}],"wp:term":[{"taxonomy":"product_brand","embeddable":true,"href":"https:\/\/www.sellersunionagent.com\/es\/wp-json\/wp\/v2\/product_brand?post=8455"},{"taxonomy":"product_cat","embeddable":true,"href":"https:\/\/www.sellersunionagent.com\/es\/wp-json\/wp\/v2\/product_cat?post=8455"},{"taxonomy":"product_tag","embeddable":true,"href":"https:\/\/www.sellersunionagent.com\/es\/wp-json\/wp\/v2\/product_tag?post=8455"}],"curies":[{"name":"wp","href":"https:\/\/api.w.org\/{rel}","templated":true}]}}