{"id":8454,"date":"2022-07-01T18:38:32","date_gmt":"2022-07-01T10:38:32","guid":{"rendered":"https:\/\/sellersunionagent.com\/?post_type=product&#038;p=8454"},"modified":"2026-01-06T14:29:11","modified_gmt":"2026-01-06T06:29:11","slug":"organizador-de-lavado-portatil-multifuncional-bolsa-de-lavado-para-viajes","status":"publish","type":"product","link":"https:\/\/www.sellersunionagent.com\/es\/multifunctional-portable-washing-organizer-washing-bag-for-travel\/","title":{"rendered":"Organizador de lavado port\u00e1til multifuncional Bolsa de lavado para viajes"},"content":{"rendered":"<h2 id=\"title\" class=\"a-size-large a-spacing-none\"><span id=\"productTitle\" class=\"a-size-large product-title-word-break\">Neceser de viaje, organizador de lavado port\u00e1til, neceser de pie, neceser de viaje para viajes<\/span><\/h2>\n<p><strong>Tipo:<\/strong> Bolsa de lavado<\/p>\n<p><strong>Art\u00edculo NO.: <\/strong>YJ30<br \/>\n<strong>Tama\u00f1o:<\/strong> 26*15*9cm<\/p>\n<p><strong>MOQ:<\/strong> 2000CS<\/p>\n<p><strong>Material: <\/strong>Sarga de doble cara 230T<\/p>\n<p>&nbsp;<\/p>\n<ul>\n<li>Port\u00e1til y reutilizable-Esta bolsa de tama\u00f1o cuarto de gal\u00f3n se adapta perfectamente a las botellas de viaje, tambi\u00e9n es ideal para almacenar cosm\u00e9ticos, art\u00edculos de tocador, juguetes y peque\u00f1as cosas; Consejos para eliminar el olor de la peque\u00f1a bolsa de aseo de viaje: En primer lugar, lave el exterior y el interior de la bolsa de maquillaje transparente con agua y jab\u00f3n; Abra la cremallera de la bolsa y d\u00e9jela en un lugar bien ventilado durante unos d\u00edas.<\/li>\n<\/ul>\n<p>&nbsp;<\/p>\n<p>&nbsp;<\/p>\n<ul>\n<li>Ligero y regalo perfecto para su amigo-La bolsa de maquillaje transparente aprobada por la TSA pesa menos de 1 libra, tama\u00f1o perfecto para caber en su equipaje de mano para viajes o vacaciones; Esta pr\u00e1ctica bolsa de cosm\u00e9ticos transparente una mejor opci\u00f3n como regalo para su amigo y familia.<\/li>\n<\/ul>\n<p><img fetchpriority=\"high\" decoding=\"async\" class=\"alignnone wp-image-8461\" src=\"https:\/\/www.sellersunionagent.com\/wp-content\/uploads\/2022\/07\/multifunctional-portable-washing-organizer-1.jpg\" alt=\"Proveedor mayorista\" width=\"360\" height=\"360\" \/> <img decoding=\"async\" class=\"alignnone wp-image-8460\" src=\"https:\/\/www.sellersunionagent.com\/wp-content\/uploads\/2022\/07\/multifunctional-portable-washing-organizer-2.jpg\" alt=\"Proveedor mayorista\" width=\"360\" height=\"360\" \/> <img decoding=\"async\" class=\"alignnone wp-image-8459\" src=\"https:\/\/www.sellersunionagent.com\/wp-content\/uploads\/2022\/07\/multifunctional-portable-washing-organizer-3.jpg\" alt=\"Proveedor mayorista\" width=\"360\" height=\"360\" \/><\/p>\n<p><img loading=\"lazy\" decoding=\"async\" class=\"alignnone wp-image-8458\" src=\"https:\/\/www.sellersunionagent.com\/wp-content\/uploads\/2022\/07\/multifunctional-portable-washing-organizer-4.jpg\" alt=\"Proveedor mayorista\" width=\"360\" height=\"360\" \/><img loading=\"lazy\" decoding=\"async\" class=\"alignnone wp-image-8457\" src=\"https:\/\/www.sellersunionagent.com\/wp-content\/uploads\/2022\/07\/multifunctional-portable-washing-organizer-5.jpg\" alt=\"Proveedor mayorista\" width=\"360\" height=\"360\" \/> <img loading=\"lazy\" decoding=\"async\" class=\"alignnone wp-image-8456\" src=\"https:\/\/www.sellersunionagent.com\/wp-content\/uploads\/2022\/07\/multifunctional-portable-washing-organizer-6.jpg\" alt=\"Proveedor mayorista\" width=\"360\" height=\"360\" \/><\/p>","protected":false},"excerpt":{"rendered":"<p><strong>MOQ<\/strong>:  500 piezas<br \/>\n<strong>Muestra gratuita<\/strong>:  Soporte<br \/>\n<strong>Personalizaci\u00f3n<\/strong>logo \/ color \/ materiales \/ embalaje, etc.<br \/>\n<strong>Descuento<\/strong>:  Primeros pedidos desde 10% de descuento.<br \/>\n<strong>Porcentaje de entregas a tiempo<\/strong>:\u00a0 100%<br \/>\n<strong>Env\u00edos totales<\/strong>:  10000 piezas<br \/>\n<strong>Env\u00edo<\/strong>: Apoyo Express-Carga mar\u00edtima-Carga terrestre<\/p>","protected":false},"featured_media":13786,"comment_status":"open","ping_status":"closed","template":"","meta":{"_acf_changed":false},"product_brand":[],"product_cat":[33],"product_tag":[67,61,99,91],"class_list":{"0":"post-8454","1":"product","2":"type-product","3":"status-publish","4":"has-post-thumbnail","6":"product_cat-toiletry-bag","7":"product_tag-travel-organizer","8":"product_tag-washing-bag","9":"product_tag-wholesale-maker-from-china","10":"product_tag-wholesaler","12":"first","13":"instock","14":"shipping-taxable","15":"purchasable","16":"product-type-simple","17":"swiper-slide"},"acf":[],"_links":{"self":[{"href":"https:\/\/www.sellersunionagent.com\/es\/wp-json\/wp\/v2\/product\/8454","targetHints":{"allow":["GET"]}}],"collection":[{"href":"https:\/\/www.sellersunionagent.com\/es\/wp-json\/wp\/v2\/product"}],"about":[{"href":"https:\/\/www.sellersunionagent.com\/es\/wp-json\/wp\/v2\/types\/product"}],"replies":[{"embeddable":true,"href":"https:\/\/www.sellersunionagent.com\/es\/wp-json\/wp\/v2\/comments?post=8454"}],"wp:featuredmedia":[{"embeddable":true,"href":"https:\/\/www.sellersunionagent.com\/es\/wp-json\/wp\/v2\/media\/13786"}],"wp:attachment":[{"href":"https:\/\/www.sellersunionagent.com\/es\/wp-json\/wp\/v2\/media?parent=8454"}],"wp:term":[{"taxonomy":"product_brand","embeddable":true,"href":"https:\/\/www.sellersunionagent.com\/es\/wp-json\/wp\/v2\/product_brand?post=8454"},{"taxonomy":"product_cat","embeddable":true,"href":"https:\/\/www.sellersunionagent.com\/es\/wp-json\/wp\/v2\/product_cat?post=8454"},{"taxonomy":"product_tag","embeddable":true,"href":"https:\/\/www.sellersunionagent.com\/es\/wp-json\/wp\/v2\/product_tag?post=8454"}],"curies":[{"name":"wp","href":"https:\/\/api.w.org\/{rel}","templated":true}]}}