{"id":8444,"date":"2022-07-01T18:28:12","date_gmt":"2022-07-01T10:28:12","guid":{"rendered":"https:\/\/sellersunionagent.com\/?post_type=product&#038;p=8444"},"modified":"2022-07-01T18:28:12","modified_gmt":"2022-07-01T10:28:12","slug":"mayorista-grandes-bolsas-de-cosmeticos-de-viaje-bolsa-de-maquillaje-para-mujeres-y-ninas","status":"publish","type":"product","link":"https:\/\/www.sellersunionagent.com\/es\/wholesale-large-travel-cosmetic-bags-makeup-bag-for-women-and-girls\/","title":{"rendered":"Mayorista Bolsas grandes de viaje para cosm\u00e9ticos Bolsa de maquillaje para mujeres y ni\u00f1as"},"content":{"rendered":"<h2><span id=\"productTitle\" class=\"a-size-large product-title-word-break\" style=\"line-height: 32px !important\">Neceser de Maquillaje, Neceser de Viaje Grande para Mujeres Neceser de Maquillaje Lavable Estuche Organizador\u00a0<\/span><\/h2>\n<p>&nbsp;<\/p>\n<p>&nbsp;<\/p>\n<ul>\n<li><strong>Organizador Bolsa Maquillaje Viaje Versi\u00f3n Grande -<\/strong> Tama\u00f1o: 25*15*18cm, tama\u00f1o decente sin bulkiness.cosmetics puede ser storaged de pie.<\/li>\n<\/ul>\n<p>&nbsp;<\/p>\n<p>&nbsp;<\/p>\n<ul>\n<li><strong>Perfecto para uso diario o viajes<\/strong> - Neceser para mujer Caben f\u00e1cilmente art\u00edculos de aseo de tama\u00f1o de viaje o productos grandes para el cuidado de la piel, como loci\u00f3n, crema, limpiador facial, base de maquillaje, corrector, m\u00e1scara de pesta\u00f1as, sombra de ojos, polvos, colorete, pintalabios y brochas de maquillaje.<\/li>\n<\/ul>\n<p>&nbsp;<\/p>\n<p>&nbsp;<\/p>\n<ul>\n<li><strong>Compartimento separado<\/strong> - La bolsa de viaje para cosm\u00e9ticos viene con una zona separada para guardar los pinceles y la mascarilla facial para protegerlos del polvo.<\/li>\n<\/ul>\n<p>&nbsp;<\/p>\n<p>&nbsp;<\/p>\n<ul>\n<li><strong>Dise\u00f1o \u00fanico y exquisito<\/strong> - Usted puede caber su l\u00e1piz labial, espejo, herramientas de maquillaje en ella, que es bueno para separar y organizar todos sus cosm\u00e9ticos.<\/li>\n<\/ul>\n<p>&nbsp;<\/p>\n<p>&nbsp;<\/p>\n<ul>\n<li><strong>Imprescindibles de viaje y regalos bonitos<\/strong> - Cada una de estas grandes bolsas organizadoras de maquillaje tiene cremalleras lisas bidireccionales que facilitan el acceso. Grandes accesorios de viaje y grandes regalos para las mujeres.<\/li>\n<li><\/li>\n<\/ul>\n<p><img fetchpriority=\"high\" decoding=\"async\" class=\"aligncenter wp-image-8447\" src=\"https:\/\/www.sellersunionagent.com\/wp-content\/uploads\/2022\/07\/wholesale-large-travel-cosmetic-bags-6.jpg\" alt=\"Proveedor mayorista\" width=\"500\" height=\"500\" \/><\/p>\n<p><img decoding=\"async\" class=\"aligncenter wp-image-8446\" src=\"https:\/\/www.sellersunionagent.com\/wp-content\/uploads\/2022\/07\/wholesale-large-travel-cosmetic-bags-7.jpg\" alt=\"Proveedor mayorista\" width=\"500\" height=\"500\" \/><\/p>\n<p><img decoding=\"async\" class=\"aligncenter wp-image-8445\" src=\"https:\/\/www.sellersunionagent.com\/wp-content\/uploads\/2022\/07\/wholesale-large-travel-cosmetic-bags-8.jpg\" alt=\"Proveedor mayorista\" width=\"500\" height=\"500\" \/><\/p>\n<p>&nbsp;<\/p>","protected":false},"excerpt":{"rendered":"<p><strong>Tipo<\/strong>: Neceser de maquillaje<\/p>\n<p><strong>N\u00famero de art\u00edculo:<\/strong> YUNJ37<\/p>\n<p><strong>Tama\u00f1o del art\u00edculo<\/strong>: 25*15*18cm<\/p>\n<p><strong>Material: <\/strong>P<span class=\"tgt color_text_1\" data-section=\"0\" data-sentence=\"0\" data-group=\"0-0\">olyester<\/span><\/p>","protected":false},"featured_media":8448,"comment_status":"open","ping_status":"closed","template":"","meta":{"_acf_changed":false},"product_brand":[],"product_cat":[30],"product_tag":[78,89,67],"class_list":{"0":"post-8444","1":"product","2":"type-product","3":"status-publish","4":"has-post-thumbnail","6":"product_cat-makeup-bag","7":"product_tag-makeup-bag","8":"product_tag-multi-function","9":"product_tag-travel-organizer","11":"first","12":"instock","13":"shipping-taxable","14":"product-type-simple","15":"swiper-slide"},"acf":[],"_links":{"self":[{"href":"https:\/\/www.sellersunionagent.com\/es\/wp-json\/wp\/v2\/product\/8444","targetHints":{"allow":["GET"]}}],"collection":[{"href":"https:\/\/www.sellersunionagent.com\/es\/wp-json\/wp\/v2\/product"}],"about":[{"href":"https:\/\/www.sellersunionagent.com\/es\/wp-json\/wp\/v2\/types\/product"}],"replies":[{"embeddable":true,"href":"https:\/\/www.sellersunionagent.com\/es\/wp-json\/wp\/v2\/comments?post=8444"}],"wp:featuredmedia":[{"embeddable":true,"href":"https:\/\/www.sellersunionagent.com\/es\/wp-json\/wp\/v2\/media\/8448"}],"wp:attachment":[{"href":"https:\/\/www.sellersunionagent.com\/es\/wp-json\/wp\/v2\/media?parent=8444"}],"wp:term":[{"taxonomy":"product_brand","embeddable":true,"href":"https:\/\/www.sellersunionagent.com\/es\/wp-json\/wp\/v2\/product_brand?post=8444"},{"taxonomy":"product_cat","embeddable":true,"href":"https:\/\/www.sellersunionagent.com\/es\/wp-json\/wp\/v2\/product_cat?post=8444"},{"taxonomy":"product_tag","embeddable":true,"href":"https:\/\/www.sellersunionagent.com\/es\/wp-json\/wp\/v2\/product_tag?post=8444"}],"curies":[{"name":"wp","href":"https:\/\/api.w.org\/{rel}","templated":true}]}}