{"id":8438,"date":"2022-07-01T17:05:22","date_gmt":"2022-07-01T09:05:22","guid":{"rendered":"https:\/\/sellersunionagent.com\/?post_type=product&#038;p=8438"},"modified":"2026-01-06T14:29:12","modified_gmt":"2026-01-06T06:29:12","slug":"bolsas-de-la-compra-disenadas-para-mujeres-y-ninas-de-fabricacion-china","status":"publish","type":"product","link":"https:\/\/www.sellersunionagent.com\/es\/shopping-bags-designed-for-women-and-girls-from-china-manufacturing\/","title":{"rendered":"Bolsas de la compra dise\u00f1adas para mujeres y ni\u00f1as de fabricaci\u00f3n china"},"content":{"rendered":"<h2><strong><b>Shopping <\/b><\/strong><strong><b>Bags <\/b><\/strong><strong><b>Designed for Women and Girls From China Manufacturing<\/b><\/strong><\/h2>\n<p><strong>Tipo:<\/strong> Bolsa de la compra<\/p>\n<p><strong>Art\u00edculo No: <\/strong>LL008<\/p>\n<p><strong>Tama\u00f1o:<\/strong> 43*33*10cm<\/p>\n<p><strong>OEM\/ODM:<\/strong> Aceptado<\/p>\n<p>&nbsp;<\/p>\n<p>&nbsp;<\/p>\n<p>&lt;STURDY AND PERFECT SHOPPING BAGS&gt; This bag can fit everything you need. If you prefer, you can also just buy a single one of these reusable bags. Some of the most important features of the bag\u2019s construction include: A large size that is identical to that of a paper bag 43*33*10cm.<\/p>\n<p>&nbsp;<\/p>\n<p>&nbsp;<\/p>\n<p>&lt;HIGH QUALITY ORGANIC MATERIAL&gt; The material for the bags is 11-ounce Organic Cotton Cloth. This heavy-duty material meets the Organic Standards. This means that the cotton used to create the bags is certified organic, without any processing chemicals, fertilizers, or pesticides like those used in typical cotton. The bags are made in India and made to high standards. This product may not be ideal to do manual screen printing.<\/p>\n<p>&nbsp;<\/p>\n<p>&nbsp;<\/p>\n<p>&lt;EASY TO CARE REUSABLE GROCERY BAGS&gt; These reusable grocery bags are made from 100% natural and unbleached organic cotton. You can easily wash it using your washing machine.<\/p>\n<p>&nbsp;<\/p>\n<p>&nbsp;<\/p>\n<p><img fetchpriority=\"high\" decoding=\"async\" class=\"aligncenter wp-image-8752\" src=\"https:\/\/www.sellersunionagent.com\/wp-content\/uploads\/2022\/07\/shopping-bags-designed-for-women-and-girls-4.png\" alt=\"Fabricaci\u00f3n en China\" width=\"600\" height=\"572\" \/> <img decoding=\"async\" class=\"aligncenter wp-image-8753\" src=\"https:\/\/www.sellersunionagent.com\/wp-content\/uploads\/2022\/07\/shopping-bags-designed-for-women-and-girls-3.png\" alt=\"Fabricaci\u00f3n en China\" width=\"600\" height=\"567\" \/> <img decoding=\"async\" class=\"aligncenter wp-image-8754\" src=\"https:\/\/www.sellersunionagent.com\/wp-content\/uploads\/2022\/07\/shopping-bags-designed-for-women-and-girls-2.png\" alt=\"Fabricaci\u00f3n en China\" width=\"600\" height=\"581\" \/> <img loading=\"lazy\" decoding=\"async\" class=\"aligncenter wp-image-8755\" src=\"https:\/\/www.sellersunionagent.com\/wp-content\/uploads\/2022\/07\/shopping-bags-designed-for-women-and-girls-1.png\" alt=\"Fabricaci\u00f3n en China\" width=\"600\" height=\"564\" \/><img loading=\"lazy\" decoding=\"async\" class=\"aligncenter wp-image-8751\" src=\"https:\/\/www.sellersunionagent.com\/wp-content\/uploads\/2022\/07\/shopping-bags-designed-for-women-and-girls-5.png\" alt=\"Fabricaci\u00f3n en China\" width=\"600\" height=\"544\" \/> <img loading=\"lazy\" decoding=\"async\" class=\"aligncenter wp-image-8748\" src=\"https:\/\/www.sellersunionagent.com\/wp-content\/uploads\/2022\/07\/shopping-bags-designed-for-women-and-girls-8.jpg\" alt=\"Fabricaci\u00f3n en China\" width=\"600\" height=\"600\" \/> <img loading=\"lazy\" decoding=\"async\" class=\"aligncenter wp-image-8747\" src=\"https:\/\/www.sellersunionagent.com\/wp-content\/uploads\/2022\/07\/shopping-bags-designed-for-women-and-girls-9.jpg\" alt=\"Fabricaci\u00f3n en China\" width=\"600\" height=\"600\" \/> <img loading=\"lazy\" decoding=\"async\" class=\"aligncenter wp-image-8750\" src=\"https:\/\/www.sellersunionagent.com\/wp-content\/uploads\/2022\/07\/\u8be6\u60c5\u9875.png\" alt=\"Fabricaci\u00f3n en China\" width=\"600\" height=\"639\" \/><\/p>","protected":false},"excerpt":{"rendered":"<p><strong>MOQ<\/strong>: 3000 piezas<br \/>\n<strong>Muestra gratuita<\/strong>:  Soporte<br \/>\n<strong>Personalizaci\u00f3n<\/strong>logo \/ color \/ materiales \/ embalaje, etc.<br \/>\n<strong>Descuento<\/strong>:  Primeros pedidos desde 10% de descuento.<br \/>\n<strong>Porcentaje de entregas a tiempo<\/strong>:\u00a0 100%<br \/>\n<strong>Env\u00edos totales<\/strong>:  10000 piezas<br \/>\n<strong>Env\u00edo<\/strong>: Apoyo Express-Carga mar\u00edtima-Carga terrestre<\/p>","protected":false},"featured_media":8750,"comment_status":"open","ping_status":"closed","template":"","meta":{"_acf_changed":false},"product_brand":[],"product_cat":[29],"product_tag":[115,56,93],"class_list":{"0":"post-8438","1":"product","2":"type-product","3":"status-publish","4":"has-post-thumbnail","6":"product_cat-shopping-bag","7":"product_tag-retailer","8":"product_tag-shopping-bag","9":"product_tag-storage","11":"first","12":"instock","13":"shipping-taxable","14":"purchasable","15":"product-type-simple","16":"swiper-slide"},"acf":[],"_links":{"self":[{"href":"https:\/\/www.sellersunionagent.com\/es\/wp-json\/wp\/v2\/product\/8438","targetHints":{"allow":["GET"]}}],"collection":[{"href":"https:\/\/www.sellersunionagent.com\/es\/wp-json\/wp\/v2\/product"}],"about":[{"href":"https:\/\/www.sellersunionagent.com\/es\/wp-json\/wp\/v2\/types\/product"}],"replies":[{"embeddable":true,"href":"https:\/\/www.sellersunionagent.com\/es\/wp-json\/wp\/v2\/comments?post=8438"}],"wp:featuredmedia":[{"embeddable":true,"href":"https:\/\/www.sellersunionagent.com\/es\/wp-json\/wp\/v2\/media\/8750"}],"wp:attachment":[{"href":"https:\/\/www.sellersunionagent.com\/es\/wp-json\/wp\/v2\/media?parent=8438"}],"wp:term":[{"taxonomy":"product_brand","embeddable":true,"href":"https:\/\/www.sellersunionagent.com\/es\/wp-json\/wp\/v2\/product_brand?post=8438"},{"taxonomy":"product_cat","embeddable":true,"href":"https:\/\/www.sellersunionagent.com\/es\/wp-json\/wp\/v2\/product_cat?post=8438"},{"taxonomy":"product_tag","embeddable":true,"href":"https:\/\/www.sellersunionagent.com\/es\/wp-json\/wp\/v2\/product_tag?post=8438"}],"curies":[{"name":"wp","href":"https:\/\/api.w.org\/{rel}","templated":true}]}}