{"id":8432,"date":"2022-07-01T16:48:16","date_gmt":"2022-07-01T08:48:16","guid":{"rendered":"https:\/\/sellersunionagent.com\/?post_type=product&#038;p=8432"},"modified":"2026-01-06T14:29:13","modified_gmt":"2026-01-06T06:29:13","slug":"reutilizables-bolsas-de-supermercado-bolsas-de-reciclaje-de-moda-con-la-bolsa-a-granel-maquina-lavable-bolsas-de-nylon-fabricacion-china","status":"publish","type":"product","link":"https:\/\/www.sellersunionagent.com\/es\/reusable-grocery-tote-bags-fashion-recycling-bags-with-pouch-bulk-machine-washable-nylon-bags-china-manufacturing\/","title":{"rendered":"Reutilizables de comestibles bolsas de bolsas de reciclaje de moda con la bolsa a granel lavable a m\u00e1quina bolsas de nylon China Fabricaci\u00f3n"},"content":{"rendered":"<h2><strong><b>Bolsas reutilizables de supermercado Bolsas de reciclaje de moda con bolsa A granel Bolsas de nylon lavables a m\u00e1quina<\/b><\/strong><strong><b>\u00a0Fabricaci\u00f3n en China<\/b><\/strong><\/h2>\n<p><strong>Tipo:<\/strong> Bolsa de la compra<\/p>\n<p><strong>Art\u00edculo No: <\/strong>LL007<\/p>\n<p><b>Material: <\/b>Oxford<\/p>\n<p><strong>Color:<\/strong> Amarillo<\/p>\n<p>&nbsp;<\/p>\n<p>&nbsp;<\/p>\n<ul class=\"a-unordered-list a-vertical a-spacing-mini\">\n<li><span class=\"a-list-item\">F\u00c1CIL DE TRANSPORTAR: Estas bolsas de la compra reutilizables plegables se pueden plegar f\u00e1cilmente en la bolsa de bolsillo adjunta, por lo que puede llevar bolsas de la compra reutilizables plegables en su bolso o coche sin ocupar demasiado espacio. El material de nylon hace que nuestra bolsa de la compra sea m\u00e1s ligera, pleg\u00e1ndose menos que el tama\u00f1o de la palma de la mano, colocada al azar en su bolso o coche, no ocupa espacio y es f\u00e1cil de guardar.<\/span><\/li>\n<\/ul>\n<p>&nbsp;<\/p>\n<p>&nbsp;<\/p>\n<ul class=\"a-unordered-list a-vertical a-spacing-mini\">\n<li><span class=\"a-list-item\">Lavable a m\u00e1quina y respetuoso con el medio ambiente: Hecho de tela de nylon durable reutilizable lavable a m\u00e1quina. Nuestras bolsas reutilizables son lavables a m\u00e1quina para ahorrar tiempo. Nuestras bolsas de supermercado reutilizables a granel s\u00f3lo tiene como objetivo crear un futuro con un planeta verde, feliz y necesitamos que se unan a nosotros, puede reutilizar estas bolsas de supermercado y reducir su huella de carbono y el uso de pl\u00e1stico por ser due\u00f1o de nuestras bolsas de la compra reutilizables. \u00a1Salvemos el mundo!<\/span><\/li>\n<\/ul>\n<p>&nbsp;<\/p>\n<p>&nbsp;<\/p>\n<ul class=\"a-unordered-list a-vertical a-spacing-mini\">\n<li><span class=\"a-list-item\">Conveniente para la variedad de ocasiones&amp;DIY APLICABLE: Los bolsos plegables del ultramarinos son moda tan excelente para los suministros diarios cuando usted necesita para un viaje o un regalo de la fiesta de cumplea\u00f1os, Halloween, d\u00eda de Navidad, d\u00eda de fiesta, ultramarinos, supermercado, etc; nuestro sistema de bolsos reutilizables puede agregar una cierta diversi\u00f3n a su ultramarinos de las compras. Se compone de 6 colores puros que capaz con su vida diaria.ofrecemos estas bolsas de la compra lavables en una diversi\u00f3n tantos, estilos vibrantes y colores.<\/span><\/li>\n<\/ul>\n<p>&nbsp;<\/p>\n<p>&nbsp;<\/p>\n<p><img fetchpriority=\"high\" decoding=\"async\" class=\"aligncenter wp-image-8742\" src=\"https:\/\/www.sellersunionagent.com\/wp-content\/uploads\/2022\/07\/reusable-grocery-tote-bags-3.png\" alt=\"Fabricaci\u00f3n en China\" width=\"600\" height=\"544\" \/><img decoding=\"async\" class=\"aligncenter wp-image-8738\" src=\"https:\/\/www.sellersunionagent.com\/wp-content\/uploads\/2022\/07\/reusable-grocery-tote-bags-5.png\" alt=\"Fabricaci\u00f3n en China\" width=\"600\" height=\"520\" \/> <img decoding=\"async\" class=\"aligncenter wp-image-8744\" src=\"https:\/\/www.sellersunionagent.com\/wp-content\/uploads\/2022\/07\/reusable-grocery-tote-bags-1.png\" alt=\"Fabricaci\u00f3n en China\" width=\"600\" height=\"543\" \/><img loading=\"lazy\" decoding=\"async\" class=\"aligncenter wp-image-9296\" src=\"https:\/\/www.sellersunionagent.com\/wp-content\/uploads\/2022\/07\/4594404576_71007103-1.jpg\" alt=\"\" width=\"600\" height=\"600\" \/> <img loading=\"lazy\" decoding=\"async\" class=\"aligncenter wp-image-9297\" src=\"https:\/\/www.sellersunionagent.com\/wp-content\/uploads\/2022\/07\/O1CN01uU7VTo1Bs2gqEQACH_0-0-cib-1.jpg\" alt=\"Fabricaci\u00f3n en China\" width=\"600\" height=\"600\" \/><\/p>","protected":false},"excerpt":{"rendered":"<p><strong>MOQ<\/strong>:  1000 piezas<br \/>\n<strong>Muestra gratuita<\/strong>:  Soporte<br \/>\n<strong>Personalizaci\u00f3n<\/strong>logo \/ color \/ materiales \/ embalaje, etc.<br \/>\n<strong>Descuento<\/strong>:  Primeros pedidos desde 10% de descuento.<br \/>\n<strong>Porcentaje de entregas a tiempo<\/strong>:\u00a0 100%<br \/>\n<strong>Env\u00edos totales<\/strong>:  10000 piezas<br \/>\n<strong>Env\u00edo<\/strong>: Apoyo Express-Carga mar\u00edtima-Carga terrestre<\/p>","protected":false},"featured_media":8433,"comment_status":"open","ping_status":"closed","template":"","meta":{"_acf_changed":false},"product_brand":[],"product_cat":[29],"product_tag":[56,93],"class_list":{"0":"post-8432","1":"product","2":"type-product","3":"status-publish","4":"has-post-thumbnail","6":"product_cat-shopping-bag","7":"product_tag-shopping-bag","8":"product_tag-storage","10":"first","11":"instock","12":"shipping-taxable","13":"purchasable","14":"product-type-simple","15":"swiper-slide"},"acf":[],"_links":{"self":[{"href":"https:\/\/www.sellersunionagent.com\/es\/wp-json\/wp\/v2\/product\/8432","targetHints":{"allow":["GET"]}}],"collection":[{"href":"https:\/\/www.sellersunionagent.com\/es\/wp-json\/wp\/v2\/product"}],"about":[{"href":"https:\/\/www.sellersunionagent.com\/es\/wp-json\/wp\/v2\/types\/product"}],"replies":[{"embeddable":true,"href":"https:\/\/www.sellersunionagent.com\/es\/wp-json\/wp\/v2\/comments?post=8432"}],"wp:featuredmedia":[{"embeddable":true,"href":"https:\/\/www.sellersunionagent.com\/es\/wp-json\/wp\/v2\/media\/8433"}],"wp:attachment":[{"href":"https:\/\/www.sellersunionagent.com\/es\/wp-json\/wp\/v2\/media?parent=8432"}],"wp:term":[{"taxonomy":"product_brand","embeddable":true,"href":"https:\/\/www.sellersunionagent.com\/es\/wp-json\/wp\/v2\/product_brand?post=8432"},{"taxonomy":"product_cat","embeddable":true,"href":"https:\/\/www.sellersunionagent.com\/es\/wp-json\/wp\/v2\/product_cat?post=8432"},{"taxonomy":"product_tag","embeddable":true,"href":"https:\/\/www.sellersunionagent.com\/es\/wp-json\/wp\/v2\/product_tag?post=8432"}],"curies":[{"name":"wp","href":"https:\/\/api.w.org\/{rel}","templated":true}]}}