{"id":8426,"date":"2022-07-01T16:36:34","date_gmt":"2022-07-01T08:36:34","guid":{"rendered":"https:\/\/sellersunionagent.com\/?post_type=product&#038;p=8426"},"modified":"2022-07-06T17:29:50","modified_gmt":"2022-07-06T09:29:50","slug":"bolsa-de-la-compra-mariposa-y-flor-sostenible-fabricacion-china","status":"publish","type":"product","link":"https:\/\/www.sellersunionagent.com\/es\/sustainable-butterfly-and-flower-shopping-bag-china-manufacturing\/","title":{"rendered":"Bolsa de la compra sostenible con mariposas y flores Fabricaci\u00f3n china"},"content":{"rendered":"<h2><strong><b>Bolsa de la compra sostenible con mariposas y flores Fabricaci\u00f3n china<\/b><\/strong><\/h2>\n<p>&nbsp;<\/p>\n<p>&nbsp;<\/p>\n<p>Esta bolsa de la compra es realmente f\u00e1cil de lavar porque est\u00e1 hecha de tela oxford. Simplemente puede utilizar un pa\u00f1o h\u00famedo para limpiarla y eliminar la suciedad.<\/p>\n<p>&nbsp;<\/p>\n<p>&nbsp;<\/p>\n<p>El tama\u00f1o de cada bolsa de la compra es de 45*35*8CM. La bolsa de la compra es plegable para un f\u00e1cil almacenamiento si no est\u00e1 en uso. Simplemente doblar y son ahorro de espacio cuando no est\u00e9 en uso o para transportar. Guardar en el coche, bolso, mochila y equipaje.<\/p>\n<p>&nbsp;<\/p>\n<p>&nbsp;<\/p>\n<p><p>Reutilizable y respetuosa con el medio ambiente<\/p> <p>Una bolsa de la compra reutilizable equivale a m\u00e1s de 1.000 veces el uso de bolsas de pl\u00e1stico desechables. Una gran alternativa a las bolsas de pl\u00e1stico de un solo uso, que a menudo no se reciclan y contaminan con frecuencia las v\u00edas fluviales y otras zonas p\u00fablicas. Elija una forma moderna y ecol\u00f3gica de proteger la Tierra. Guarde las bolsas de la compra plegadas en el bolso y en el coche para emergencias o actividades al aire libre.<\/p>\n<p>&nbsp;<\/p>\n<p>&nbsp;<\/p>\n<p><img fetchpriority=\"high\" decoding=\"async\" class=\"aligncenter wp-image-8429\" src=\"https:\/\/www.sellersunionagent.com\/wp-content\/uploads\/2022\/07\/sustainable-butterfly-and-flower-shopping-bag-2.jpg\" alt=\"Fabricaci\u00f3n en China\" width=\"600\" height=\"600\" \/><img decoding=\"async\" class=\"aligncenter wp-image-8735\" src=\"https:\/\/www.sellersunionagent.com\/wp-content\/uploads\/2022\/07\/sustainable-butterfly-and-flower-shopping-bag-11.jpg\" alt=\"Fabricaci\u00f3n en China\" width=\"600\" height=\"600\" \/> <img decoding=\"async\" class=\"aligncenter wp-image-8736\" src=\"https:\/\/www.sellersunionagent.com\/wp-content\/uploads\/2022\/07\/sustainable-butterfly-and-flower-shopping-bag.png\" alt=\"Fabricaci\u00f3n en China\" width=\"600\" height=\"588\" \/><\/p>","protected":false},"excerpt":{"rendered":"<p>Tipo: Bolsa de la compra<\/p>\n<p>N\u00ba de art\u00edculo:LL006<\/p>\n<p>Tama\u00f1o: 45*35*8CM<\/p>\n<p>OEM\/ODM: Aceptado<\/p>","protected":false},"featured_media":8430,"comment_status":"open","ping_status":"closed","template":"","meta":{"_acf_changed":false},"product_brand":[],"product_cat":[29],"product_tag":[56,93],"class_list":{"0":"post-8426","1":"product","2":"type-product","3":"status-publish","4":"has-post-thumbnail","6":"product_cat-shopping-bag","7":"product_tag-shopping-bag","8":"product_tag-storage","10":"first","11":"instock","12":"shipping-taxable","13":"product-type-simple","14":"swiper-slide"},"acf":[],"_links":{"self":[{"href":"https:\/\/www.sellersunionagent.com\/es\/wp-json\/wp\/v2\/product\/8426","targetHints":{"allow":["GET"]}}],"collection":[{"href":"https:\/\/www.sellersunionagent.com\/es\/wp-json\/wp\/v2\/product"}],"about":[{"href":"https:\/\/www.sellersunionagent.com\/es\/wp-json\/wp\/v2\/types\/product"}],"replies":[{"embeddable":true,"href":"https:\/\/www.sellersunionagent.com\/es\/wp-json\/wp\/v2\/comments?post=8426"}],"wp:featuredmedia":[{"embeddable":true,"href":"https:\/\/www.sellersunionagent.com\/es\/wp-json\/wp\/v2\/media\/8430"}],"wp:attachment":[{"href":"https:\/\/www.sellersunionagent.com\/es\/wp-json\/wp\/v2\/media?parent=8426"}],"wp:term":[{"taxonomy":"product_brand","embeddable":true,"href":"https:\/\/www.sellersunionagent.com\/es\/wp-json\/wp\/v2\/product_brand?post=8426"},{"taxonomy":"product_cat","embeddable":true,"href":"https:\/\/www.sellersunionagent.com\/es\/wp-json\/wp\/v2\/product_cat?post=8426"},{"taxonomy":"product_tag","embeddable":true,"href":"https:\/\/www.sellersunionagent.com\/es\/wp-json\/wp\/v2\/product_tag?post=8426"}],"curies":[{"name":"wp","href":"https:\/\/api.w.org\/{rel}","templated":true}]}}