{"id":8408,"date":"2022-07-01T16:11:13","date_gmt":"2022-07-01T08:11:13","guid":{"rendered":"https:\/\/sellersunionagent.com\/?post_type=product&#038;p=8408"},"modified":"2026-01-06T14:29:14","modified_gmt":"2026-01-06T06:29:14","slug":"bolsa-reutilizable-para-la-compra-bolsa-para-reparto-de-comida-bolsa-de-compras-resistente-fabricacion-en-china","status":"publish","type":"product","link":"https:\/\/www.sellersunionagent.com\/es\/reusable-grocery-bag-food-delivery-bag-durable-shopping-bag-china-manufacturing\/","title":{"rendered":"Bolsas reutilizables, bolsas para alimentos, bolsas de compras duraderas Fabricaci\u00f3n en China"},"content":{"rendered":"<h2><strong><b>Bolsa reutilizable para la compra, bolsa para reparto de comida, resistente<\/b><\/strong><strong><b>\u00a0Bolsa de compras Fabricaci\u00f3n en China<\/b><\/strong><\/h2>\n<p><strong>Tipo:<\/strong> Bolsa de la compra<\/p>\n<p><strong>Art\u00edculo No: <\/strong>LL005<\/p>\n<p><strong>Tama\u00f1o:<\/strong> 38 x 58 cm<\/p>\n<p><strong>OEM\/ODM:<\/strong> Aceptado<\/p>\n<p>&nbsp;<\/p>\n<p>&nbsp;<\/p>\n<p>Es una bolsa de compras sostenible que evita que el pl\u00e1stico termine contaminando los oc\u00e9anos, los lagos y los vertederos. Siga utilizando esta bolsa de compras cuando vaya al supermercado para ayudar a proteger el medio ambiente y crear un mundo mejor.<\/p>\n<p>&nbsp;<\/p>\n<p>&nbsp;<\/p>\n<p>El tama\u00f1o de esta bolsa de compras es de 38 x 58 cm, lo suficientemente grande como para guardar muchos art\u00edculos de uso diario, como comida para picnics, campamentos, catering, d\u00edas de playa y otros.<\/p>\n<p>&nbsp;<\/p>\n<p>Gracias al poli\u00e9ster, se puede doblar f\u00e1cilmente y su peso total es ligero. Puedes guardarlo en tu bolsillo cuando vayas al supermercado o a la universidad.<\/p>\n<p>&nbsp;<\/p>\n<p><img fetchpriority=\"high\" decoding=\"async\" class=\"aligncenter wp-image-8732\" src=\"https:\/\/www.sellersunionagent.com\/wp-content\/uploads\/2022\/07\/reusable-grocery-bag-1.png\" alt=\"Fabricaci\u00f3n en China\" width=\"600\" height=\"387\" \/><\/p>\n<p><img decoding=\"async\" class=\"aligncenter wp-image-8422\" src=\"https:\/\/www.sellersunionagent.com\/wp-content\/uploads\/2022\/07\/durable-shopping-bag-china-3.jpg\" alt=\"Fabricaci\u00f3n en China\" width=\"600\" height=\"600\" \/><img decoding=\"async\" class=\"aligncenter wp-image-8734\" src=\"https:\/\/www.sellersunionagent.com\/wp-content\/uploads\/2022\/07\/reusable-grocery-bag.png\" alt=\"Fabricaci\u00f3n en China\" width=\"600\" height=\"605\" \/><\/p>\n<p>&nbsp;<\/p>","protected":false},"excerpt":{"rendered":"<p><strong>MOQ<\/strong>: 3000 piezas<br \/>\n<strong>Muestra gratuita<\/strong>:  Soporte<br \/>\n<strong>Personalizaci\u00f3n<\/strong>logo \/ color \/ materiales \/ embalaje, etc.<br \/>\n<strong>Descuento<\/strong>:  Primeros pedidos desde 10% de descuento.<br \/>\n<strong>Porcentaje de entregas a tiempo<\/strong>:\u00a0 100%<br \/>\n<strong>Env\u00edos totales<\/strong>:  10000 piezas<br \/>\n<strong>Env\u00edo<\/strong>: Apoyo Express-Carga mar\u00edtima-Carga terrestre<\/p>","protected":false},"featured_media":8423,"comment_status":"open","ping_status":"closed","template":"","meta":{"_acf_changed":false},"product_brand":[],"product_cat":[29],"product_tag":[56,93],"class_list":{"0":"post-8408","1":"product","2":"type-product","3":"status-publish","4":"has-post-thumbnail","6":"product_cat-shopping-bag","7":"product_tag-shopping-bag","8":"product_tag-storage","10":"first","11":"instock","12":"shipping-taxable","13":"purchasable","14":"product-type-simple","15":"swiper-slide"},"acf":[],"_links":{"self":[{"href":"https:\/\/www.sellersunionagent.com\/es\/wp-json\/wp\/v2\/product\/8408","targetHints":{"allow":["GET"]}}],"collection":[{"href":"https:\/\/www.sellersunionagent.com\/es\/wp-json\/wp\/v2\/product"}],"about":[{"href":"https:\/\/www.sellersunionagent.com\/es\/wp-json\/wp\/v2\/types\/product"}],"replies":[{"embeddable":true,"href":"https:\/\/www.sellersunionagent.com\/es\/wp-json\/wp\/v2\/comments?post=8408"}],"wp:featuredmedia":[{"embeddable":true,"href":"https:\/\/www.sellersunionagent.com\/es\/wp-json\/wp\/v2\/media\/8423"}],"wp:attachment":[{"href":"https:\/\/www.sellersunionagent.com\/es\/wp-json\/wp\/v2\/media?parent=8408"}],"wp:term":[{"taxonomy":"product_brand","embeddable":true,"href":"https:\/\/www.sellersunionagent.com\/es\/wp-json\/wp\/v2\/product_brand?post=8408"},{"taxonomy":"product_cat","embeddable":true,"href":"https:\/\/www.sellersunionagent.com\/es\/wp-json\/wp\/v2\/product_cat?post=8408"},{"taxonomy":"product_tag","embeddable":true,"href":"https:\/\/www.sellersunionagent.com\/es\/wp-json\/wp\/v2\/product_tag?post=8408"}],"curies":[{"name":"wp","href":"https:\/\/api.w.org\/{rel}","templated":true}]}}