{"id":8401,"date":"2022-07-01T18:29:19","date_gmt":"2022-07-01T10:29:19","guid":{"rendered":"https:\/\/sellersunionagent.com\/?post_type=product&#038;p=8401"},"modified":"2022-07-01T18:29:20","modified_gmt":"2022-07-01T10:29:20","slug":"papel-kraft-impermeable-bolsa-de-cosmeticos-a-granel-proveedor-al-por-mayor","status":"publish","type":"product","link":"https:\/\/www.sellersunionagent.com\/es\/waterproof-kraft-paper-cosmetic-bag-bulk-wholesale-supplier\/","title":{"rendered":"Bolsa de papel kraft impermeable para cosm\u00e9ticos al por mayor"},"content":{"rendered":"<h2>Bolsa de papel kraft impermeable para cosm\u00e9ticos al por mayor<\/h2>\n<ul>\n<li>Material impermeable, no se rompe f\u00e1cilmente, antisalpicaduras<\/li>\n<li>Textura del papel<\/li>\n<li>Atribuido a la pulcritud<\/li>\n<li>Cremallera suave y de alta calidad<\/li>\n<li>Dise\u00f1o de junta \u00fanico<\/li>\n<li>El gancho permite colgar la bolsa en la percha<\/li>\n<li>Apoyo a la personalizaci\u00f3n<br \/>\n<img fetchpriority=\"high\" decoding=\"async\" class=\"aligncenter wp-image-8416\" src=\"https:\/\/www.sellersunionagent.com\/wp-content\/uploads\/2022\/07\/waterproof-kraft-paper-cosmetic-bag-4.jpg\" alt=\"Proveedor mayorista a granel\" width=\"600\" height=\"600\" \/><img decoding=\"async\" class=\"aligncenter wp-image-8412\" src=\"https:\/\/www.sellersunionagent.com\/wp-content\/uploads\/2022\/07\/waterproof-kraft-paper-cosmetic-bag-8.png\" alt=\"Proveedor mayorista a granel\" width=\"600\" height=\"468\" \/><img decoding=\"async\" class=\"aligncenter wp-image-8409\" src=\"https:\/\/www.sellersunionagent.com\/wp-content\/uploads\/2022\/07\/waterproof-kraft-paper-cosmetic-bag-11.jpg\" alt=\"Proveedor mayorista a granel\" width=\"600\" height=\"600\" \/><img loading=\"lazy\" decoding=\"async\" class=\"aligncenter wp-image-8415\" src=\"https:\/\/www.sellersunionagent.com\/wp-content\/uploads\/2022\/07\/waterproof-kraft-paper-cosmetic-bag-5.png\" alt=\"Proveedor mayorista a granel\" width=\"600\" height=\"488\" \/> <img loading=\"lazy\" decoding=\"async\" class=\"aligncenter wp-image-8414\" src=\"https:\/\/www.sellersunionagent.com\/wp-content\/uploads\/2022\/07\/waterproof-kraft-paper-cosmetic-bag-6.png\" alt=\"Proveedor mayorista a granel\" width=\"600\" height=\"480\" \/> <img loading=\"lazy\" decoding=\"async\" class=\"aligncenter wp-image-8413\" src=\"https:\/\/www.sellersunionagent.com\/wp-content\/uploads\/2022\/07\/waterproof-kraft-paper-cosmetic-bag-7.png\" alt=\"Proveedor mayorista a granel\" width=\"600\" height=\"483\" \/><img loading=\"lazy\" decoding=\"async\" class=\"aligncenter wp-image-8411\" src=\"https:\/\/www.sellersunionagent.com\/wp-content\/uploads\/2022\/07\/waterproof-kraft-paper-cosmetic-bag-9.png\" alt=\"Proveedor mayorista a granel\" width=\"600\" height=\"474\" \/><\/li>\n<\/ul>","protected":false},"excerpt":{"rendered":"<p><strong>Tipo<\/strong>: Neceser de maquillaje<\/p>\n<p><strong>N\u00famero de art\u00edculo:<\/strong> JH003<\/p>\n<p><strong>Tama\u00f1o del art\u00edculo<\/strong>:13.5*9*6CM\/ 19.5*11*6CM<\/p>\n<p><strong>Colores<\/strong>: Amarillo\/gris<\/p>\n<p><strong>Material: <\/strong>Papel kraft impermeable<\/p>\n<p>&nbsp;<\/p>\n<p>Bolsas al por mayor a granel es barato ahora. \u00a1Materiales seleccionados, artesan\u00eda superior, absolutamente no le dejar\u00e1 decepcionar a la elecci\u00f3n!<\/p>","protected":false},"featured_media":8419,"comment_status":"open","ping_status":"closed","template":"","meta":{"_acf_changed":false},"product_brand":[],"product_cat":[30],"product_tag":[100],"class_list":{"0":"post-8401","1":"product","2":"type-product","3":"status-publish","4":"has-post-thumbnail","6":"product_cat-makeup-bag","7":"product_tag-waterproof","9":"first","10":"instock","11":"shipping-taxable","12":"product-type-simple","13":"swiper-slide"},"acf":[],"_links":{"self":[{"href":"https:\/\/www.sellersunionagent.com\/es\/wp-json\/wp\/v2\/product\/8401","targetHints":{"allow":["GET"]}}],"collection":[{"href":"https:\/\/www.sellersunionagent.com\/es\/wp-json\/wp\/v2\/product"}],"about":[{"href":"https:\/\/www.sellersunionagent.com\/es\/wp-json\/wp\/v2\/types\/product"}],"replies":[{"embeddable":true,"href":"https:\/\/www.sellersunionagent.com\/es\/wp-json\/wp\/v2\/comments?post=8401"}],"wp:featuredmedia":[{"embeddable":true,"href":"https:\/\/www.sellersunionagent.com\/es\/wp-json\/wp\/v2\/media\/8419"}],"wp:attachment":[{"href":"https:\/\/www.sellersunionagent.com\/es\/wp-json\/wp\/v2\/media?parent=8401"}],"wp:term":[{"taxonomy":"product_brand","embeddable":true,"href":"https:\/\/www.sellersunionagent.com\/es\/wp-json\/wp\/v2\/product_brand?post=8401"},{"taxonomy":"product_cat","embeddable":true,"href":"https:\/\/www.sellersunionagent.com\/es\/wp-json\/wp\/v2\/product_cat?post=8401"},{"taxonomy":"product_tag","embeddable":true,"href":"https:\/\/www.sellersunionagent.com\/es\/wp-json\/wp\/v2\/product_tag?post=8401"}],"curies":[{"name":"wp","href":"https:\/\/api.w.org\/{rel}","templated":true}]}}