{"id":8389,"date":"2022-06-30T18:19:35","date_gmt":"2022-06-30T10:19:35","guid":{"rendered":"https:\/\/sellersunionagent.com\/?post_type=product&#038;p=8389"},"modified":"2026-01-06T14:29:16","modified_gmt":"2026-01-06T06:29:16","slug":"nuevo-diseno-bolsa-de-maquillaje-neceser-de-viaje-para-mujeres-ninas","status":"publish","type":"product","link":"https:\/\/www.sellersunionagent.com\/es\/new-design-makeup-bag-travel-toiletry-bag-for-women-girls\/","title":{"rendered":"Nuevo dise\u00f1o Bolsa de maquillaje Neceser de viaje para mujeres Ni\u00f1as"},"content":{"rendered":"<h2 id=\"title\" class=\"a-size-large a-spacing-none\"><span id=\"productTitle\" class=\"a-size-large product-title-word-break\">Bolsa de Maquillaje para Bolso Bolsa Cosm\u00e9tica Bolsa de Viaje Neceser Bolsa Organizadora Impermeable para Mujeres Ni\u00f1as<\/span><\/h2>\n<p>&nbsp;<\/p>\n<p>&nbsp;<\/p>\n<ul>\n<li><strong>NECESER MULTIFUNCIONAL<\/strong> - Es una bolsa de maquillaje funcional, bolsa de cosm\u00e9ticos, bolsa organizadora de viaje. Bolsillo principal de tama\u00f1o decente tiene muchos art\u00edculos peque\u00f1os como herramientas de maquillaje cosm\u00e9ticos como l\u00e1piz labial o sombra de ojos, ajuste 7 pulgadas pincel de maquillaje y 5 pulgadas l\u00e1piz labial.<\/li>\n<\/ul>\n<p>&nbsp;<\/p>\n<p>&nbsp;<\/p>\n<ul>\n<li><strong>CALIDAD SUPERIOR<\/strong> -Textura \u00fanica, forro agradable y cremalleras suaves.<\/li>\n<\/ul>\n<p>&nbsp;<\/p>\n<p>&nbsp;<\/p>\n<ul>\n<li><strong>SOLICITUD<\/strong> - Perfecto para adolescentes, ni\u00f1as, mujeres para viajes, negocios, art\u00edculos para el hogar organizador de uso diario o lindo regalo para alguien. Es el art\u00edculo perfecto para cada temporada durante todo el a\u00f1o.<\/li>\n<\/ul>\n<p>&nbsp;<\/p>\n<p><img fetchpriority=\"high\" decoding=\"async\" class=\"aligncenter wp-image-8391\" src=\"https:\/\/www.sellersunionagent.com\/wp-content\/uploads\/2022\/06\/makeup-organizer-cosmetic-bag-7.jpg\" alt=\"\" width=\"600\" height=\"600\" \/>&#8216; <img decoding=\"async\" class=\"aligncenter wp-image-8392\" src=\"https:\/\/www.sellersunionagent.com\/wp-content\/uploads\/2022\/06\/makeup-organizer-cosmetic-bag-6.jpg\" alt=\"\" width=\"600\" height=\"600\" \/><\/p>\n<p><img decoding=\"async\" class=\"aligncenter wp-image-9009\" src=\"https:\/\/www.sellersunionagent.com\/wp-content\/uploads\/2022\/06\/12e20a00d10054b750328da7738c721.png\" alt=\"Proveedor mayorista\" width=\"600\" height=\"637\" \/><\/p>\n<p><img loading=\"lazy\" decoding=\"async\" class=\"aligncenter wp-image-9008\" src=\"https:\/\/www.sellersunionagent.com\/wp-content\/uploads\/2022\/06\/8c721e6e4180d767237d4246bf09133.png\" alt=\"Proveedor mayorista\" width=\"600\" height=\"589\" \/><\/p>\n<p><img loading=\"lazy\" decoding=\"async\" class=\"aligncenter wp-image-9010\" src=\"https:\/\/www.sellersunionagent.com\/wp-content\/uploads\/2022\/06\/16f2e5ad5d5d5f77028ee085a100bcd.png\" alt=\"Proveedor mayorista\" width=\"600\" height=\"586\" \/><\/p>\n<p>&nbsp;<\/p>\n<p>&nbsp;<\/p>","protected":false},"excerpt":{"rendered":"<p><strong>MOQ<\/strong>:  100 piezas<br \/>\n<strong>Muestra gratuita<\/strong>:  Soporte<br \/>\n<strong>Personalizaci\u00f3n<\/strong>logo \/ color \/ materiales \/ embalaje, etc.<br \/>\n<strong>Descuento<\/strong>:  Primeros pedidos desde 10% de descuento.<br \/>\n<strong>Porcentaje de entregas a tiempo<\/strong>:\u00a0 100%<br \/>\n<strong>Env\u00edos totales<\/strong>: 75500 piezas<br \/>\n<strong>Env\u00edo<\/strong>: Apoyo Express-Carga mar\u00edtima-Carga terrestre<\/p>","protected":false},"featured_media":8390,"comment_status":"open","ping_status":"closed","template":"","meta":{"_acf_changed":false},"product_brand":[],"product_cat":[30],"product_tag":[47,171,78,67,63],"class_list":{"0":"post-8389","1":"product","2":"type-product","3":"status-publish","4":"has-post-thumbnail","6":"product_cat-makeup-bag","7":"product_tag-hot-sale","8":"product_tag-make-up-hot","9":"product_tag-makeup-bag","10":"product_tag-travel-organizer","11":"product_tag-washing-baghangingtoiletry-bag","13":"first","14":"instock","15":"shipping-taxable","16":"purchasable","17":"product-type-simple","18":"swiper-slide"},"acf":[],"_links":{"self":[{"href":"https:\/\/www.sellersunionagent.com\/es\/wp-json\/wp\/v2\/product\/8389","targetHints":{"allow":["GET"]}}],"collection":[{"href":"https:\/\/www.sellersunionagent.com\/es\/wp-json\/wp\/v2\/product"}],"about":[{"href":"https:\/\/www.sellersunionagent.com\/es\/wp-json\/wp\/v2\/types\/product"}],"replies":[{"embeddable":true,"href":"https:\/\/www.sellersunionagent.com\/es\/wp-json\/wp\/v2\/comments?post=8389"}],"wp:featuredmedia":[{"embeddable":true,"href":"https:\/\/www.sellersunionagent.com\/es\/wp-json\/wp\/v2\/media\/8390"}],"wp:attachment":[{"href":"https:\/\/www.sellersunionagent.com\/es\/wp-json\/wp\/v2\/media?parent=8389"}],"wp:term":[{"taxonomy":"product_brand","embeddable":true,"href":"https:\/\/www.sellersunionagent.com\/es\/wp-json\/wp\/v2\/product_brand?post=8389"},{"taxonomy":"product_cat","embeddable":true,"href":"https:\/\/www.sellersunionagent.com\/es\/wp-json\/wp\/v2\/product_cat?post=8389"},{"taxonomy":"product_tag","embeddable":true,"href":"https:\/\/www.sellersunionagent.com\/es\/wp-json\/wp\/v2\/product_tag?post=8389"}],"curies":[{"name":"wp","href":"https:\/\/api.w.org\/{rel}","templated":true}]}}