{"id":8378,"date":"2022-06-30T18:14:08","date_gmt":"2022-06-30T10:14:08","guid":{"rendered":"https:\/\/sellersunionagent.com\/?post_type=product&#038;p=8378"},"modified":"2022-07-09T15:31:05","modified_gmt":"2022-07-09T07:31:05","slug":"mayorista-bolsa-de-maquillaje-bolsa-de-viaje-de-cosmeticos-para-las-mujeres-ninas","status":"publish","type":"product","link":"https:\/\/www.sellersunionagent.com\/es\/wholesale-makeup-bag-cosmetic-travel-bag-for-women-girls\/","title":{"rendered":"Mayorista Bolsa de Maquillaje Bolsa Cosmetica de Viaje para Mujeres Ni\u00f1as\u00a0"},"content":{"rendered":"<h2 id=\"title\" class=\"a-size-large a-spacing-none\"><span id=\"productTitle\" class=\"a-size-large product-title-word-break\">Bolsa de Maquillaje Bolsa de Viaje para Cosm\u00e9ticos Organizador de Maquillaje Bolsa Peque\u00f1a para Cosm\u00e9ticos Estuche Port\u00e1til para Pinceles para Mujeres Ni\u00f1as\u00a0<\/span><\/h2>\n<p>&nbsp;<\/p>\n<p>&nbsp;<\/p>\n<ul>\n<li><strong>TAMA\u00d1O COMPACTO DE VIAJE<\/strong> - Tama\u00f1o: 22*7*14cm, port\u00e1til y ligero. La peque\u00f1a bolsa de cosm\u00e9ticos puede contener algunos peque\u00f1os cosm\u00e9ticos y productos de cuidado de la piel, se puede utilizar para el cambio, l\u00e1piz labial, herramientas de maquillaje, etc.<\/li>\n<\/ul>\n<p>&nbsp;<\/p>\n<p>&nbsp;<\/p>\n<ul>\n<li><strong>REGALOS PERFECTOS<\/strong> - Nuestros neceseres son adecuados para adolescentes, ni\u00f1as y mujeres, se puede utilizar en la vida diaria, negocios, viajes, fin de semana. Y trabajar como bolsas de aseo, bolsa de maquillaje, joyero, monedero. Regalo perfecto para el d\u00eda de San Valent\u00edn, Navidad, cumplea\u00f1os, aniversario, Acci\u00f3n de Gracias.<\/li>\n<\/ul>\n<p>&nbsp;<\/p>\n<p>&nbsp;<\/p>\n<ul>\n<li><strong>COMPRE CON CONFIANZA<\/strong> - Gloppie se compromete a proporcionar a los clientes productos de calidad y servicios atentos. Si usted tiene alguna pregunta durante el uso de nuestro estuche de maquillaje, por favor h\u00e1ganoslo saber. La satisfacci\u00f3n de nuestros clientes es nuestro mayor objetivo.<\/li>\n<\/ul>\n<p>&nbsp;<\/p>\n<p><img fetchpriority=\"high\" decoding=\"async\" class=\"aligncenter wp-image-8384\" src=\"https:\/\/www.sellersunionagent.com\/wp-content\/uploads\/2022\/06\/makeup-organizer-cosmetic-bag-11.jpg\" alt=\"\" width=\"500\" height=\"500\" \/><\/p>\n<p><img decoding=\"async\" class=\"aligncenter wp-image-8385\" src=\"https:\/\/www.sellersunionagent.com\/wp-content\/uploads\/2022\/06\/makeup-organizer-cosmetic-bag-10.jpg\" alt=\"\" width=\"500\" height=\"500\" \/><\/p>\n<p><img decoding=\"async\" class=\"aligncenter wp-image-8386\" src=\"https:\/\/www.sellersunionagent.com\/wp-content\/uploads\/2022\/06\/makeup-organizer-cosmetic-bag-9.jpg\" alt=\"\" width=\"500\" height=\"500\" \/><\/p>","protected":false},"excerpt":{"rendered":"<p><strong>Tipo<\/strong>: Neceser de maquillaje<\/p>\n<p><strong>N\u00famero de art\u00edculo:<\/strong> JL003<\/p>\n<p><strong>Tama\u00f1o del art\u00edculo<\/strong>: 22*7*14cm<\/p>\n<p><strong>Material: <\/strong>PVC<\/p>","protected":false},"featured_media":8381,"comment_status":"open","ping_status":"closed","template":"","meta":{"_acf_changed":false},"product_brand":[],"product_cat":[30],"product_tag":[78,89,67,91,65],"class_list":{"0":"post-8378","1":"product","2":"type-product","3":"status-publish","4":"has-post-thumbnail","6":"product_cat-makeup-bag","7":"product_tag-makeup-bag","8":"product_tag-multi-function","9":"product_tag-travel-organizer","10":"product_tag-wholesaler","11":"product_tag-women","13":"first","14":"instock","15":"shipping-taxable","16":"product-type-simple","17":"swiper-slide"},"acf":[],"_links":{"self":[{"href":"https:\/\/www.sellersunionagent.com\/es\/wp-json\/wp\/v2\/product\/8378","targetHints":{"allow":["GET"]}}],"collection":[{"href":"https:\/\/www.sellersunionagent.com\/es\/wp-json\/wp\/v2\/product"}],"about":[{"href":"https:\/\/www.sellersunionagent.com\/es\/wp-json\/wp\/v2\/types\/product"}],"replies":[{"embeddable":true,"href":"https:\/\/www.sellersunionagent.com\/es\/wp-json\/wp\/v2\/comments?post=8378"}],"wp:featuredmedia":[{"embeddable":true,"href":"https:\/\/www.sellersunionagent.com\/es\/wp-json\/wp\/v2\/media\/8381"}],"wp:attachment":[{"href":"https:\/\/www.sellersunionagent.com\/es\/wp-json\/wp\/v2\/media?parent=8378"}],"wp:term":[{"taxonomy":"product_brand","embeddable":true,"href":"https:\/\/www.sellersunionagent.com\/es\/wp-json\/wp\/v2\/product_brand?post=8378"},{"taxonomy":"product_cat","embeddable":true,"href":"https:\/\/www.sellersunionagent.com\/es\/wp-json\/wp\/v2\/product_cat?post=8378"},{"taxonomy":"product_tag","embeddable":true,"href":"https:\/\/www.sellersunionagent.com\/es\/wp-json\/wp\/v2\/product_tag?post=8378"}],"curies":[{"name":"wp","href":"https:\/\/api.w.org\/{rel}","templated":true}]}}