{"id":8367,"date":"2022-06-30T17:47:15","date_gmt":"2022-06-30T09:47:15","guid":{"rendered":"https:\/\/sellersunionagent.com\/?post_type=product&#038;p=8367"},"modified":"2022-06-30T17:47:15","modified_gmt":"2022-06-30T09:47:15","slug":"fabricantes-spot-multicolor-supermercado-bolsa-de-la-compra-al-por-mayor","status":"publish","type":"product","link":"https:\/\/www.sellersunionagent.com\/es\/manufacturers-spot-multi-color-supermarket-shopping-bag-wholesale\/","title":{"rendered":"Fabricante Spot Multicolor Bolsa de la compra para supermercado al por mayor"},"content":{"rendered":"<h2>Fabricante Spot Multicolor Bolsa de la compra para supermercado al por mayor<\/h2>\n<ul>\n<li>Un gran n\u00famero de stock de f\u00e1brica, apoyar la personalizaci\u00f3n. Varios estilos, colores ricos.<\/li>\n<li>Materiales de alta calidad, protecci\u00f3n del medio ambiente y a la moda.<\/li>\n<li>Diferentes especificaciones para satisfacer diferentes necesidades a la hora de comprar<\/li>\n<li>Ultraligero, viaja sin agobios, plegado es un peque\u00f1o volumen<\/li>\n<li><img fetchpriority=\"high\" decoding=\"async\" class=\"aligncenter wp-image-8372\" src=\"https:\/\/www.sellersunionagent.com\/wp-content\/uploads\/2022\/06\/supermarket-shopping-bag-4.jpg\" alt=\"Mayorista de manchas del fabricante\" width=\"600\" height=\"600\" \/><img decoding=\"async\" class=\"aligncenter wp-image-8373\" src=\"https:\/\/www.sellersunionagent.com\/wp-content\/uploads\/2022\/06\/supermarket-shopping-bag-3.jpg\" alt=\"Mayorista de manchas del fabricante\" width=\"600\" height=\"600\" \/><img decoding=\"async\" class=\"aligncenter wp-image-8374\" src=\"https:\/\/www.sellersunionagent.com\/wp-content\/uploads\/2022\/06\/supermarket-shopping-bag-2.jpg\" alt=\"Mayorista de manchas del fabricante\" width=\"600\" height=\"600\" \/><img loading=\"lazy\" decoding=\"async\" class=\"aligncenter wp-image-8375\" src=\"https:\/\/www.sellersunionagent.com\/wp-content\/uploads\/2022\/06\/supermarket-shopping-bag-1.jpg\" alt=\"Mayorista de manchas del fabricante\" width=\"600\" height=\"600\" \/><img loading=\"lazy\" decoding=\"async\" class=\"aligncenter wp-image-8370\" src=\"https:\/\/www.sellersunionagent.com\/wp-content\/uploads\/2022\/06\/supermarket-shopping-bag-6.jpg\" alt=\"Mayorista de manchas del fabricante\" width=\"600\" height=\"600\" \/><img loading=\"lazy\" decoding=\"async\" class=\"aligncenter wp-image-8369\" src=\"https:\/\/www.sellersunionagent.com\/wp-content\/uploads\/2022\/06\/supermarket-shopping-bag-7.jpg\" alt=\"Mayorista de manchas del fabricante\" width=\"600\" height=\"600\" \/><\/li>\n<\/ul>","protected":false},"excerpt":{"rendered":"<p><strong>Tipo<\/strong>: Bolsa de la compra<\/p>\n<p><strong>N\u00famero de art\u00edculo:<\/strong> YC004<\/p>\n<p><strong>Tama\u00f1o del art\u00edculo<\/strong>: 46*66cm<\/p>\n<p><strong>Colores<\/strong>: Personalizaci\u00f3n<\/p>\n<p><strong>Material: <\/strong>Poli\u00e9ster<\/p>\n<p>&nbsp;<\/p>\n<p>Estamos en l\u00ednea con el concepto de protecci\u00f3n del medio ambiente y la moda, con el fin de dise\u00f1ar bolsas de la compra plegables de protecci\u00f3n del medio ambiente para tratar mejor a nuestra tierra. Esta bolsa de la compra tiene stock de f\u00e1brica, f\u00e1cil de llevar, plegable, lavable, adecuado para todas las ocasiones. \u00a1Hable con nosotros acerca de la costumbre m\u00e1s!<\/p>","protected":false},"featured_media":8376,"comment_status":"open","ping_status":"closed","template":"","meta":{"_acf_changed":false},"product_brand":[],"product_cat":[29],"product_tag":[144,145,50],"class_list":{"0":"post-8367","1":"product","2":"type-product","3":"status-publish","4":"has-post-thumbnail","6":"product_cat-shopping-bag","7":"product_tag-manufacturers-spot","8":"product_tag-supermarket-shopping-bag","9":"product_tag-wholesale","11":"first","12":"instock","13":"shipping-taxable","14":"product-type-simple","15":"swiper-slide"},"acf":[],"_links":{"self":[{"href":"https:\/\/www.sellersunionagent.com\/es\/wp-json\/wp\/v2\/product\/8367","targetHints":{"allow":["GET"]}}],"collection":[{"href":"https:\/\/www.sellersunionagent.com\/es\/wp-json\/wp\/v2\/product"}],"about":[{"href":"https:\/\/www.sellersunionagent.com\/es\/wp-json\/wp\/v2\/types\/product"}],"replies":[{"embeddable":true,"href":"https:\/\/www.sellersunionagent.com\/es\/wp-json\/wp\/v2\/comments?post=8367"}],"wp:featuredmedia":[{"embeddable":true,"href":"https:\/\/www.sellersunionagent.com\/es\/wp-json\/wp\/v2\/media\/8376"}],"wp:attachment":[{"href":"https:\/\/www.sellersunionagent.com\/es\/wp-json\/wp\/v2\/media?parent=8367"}],"wp:term":[{"taxonomy":"product_brand","embeddable":true,"href":"https:\/\/www.sellersunionagent.com\/es\/wp-json\/wp\/v2\/product_brand?post=8367"},{"taxonomy":"product_cat","embeddable":true,"href":"https:\/\/www.sellersunionagent.com\/es\/wp-json\/wp\/v2\/product_cat?post=8367"},{"taxonomy":"product_tag","embeddable":true,"href":"https:\/\/www.sellersunionagent.com\/es\/wp-json\/wp\/v2\/product_tag?post=8367"}],"curies":[{"name":"wp","href":"https:\/\/api.w.org\/{rel}","templated":true}]}}