{"id":8354,"date":"2022-06-30T16:14:37","date_gmt":"2022-06-30T08:14:37","guid":{"rendered":"https:\/\/sellersunionagent.com\/?post_type=product&#038;p=8354"},"modified":"2022-07-11T15:18:58","modified_gmt":"2022-07-11T07:18:58","slug":"bolsas-de-la-compra-para-las-mujeres-de-la-escuela-bolsas-de-hombro-totes-con-bolsa-de-telefono","status":"publish","type":"product","link":"https:\/\/www.sellersunionagent.com\/es\/shopping-bags-for-women-school-shoulder-bags-totes-with-phone-bag\/","title":{"rendered":"Bolsas de Compras para Mujeres Bolsas de Hombro Escolares Totes con Bolsa de Tel\u00e9fono Exportador de China"},"content":{"rendered":"<h2>Bolsas de la compra para mujeres Bolsas de hombro para la escuela Bolsos con bolsa para el tel\u00e9fono<\/h2>\n<p>&nbsp;<\/p>\n<p>&nbsp;<\/p>\n<p>La bolsa de la compra muy ligera y duradera para el uso diario. El tama\u00f1o de esta bolsa es 38*60CM que puede satisfecho su demanda de gran capacidad.<\/p>\n<p>&nbsp;<\/p>\n<p>&nbsp;<\/p>\n<p><p>Perfecto para sostener sus art\u00edculos personales, tales como su ipad, tel\u00e9fono m\u00f3vil, revista, pasaporte, monedero, tarjeta, papeles A4, libros, maquillaje.<\/p>\n<p>&nbsp;<\/p>\n<p>&nbsp;<\/p>\n<p>Como un buen compa\u00f1ero para la vida exquisita y de moda. Un gran regalo para dama, novia, madre y maestra. \u00a1Deja que aquellos que lo poseen se conviertan en moda y hermosos todos los d\u00edas!<\/p>\n<p>&nbsp;<\/p>\n<p>&nbsp;<\/p>\n<p><img fetchpriority=\"high\" decoding=\"async\" class=\"aligncenter wp-image-8788\" src=\"https:\/\/www.sellersunionagent.com\/wp-content\/uploads\/2022\/06\/shopping-bags-for-women-school-shoulder-bags-totes-5.jpg\" alt=\"Fabricaci\u00f3n en China\" width=\"600\" height=\"600\" \/>\u00a0<img decoding=\"async\" class=\"aligncenter wp-image-8789\" src=\"https:\/\/www.sellersunionagent.com\/wp-content\/uploads\/2022\/06\/shopping-bags-for-women-school-shoulder-bags-totes-4.jpg\" alt=\"Fabricaci\u00f3n en China\" width=\"600\" height=\"600\" \/> <img decoding=\"async\" class=\"aligncenter wp-image-8787\" src=\"https:\/\/www.sellersunionagent.com\/wp-content\/uploads\/2022\/06\/shopping-bags-for-women-school-shoulder-bags-totes-6.jpg\" alt=\"Fabricaci\u00f3n en China\" width=\"600\" height=\"600\" \/><\/p>","protected":false},"excerpt":{"rendered":"<p>Tipo: Bolsa de la compra<\/p>\n<p>N\u00ba de art\u00edculo: YC003<\/p>\n<p>Talla: 38*60CM<\/p>","protected":false},"featured_media":8792,"comment_status":"open","ping_status":"closed","template":"","meta":{"_acf_changed":false},"product_brand":[],"product_cat":[29],"product_tag":[56,93],"class_list":{"0":"post-8354","1":"product","2":"type-product","3":"status-publish","4":"has-post-thumbnail","6":"product_cat-shopping-bag","7":"product_tag-shopping-bag","8":"product_tag-storage","10":"first","11":"instock","12":"shipping-taxable","13":"product-type-simple","14":"swiper-slide"},"acf":[],"_links":{"self":[{"href":"https:\/\/www.sellersunionagent.com\/es\/wp-json\/wp\/v2\/product\/8354","targetHints":{"allow":["GET"]}}],"collection":[{"href":"https:\/\/www.sellersunionagent.com\/es\/wp-json\/wp\/v2\/product"}],"about":[{"href":"https:\/\/www.sellersunionagent.com\/es\/wp-json\/wp\/v2\/types\/product"}],"replies":[{"embeddable":true,"href":"https:\/\/www.sellersunionagent.com\/es\/wp-json\/wp\/v2\/comments?post=8354"}],"wp:featuredmedia":[{"embeddable":true,"href":"https:\/\/www.sellersunionagent.com\/es\/wp-json\/wp\/v2\/media\/8792"}],"wp:attachment":[{"href":"https:\/\/www.sellersunionagent.com\/es\/wp-json\/wp\/v2\/media?parent=8354"}],"wp:term":[{"taxonomy":"product_brand","embeddable":true,"href":"https:\/\/www.sellersunionagent.com\/es\/wp-json\/wp\/v2\/product_brand?post=8354"},{"taxonomy":"product_cat","embeddable":true,"href":"https:\/\/www.sellersunionagent.com\/es\/wp-json\/wp\/v2\/product_cat?post=8354"},{"taxonomy":"product_tag","embeddable":true,"href":"https:\/\/www.sellersunionagent.com\/es\/wp-json\/wp\/v2\/product_tag?post=8354"}],"curies":[{"name":"wp","href":"https:\/\/api.w.org\/{rel}","templated":true}]}}