{"id":8336,"date":"2022-06-30T15:49:33","date_gmt":"2022-06-30T07:49:33","guid":{"rendered":"https:\/\/sellersunionagent.com\/?post_type=product&#038;p=8336"},"modified":"2026-01-06T14:29:18","modified_gmt":"2026-01-06T06:29:18","slug":"bolsa-de-la-compra-de-las-mujeres-bolsa-de-comestibles-made-in-china","status":"publish","type":"product","link":"https:\/\/www.sellersunionagent.com\/es\/women-shopping-bag-grocery-bag-made-in-china\/","title":{"rendered":"Bolsa de la compra para mujer Made in China"},"content":{"rendered":"<h2>Bolsa de la compra para mujer Made in China<\/h2>\n<p><strong>Tipo<\/strong>: Bolsa de la compra<br \/>\n<strong>N\u00famero de art\u00edculo<\/strong>: YC002<br \/>\n<strong>Talla<\/strong>: 53*64*10cm<\/p>\n<p>&nbsp;<\/p>\n<p>&nbsp;<\/p>\n<p><p>Regalo perfecto<\/p> <p>Estas bolsas son perfectas para fiestas de cumplea\u00f1os, baby shower, despedidas de soltera, proyectos de clase y d\u00edas con ni\u00f1os. Adem\u00e1s, estas grandes bolsas de lona son adecuadas como compras de comestibles, bolsa de regalo, bolsas de gimnasio, bolsas de ni\u00f1era, bolsas de playa, bolsas de ordenador port\u00e1til, bolsa de yoga, etc.<\/p>\n<p>&nbsp;<\/p>\n<p>&nbsp;<\/p>\n<p>El color natural y el sencillo dise\u00f1o en blanco de las bolsas permiten a los padres y a sus hijos, estudiantes crear fant\u00e1sticas ilustraciones, pinturas y dibujos.<\/p>\n<p>&nbsp;<\/p>\n<p>&nbsp;<\/p>\n<p>El tama\u00f1o de esta bolsa es 53*64*10 cm. Es lo suficientemente grande para su cuando vas a la escuela, compras de comestibles, oficina, playa e ir de compras. Esta bolsa tambi\u00e9n se puede lavar.<\/p>\n<p>&nbsp;<\/p>\n<p>&nbsp;<\/p>\n<p><img fetchpriority=\"high\" decoding=\"async\" class=\"aligncenter wp-image-8783\" src=\"https:\/\/www.sellersunionagent.com\/wp-content\/uploads\/2022\/06\/women-shopping-bag-grocery-bag-1.png\" alt=\"Fabricaci\u00f3n en China\" width=\"600\" height=\"574\" \/> <img decoding=\"async\" class=\"aligncenter wp-image-8781\" src=\"https:\/\/www.sellersunionagent.com\/wp-content\/uploads\/2022\/06\/women-shopping-bag-grocery-bag-3.jpg\" alt=\"Fabricaci\u00f3n en China\" width=\"600\" height=\"600\" \/><img decoding=\"async\" class=\"aligncenter wp-image-8779\" src=\"https:\/\/www.sellersunionagent.com\/wp-content\/uploads\/2022\/06\/women-shopping-bag-grocery-bag-5.jpg\" alt=\"Fabricaci\u00f3n en China\" width=\"600\" height=\"600\" \/><img loading=\"lazy\" decoding=\"async\" class=\"aligncenter wp-image-9299\" src=\"https:\/\/www.sellersunionagent.com\/wp-content\/uploads\/2022\/06\/19608204084_944059079-2.jpg\" alt=\"Fabricaci\u00f3n en China\" width=\"600\" height=\"600\" \/><\/p>","protected":false},"excerpt":{"rendered":"<p><strong>MOQ<\/strong>:  500 piezas<br \/>\n<strong>Muestra gratuita<\/strong>:  Soporte<br \/>\n<strong>Personalizaci\u00f3n<\/strong>logo \/ color \/ materiales \/ embalaje, etc.<br \/>\n<strong>Descuento<\/strong>:  Primeros pedidos desde 10% de descuento.<br \/>\n<strong>Porcentaje de entregas a tiempo<\/strong>:\u00a0 100%<br \/>\n<strong>Env\u00edos totales<\/strong>:  10000 piezas<br \/>\n<strong>Env\u00edo<\/strong>: Apoyo Express-Carga mar\u00edtima-Carga terrestre<\/p>","protected":false},"featured_media":8782,"comment_status":"open","ping_status":"closed","template":"","meta":{"_acf_changed":false},"product_brand":[],"product_cat":[29],"product_tag":[56,93],"class_list":{"0":"post-8336","1":"product","2":"type-product","3":"status-publish","4":"has-post-thumbnail","6":"product_cat-shopping-bag","7":"product_tag-shopping-bag","8":"product_tag-storage","10":"first","11":"instock","12":"shipping-taxable","13":"purchasable","14":"product-type-simple","15":"swiper-slide"},"acf":[],"_links":{"self":[{"href":"https:\/\/www.sellersunionagent.com\/es\/wp-json\/wp\/v2\/product\/8336","targetHints":{"allow":["GET"]}}],"collection":[{"href":"https:\/\/www.sellersunionagent.com\/es\/wp-json\/wp\/v2\/product"}],"about":[{"href":"https:\/\/www.sellersunionagent.com\/es\/wp-json\/wp\/v2\/types\/product"}],"replies":[{"embeddable":true,"href":"https:\/\/www.sellersunionagent.com\/es\/wp-json\/wp\/v2\/comments?post=8336"}],"wp:featuredmedia":[{"embeddable":true,"href":"https:\/\/www.sellersunionagent.com\/es\/wp-json\/wp\/v2\/media\/8782"}],"wp:attachment":[{"href":"https:\/\/www.sellersunionagent.com\/es\/wp-json\/wp\/v2\/media?parent=8336"}],"wp:term":[{"taxonomy":"product_brand","embeddable":true,"href":"https:\/\/www.sellersunionagent.com\/es\/wp-json\/wp\/v2\/product_brand?post=8336"},{"taxonomy":"product_cat","embeddable":true,"href":"https:\/\/www.sellersunionagent.com\/es\/wp-json\/wp\/v2\/product_cat?post=8336"},{"taxonomy":"product_tag","embeddable":true,"href":"https:\/\/www.sellersunionagent.com\/es\/wp-json\/wp\/v2\/product_tag?post=8336"}],"curies":[{"name":"wp","href":"https:\/\/api.w.org\/{rel}","templated":true}]}}