{"id":8327,"date":"2022-06-30T14:44:31","date_gmt":"2022-06-30T06:44:31","guid":{"rendered":"https:\/\/sellersunionagent.com\/?post_type=product&#038;p=8327"},"modified":"2026-01-06T14:29:19","modified_gmt":"2026-01-06T06:29:19","slug":"bolso-de-compras-del-nuevo-estilo-de-la-fabrica-de-china","status":"publish","type":"product","link":"https:\/\/www.sellersunionagent.com\/es\/new-style-shopping-bag-from-china-factory\/","title":{"rendered":"Nuevo estilo de bolsa de la compra de la f\u00e1brica de China"},"content":{"rendered":"<h2>Nuevo estilo de bolsa de la compra de la f\u00e1brica de China<\/h2>\n<p><strong>Tipo:<\/strong> Bolsa de la compra<\/p>\n<p><strong>Art\u00edculo No:<\/strong> YC001<\/p>\n<p><strong>Tama\u00f1o:<\/strong> 46*60*8cm<\/p>\n<p>&nbsp;<\/p>\n<p>&nbsp;<\/p>\n<p>Este bolso de mano puede lavarse a m\u00e1quina y tambi\u00e9n a mano. Esta bolsa es econ-friendly porque puede ser reutilizable en lugar de bolsas de pl\u00e1stico. El uso de esta bolsa para proteger nuestro medio ambiente.<\/p>\n<p>&nbsp;<\/p>\n<p>&nbsp;<\/p>\n<p>La bolsa Eco es mucho m\u00e1s gruesa que la mayor\u00eda de las bolsas de lona. Y esta bolsa tiene asas aseadas y duraderas en un tama\u00f1o adecuado, que es conveniente tanto para la celebraci\u00f3n de la mano y el hombro toting. No ejercer\u00e1 presi\u00f3n adicional sobre su hombro y no se romper\u00e1 incluso si lleva objetos pesados.<\/p>\n<p>&nbsp;<\/p>\n<p>&nbsp;<\/p>\n<p>Este producto mide 46*60*8 cm, con gran espacio para llevar productos y alimentos como bolsa de la compra o de camping, cartera, tel\u00e9fonos m\u00f3viles, llaves y paraguas como bolsa de la compra, libros y otros materiales escolares como bolsa de libros. Y este bolso de lona gr\u00e1fico es adecuado como regalo para el D\u00eda de la Madre, D\u00eda del Maestro, fiesta de cumplea\u00f1os, fiesta de bodas, dama de honor y amigos.<\/p>\n<p>&nbsp;<\/p>\n<p>&nbsp;<\/p>\n<p>&nbsp;<\/p>\n<p><img fetchpriority=\"high\" decoding=\"async\" class=\"aligncenter wp-image-8771\" src=\"https:\/\/www.sellersunionagent.com\/wp-content\/uploads\/2022\/06\/new-style-shopping-bag-from-china-factory-6.jpg\" alt=\"de f\u00e1brica en China\" width=\"600\" height=\"600\" \/><img decoding=\"async\" class=\"aligncenter wp-image-8776\" src=\"https:\/\/www.sellersunionagent.com\/wp-content\/uploads\/2022\/06\/new-style-shopping-bag-from-china-factory-1.jpg\" alt=\"de f\u00e1brica en China\" width=\"600\" height=\"600\" \/><img decoding=\"async\" class=\"aligncenter wp-image-9303\" src=\"https:\/\/www.sellersunionagent.com\/wp-content\/uploads\/2022\/06\/10802556354_944059079-1.jpg\" alt=\"de f\u00e1brica en China\" width=\"600\" height=\"600\" \/><img loading=\"lazy\" decoding=\"async\" class=\"aligncenter wp-image-9305\" src=\"https:\/\/www.sellersunionagent.com\/wp-content\/uploads\/2022\/06\/cb104ab20e7a96ed40d5fcd3270b2fc.png\" alt=\"de f\u00e1brica en China\" width=\"600\" height=\"401\" \/><\/p>","protected":false},"excerpt":{"rendered":"<p><strong>MOQ<\/strong>: 2000 piezas<br \/>\n<strong>Muestra gratuita<\/strong>:  Soporte<br \/>\n<strong>Personalizaci\u00f3n<\/strong>logo \/ color \/ materiales \/ embalaje, etc.<br \/>\n<strong>Descuento<\/strong>:  Primeros pedidos desde 10% de descuento.<br \/>\n<strong>Porcentaje de entregas a tiempo<\/strong>:\u00a0 100%<br \/>\n<strong>Env\u00edos totales<\/strong>: 20000 piezas<br \/>\n<strong>Env\u00edo<\/strong>: Apoyo Express-Carga mar\u00edtima-Carga terrestre<\/p>","protected":false},"featured_media":8775,"comment_status":"open","ping_status":"closed","template":"","meta":{"_acf_changed":false},"product_brand":[],"product_cat":[29],"product_tag":[56,93],"class_list":{"0":"post-8327","1":"product","2":"type-product","3":"status-publish","4":"has-post-thumbnail","6":"product_cat-shopping-bag","7":"product_tag-shopping-bag","8":"product_tag-storage","10":"first","11":"instock","12":"shipping-taxable","13":"purchasable","14":"product-type-simple","15":"swiper-slide"},"acf":[],"_links":{"self":[{"href":"https:\/\/www.sellersunionagent.com\/es\/wp-json\/wp\/v2\/product\/8327","targetHints":{"allow":["GET"]}}],"collection":[{"href":"https:\/\/www.sellersunionagent.com\/es\/wp-json\/wp\/v2\/product"}],"about":[{"href":"https:\/\/www.sellersunionagent.com\/es\/wp-json\/wp\/v2\/types\/product"}],"replies":[{"embeddable":true,"href":"https:\/\/www.sellersunionagent.com\/es\/wp-json\/wp\/v2\/comments?post=8327"}],"wp:featuredmedia":[{"embeddable":true,"href":"https:\/\/www.sellersunionagent.com\/es\/wp-json\/wp\/v2\/media\/8775"}],"wp:attachment":[{"href":"https:\/\/www.sellersunionagent.com\/es\/wp-json\/wp\/v2\/media?parent=8327"}],"wp:term":[{"taxonomy":"product_brand","embeddable":true,"href":"https:\/\/www.sellersunionagent.com\/es\/wp-json\/wp\/v2\/product_brand?post=8327"},{"taxonomy":"product_cat","embeddable":true,"href":"https:\/\/www.sellersunionagent.com\/es\/wp-json\/wp\/v2\/product_cat?post=8327"},{"taxonomy":"product_tag","embeddable":true,"href":"https:\/\/www.sellersunionagent.com\/es\/wp-json\/wp\/v2\/product_tag?post=8327"}],"curies":[{"name":"wp","href":"https:\/\/api.w.org\/{rel}","templated":true}]}}