{"id":8326,"date":"2022-06-30T16:48:25","date_gmt":"2022-06-30T08:48:25","guid":{"rendered":"https:\/\/sellersunionagent.com\/?post_type=product&#038;p=8326"},"modified":"2022-06-30T16:48:25","modified_gmt":"2022-06-30T08:48:25","slug":"mujeres-ninas-gasa-negro-portatil-de-gran-capacidad-de-la-moda-bolsa-de-maquillaje","status":"publish","type":"product","link":"https:\/\/www.sellersunionagent.com\/es\/women-girls-black-gauze-portable-large-capacity-fashion-makeup-bag\/","title":{"rendered":"Bolso de maquillaje de moda de gran capacidad port\u00e1til de gasa negra para mujeres y ni\u00f1as"},"content":{"rendered":"<h2>Bolso de maquillaje de moda de gran capacidad port\u00e1til de gasa negra para mujeres y ni\u00f1as<\/h2>\n<ul>\n<li>Estilo de moda, cuatro formas a elegir<\/li>\n<li>Estampado dorado de moda, sencillo y elegante<\/li>\n<li>Material de malla engrosada, transparente y visible<\/li>\n<li>Cremallera lisa de estrella de cinco puntas<\/li>\n<li>Fabricaci\u00f3n meticulosa, resistencia a la presi\u00f3n y al desgaste<\/li>\n<li>Dise\u00f1o con asa para facilitar su transporte\n<p><img fetchpriority=\"high\" decoding=\"async\" class=\"aligncenter wp-image-8355\" src=\"https:\/\/www.sellersunionagent.com\/wp-content\/uploads\/2022\/06\/capacity-fashion-makeup-bag-9.jpg\" alt=\"bolso de maquillaje de moda\" width=\"600\" height=\"600\" \/><\/p>\n<p><img decoding=\"async\" class=\"aligncenter wp-image-8359\" src=\"https:\/\/www.sellersunionagent.com\/wp-content\/uploads\/2022\/06\/capacity-fashion-makeup-bag-5.jpg\" alt=\"bolso de maquillaje de moda\" width=\"600\" height=\"600\" \/><img decoding=\"async\" class=\"aligncenter wp-image-8358\" src=\"https:\/\/www.sellersunionagent.com\/wp-content\/uploads\/2022\/06\/capacity-fashion-makeup-bag-6.jpg\" alt=\"bolso de maquillaje de moda\" width=\"600\" height=\"600\" \/><img loading=\"lazy\" decoding=\"async\" class=\"aligncenter wp-image-8361\" src=\"https:\/\/www.sellersunionagent.com\/wp-content\/uploads\/2022\/06\/capacity-fashion-makeup-bag-3.jpg\" alt=\"bolso de maquillaje de moda\" width=\"600\" height=\"524\" \/><img loading=\"lazy\" decoding=\"async\" class=\"aligncenter wp-image-8360\" src=\"https:\/\/www.sellersunionagent.com\/wp-content\/uploads\/2022\/06\/capacity-fashion-makeup-bag-4.png\" alt=\"bolso de maquillaje de moda\" width=\"600\" height=\"425\" \/> <img loading=\"lazy\" decoding=\"async\" class=\"aligncenter wp-image-8362\" src=\"https:\/\/www.sellersunionagent.com\/wp-content\/uploads\/2022\/06\/capacity-fashion-makeup-bag-2.png\" alt=\"bolso de maquillaje de moda\" width=\"600\" height=\"429\" \/> <img loading=\"lazy\" decoding=\"async\" class=\"aligncenter wp-image-8363\" src=\"https:\/\/www.sellersunionagent.com\/wp-content\/uploads\/2022\/06\/capacity-fashion-makeup-bag-1.png\" alt=\"bolso de maquillaje de moda\" width=\"600\" height=\"434\" \/><\/li>\n<\/ul>","protected":false},"excerpt":{"rendered":"<p><strong>Tipo<\/strong>: Neceser de maquillaje de moda<\/p>\n<p><strong>N\u00famero de art\u00edculo:<\/strong> JL004<\/p>\n<p><strong>Tama\u00f1o del art\u00edculo<\/strong>:<\/p>\n<p>Estilo media ca\u00f1a: 20*7*15cm<\/p>\n<p>Estilo tri\u00e1ngulo: 23*7*15cm<\/p>\n<p>Estilo octogonal: 19*10*13cm<\/p>\n<p>Estilo rect\u00e1ngulo: 22*14*13cm<\/p>\n<p><strong>Colores<\/strong>: Negro<\/p>\n<p><strong>Material: <\/strong>Malla gruesa de nailon<\/p>\n<p>&nbsp;<\/p>\n<p>&nbsp;<\/p>\n<p>Producimos excelentes bolsas para cosm\u00e9ticos de viaje. Razones para elegirnos:<br \/>\nProductos certificados por instituciones profesionales, con suministro suficiente y estable<br \/>\nM\u00e1s de veinte a\u00f1os de experiencia, con dep\u00f3sitos de tecnolog\u00eda y calidad.<br \/>\nPersonalizaci\u00f3n adaptada a las distintas necesidades<br \/>\nProducci\u00f3n y env\u00edo a la mayor velocidad<br \/>\nUn esmerado servicio integral de preventa, venta y posventa<\/p>","protected":false},"featured_media":8357,"comment_status":"open","ping_status":"closed","template":"","meta":{"_acf_changed":false},"product_brand":[],"product_cat":[30],"product_tag":[43,48,78],"class_list":{"0":"post-8326","1":"product","2":"type-product","3":"status-publish","4":"has-post-thumbnail","6":"product_cat-makeup-bag","7":"product_tag-fashion","8":"product_tag-large-capacity","9":"product_tag-makeup-bag","11":"first","12":"instock","13":"shipping-taxable","14":"product-type-simple","15":"swiper-slide"},"acf":[],"_links":{"self":[{"href":"https:\/\/www.sellersunionagent.com\/es\/wp-json\/wp\/v2\/product\/8326","targetHints":{"allow":["GET"]}}],"collection":[{"href":"https:\/\/www.sellersunionagent.com\/es\/wp-json\/wp\/v2\/product"}],"about":[{"href":"https:\/\/www.sellersunionagent.com\/es\/wp-json\/wp\/v2\/types\/product"}],"replies":[{"embeddable":true,"href":"https:\/\/www.sellersunionagent.com\/es\/wp-json\/wp\/v2\/comments?post=8326"}],"wp:featuredmedia":[{"embeddable":true,"href":"https:\/\/www.sellersunionagent.com\/es\/wp-json\/wp\/v2\/media\/8357"}],"wp:attachment":[{"href":"https:\/\/www.sellersunionagent.com\/es\/wp-json\/wp\/v2\/media?parent=8326"}],"wp:term":[{"taxonomy":"product_brand","embeddable":true,"href":"https:\/\/www.sellersunionagent.com\/es\/wp-json\/wp\/v2\/product_brand?post=8326"},{"taxonomy":"product_cat","embeddable":true,"href":"https:\/\/www.sellersunionagent.com\/es\/wp-json\/wp\/v2\/product_cat?post=8326"},{"taxonomy":"product_tag","embeddable":true,"href":"https:\/\/www.sellersunionagent.com\/es\/wp-json\/wp\/v2\/product_tag?post=8326"}],"curies":[{"name":"wp","href":"https:\/\/api.w.org\/{rel}","templated":true}]}}