{"id":8293,"date":"2022-06-29T20:24:28","date_gmt":"2022-06-29T12:24:28","guid":{"rendered":"https:\/\/sellersunionagent.com\/?post_type=product&#038;p=8293"},"modified":"2022-07-11T09:45:27","modified_gmt":"2022-07-11T01:45:27","slug":"bolsa-de-almuerzo-de-moda-hecha-en-china","status":"publish","type":"product","link":"https:\/\/www.sellersunionagent.com\/es\/fashionable-lunch-bag-made-in-china\/","title":{"rendered":"Bolsa de almuerzo de moda fabricada en China"},"content":{"rendered":"<h2>Bolsa de almuerzo de moda fabricada en China<\/h2>\n<p>&nbsp;<\/p>\n<p>&nbsp;<\/p>\n<p><span class=\"a-list-item\">Peso ligero, asa acolchada, cremallera suave duarable actualizado, f\u00e1cil de limpiar, impermeable, aislado, m\u00e1s fresco, convenient.One dise\u00f1o de bolsillo frontal organizar su servilleta y cosas personales, tales como su tel\u00e9fono, tarjeta de autob\u00fas, tejido, ect.<\/span><\/p>\n<p>&nbsp;<\/p>\n<p>&nbsp;<\/p>\n<p>Es un regalo realmente pr\u00e1ctico para ni\u00f1as y ni\u00f1os porque pueden llevar su comida por esta bolsa. La comida caliente y fresca puede mantener un estilo de vida saludable.<\/p>\n<p>&nbsp;<\/p>\n<p>&nbsp;<\/p>\n<p>Asa ensanchada y engrosada, suave y c\u00f3moda, no estrangular\u00e1 su mano cuando lleve esta bolsa de almuerzo aislada. El bolsillo trasero puede contener servilletas y tel\u00e9fonos m\u00f3viles. La bolsa de red dentro de la solapa puede contener vajilla, aperitivos.<\/p>\n<p>&nbsp;<\/p>\n<p>&nbsp;<\/p>\n<p><img fetchpriority=\"high\" decoding=\"async\" class=\"aligncenter wp-image-8294\" src=\"https:\/\/www.sellersunionagent.com\/wp-content\/uploads\/2022\/06\/fashionable-lunch-bag.jpg\" alt=\"\" width=\"600\" height=\"600\" \/><img decoding=\"async\" class=\"aligncenter wp-image-8837\" src=\"https:\/\/www.sellersunionagent.com\/wp-content\/uploads\/2022\/06\/fashionable-lunch-bag-made-in-china-2.png\" alt=\"Fabricaci\u00f3n en China\" width=\"600\" height=\"463\" \/> <img decoding=\"async\" class=\"aligncenter wp-image-8835\" src=\"https:\/\/www.sellersunionagent.com\/wp-content\/uploads\/2022\/06\/fashionable-lunch-bag-made-in-china-4.png\" alt=\"Fabricaci\u00f3n en China\" width=\"600\" height=\"444\" \/> <img loading=\"lazy\" decoding=\"async\" class=\"aligncenter wp-image-8839\" src=\"https:\/\/www.sellersunionagent.com\/wp-content\/uploads\/2022\/06\/fashionable-lunch-bag-made-in-china.png\" alt=\"Fabricaci\u00f3n en China\" width=\"600\" height=\"472\" \/><\/p>","protected":false},"excerpt":{"rendered":"<p>Tipo: Bolsa de almuerzo<\/p>\n<p>N\u00ba de art\u00edculo:GN020<\/p>\n<p>Tama\u00f1o y peso: 35*13*13CM<\/p>\n<p>OEM\/ODM: Aceptado<\/p>","protected":false},"featured_media":8834,"comment_status":"open","ping_status":"closed","template":"","meta":{"_acf_changed":false},"product_brand":[],"product_cat":[28],"product_tag":[41,93],"class_list":{"0":"post-8293","1":"product","2":"type-product","3":"status-publish","4":"has-post-thumbnail","6":"product_cat-lunch-bag","7":"product_tag-lunch-bag","8":"product_tag-storage","10":"first","11":"instock","12":"shipping-taxable","13":"product-type-simple","14":"swiper-slide"},"acf":[],"_links":{"self":[{"href":"https:\/\/www.sellersunionagent.com\/es\/wp-json\/wp\/v2\/product\/8293","targetHints":{"allow":["GET"]}}],"collection":[{"href":"https:\/\/www.sellersunionagent.com\/es\/wp-json\/wp\/v2\/product"}],"about":[{"href":"https:\/\/www.sellersunionagent.com\/es\/wp-json\/wp\/v2\/types\/product"}],"replies":[{"embeddable":true,"href":"https:\/\/www.sellersunionagent.com\/es\/wp-json\/wp\/v2\/comments?post=8293"}],"wp:featuredmedia":[{"embeddable":true,"href":"https:\/\/www.sellersunionagent.com\/es\/wp-json\/wp\/v2\/media\/8834"}],"wp:attachment":[{"href":"https:\/\/www.sellersunionagent.com\/es\/wp-json\/wp\/v2\/media?parent=8293"}],"wp:term":[{"taxonomy":"product_brand","embeddable":true,"href":"https:\/\/www.sellersunionagent.com\/es\/wp-json\/wp\/v2\/product_brand?post=8293"},{"taxonomy":"product_cat","embeddable":true,"href":"https:\/\/www.sellersunionagent.com\/es\/wp-json\/wp\/v2\/product_cat?post=8293"},{"taxonomy":"product_tag","embeddable":true,"href":"https:\/\/www.sellersunionagent.com\/es\/wp-json\/wp\/v2\/product_tag?post=8293"}],"curies":[{"name":"wp","href":"https:\/\/api.w.org\/{rel}","templated":true}]}}