{"id":8285,"date":"2022-06-29T20:18:43","date_gmt":"2022-06-29T12:18:43","guid":{"rendered":"https:\/\/sellersunionagent.com\/?post_type=product&#038;p=8285"},"modified":"2022-07-09T11:17:36","modified_gmt":"2022-07-09T03:17:36","slug":"bolsa-de-almuerzo-para-mujeres-hombres-lonchera-isotermica-para-adultos-bolsa-de-almuerzo-reutilizable-para-el-trabajo-picnic-escuela-o-de-viaje","status":"publish","type":"product","link":"https:\/\/www.sellersunionagent.com\/es\/lunch-bag-for-women-men-insulated-lunch-box-for-adult-reusable-lunch-tote-bag-for-work-picnic-school-or-travel\/","title":{"rendered":"Bolsa de almuerzo para mujeres Hombres Fiambrera isot\u00e9rmica para adultos Bolsa de almuerzo reutilizable para el trabajo, el picnic, la escuela o los viajes"},"content":{"rendered":"<h2 id=\"title\" class=\"a-size-large a-spacing-none\"><span id=\"productTitle\" class=\"a-size-large product-title-word-break\">Bolsa de almuerzo para mujeres Hombres Fiambrera isot\u00e9rmica para adultos Bolsa de almuerzo reutilizable para el trabajo, el picnic, la escuela o los viajes<\/span><\/h2>\n<p>&nbsp;<\/p>\n<p>&nbsp;<\/p>\n<p><b>Buen aislamiento<\/b> Esta fiambrera puede mantener la comida fr\u00eda o caliente durante m\u00e1s de 4 horas, lo que es perfecto para llevar la comida a la oficina o de picnic y al colegio. Funcionar\u00e1 mejor si pones un poco de hielo en el interior.<\/p>\n<p>&nbsp;<\/p>\n<p>&nbsp;<\/p>\n<p>Es un regalo realmente pr\u00e1ctico para ni\u00f1as y ni\u00f1os porque pueden llevar su comida por esta bolsa. La comida caliente y fresca puede mantener un estilo de vida saludable.<\/p>\n<p>&nbsp;<\/p>\n<p>&nbsp;<\/p>\n<p>Asa ensanchada y engrosada, suave y c\u00f3moda, no estrangular\u00e1 su mano cuando lleve esta bolsa de almuerzo aislada. El bolsillo trasero puede contener servilletas y tel\u00e9fonos m\u00f3viles. La bolsa de red dentro de la solapa puede contener vajilla, aperitivos.<\/p>\n<p>&nbsp;<\/p>\n<p>&nbsp;<\/p>\n<p><img fetchpriority=\"high\" decoding=\"async\" class=\"aligncenter wp-image-8286\" src=\"https:\/\/www.sellersunionagent.com\/wp-content\/uploads\/2022\/06\/lunch-box-meal-bag-3.jpg\" alt=\"\" width=\"600\" height=\"600\" \/> <img decoding=\"async\" class=\"aligncenter wp-image-8292\" src=\"https:\/\/www.sellersunionagent.com\/wp-content\/uploads\/2022\/06\/lunch-box-meal-bag-9.jpg\" alt=\"\" width=\"600\" height=\"600\" \/><img decoding=\"async\" class=\"aligncenter wp-image-8290\" src=\"https:\/\/www.sellersunionagent.com\/wp-content\/uploads\/2022\/06\/lunch-box-meal-bag-7.jpg\" alt=\"Exportador chino\" width=\"600\" height=\"600\" \/><img loading=\"lazy\" decoding=\"async\" class=\"aligncenter wp-image-9071\" src=\"https:\/\/www.sellersunionagent.com\/wp-content\/uploads\/2022\/06\/16305824382_1885106219.jpg\" alt=\"Fabricaci\u00f3n en China\" width=\"600\" height=\"600\" \/><img loading=\"lazy\" decoding=\"async\" class=\"aligncenter wp-image-9070\" src=\"https:\/\/www.sellersunionagent.com\/wp-content\/uploads\/2022\/06\/16305806593_1885106219.jpg\" alt=\"Fabricaci\u00f3n en China\" width=\"600\" height=\"600\" \/><\/p>","protected":false},"excerpt":{"rendered":"<p>Tipo: Bolsa de almuerzo<\/p>\n<p>N\u00ba de art\u00edculo:GN019<\/p>\n<p>Tama\u00f1o y peso: 20*12.5*18CM<\/p>\n<p>OEM\/ODM: Aceptado<\/p>","protected":false},"featured_media":8291,"comment_status":"open","ping_status":"closed","template":"","meta":{"_acf_changed":false},"product_brand":[],"product_cat":[28],"product_tag":[143,93],"class_list":{"0":"post-8285","1":"product","2":"type-product","3":"status-publish","4":"has-post-thumbnail","6":"product_cat-lunch-bag","7":"product_tag-lunch-box","8":"product_tag-storage","10":"first","11":"instock","12":"shipping-taxable","13":"product-type-simple","14":"swiper-slide"},"acf":[],"_links":{"self":[{"href":"https:\/\/www.sellersunionagent.com\/es\/wp-json\/wp\/v2\/product\/8285","targetHints":{"allow":["GET"]}}],"collection":[{"href":"https:\/\/www.sellersunionagent.com\/es\/wp-json\/wp\/v2\/product"}],"about":[{"href":"https:\/\/www.sellersunionagent.com\/es\/wp-json\/wp\/v2\/types\/product"}],"replies":[{"embeddable":true,"href":"https:\/\/www.sellersunionagent.com\/es\/wp-json\/wp\/v2\/comments?post=8285"}],"wp:featuredmedia":[{"embeddable":true,"href":"https:\/\/www.sellersunionagent.com\/es\/wp-json\/wp\/v2\/media\/8291"}],"wp:attachment":[{"href":"https:\/\/www.sellersunionagent.com\/es\/wp-json\/wp\/v2\/media?parent=8285"}],"wp:term":[{"taxonomy":"product_brand","embeddable":true,"href":"https:\/\/www.sellersunionagent.com\/es\/wp-json\/wp\/v2\/product_brand?post=8285"},{"taxonomy":"product_cat","embeddable":true,"href":"https:\/\/www.sellersunionagent.com\/es\/wp-json\/wp\/v2\/product_cat?post=8285"},{"taxonomy":"product_tag","embeddable":true,"href":"https:\/\/www.sellersunionagent.com\/es\/wp-json\/wp\/v2\/product_tag?post=8285"}],"curies":[{"name":"wp","href":"https:\/\/api.w.org\/{rel}","templated":true}]}}