{"id":8281,"date":"2022-06-29T20:10:55","date_gmt":"2022-06-29T12:10:55","guid":{"rendered":"https:\/\/sellersunionagent.com\/?post_type=product&#038;p=8281"},"modified":"2026-01-06T14:29:19","modified_gmt":"2026-01-06T06:29:19","slug":"bolsa-de-almuerzo-bolsa-de-comida-para-las-mujeres-aislado-al-aire-libre","status":"publish","type":"product","link":"https:\/\/www.sellersunionagent.com\/es\/lunch-bag-lunch-box-meal-bag-for-women-insulated-outdoors\/","title":{"rendered":"Fiambrera Bolsa De Comidas Para Mujeres Aislada Aire Libre"},"content":{"rendered":"<h2 id=\"title\" class=\"a-size-large a-spacing-none\"><span id=\"productTitle\" class=\"a-size-large product-title-word-break\">Bolsa de almuerzo Fiambrera Bolsa de comida para mujeres Aislado al aire libre<\/span><\/h2>\n<p>&nbsp;<\/p>\n<p>&nbsp;<\/p>\n<p><b>Buen aislamiento<\/b> Esta fiambrera puede mantener la comida fr\u00eda o caliente durante m\u00e1s de 4 horas, lo que es perfecto para llevar la comida a la oficina o de picnic y al colegio. Funcionar\u00e1 mejor si pones un poco de hielo en el interior.<\/p>\n<p>&nbsp;<\/p>\n<p>&nbsp;<\/p>\n<p>Es un regalo realmente pr\u00e1ctico para ni\u00f1as y ni\u00f1os porque pueden llevar su comida por esta bolsa. La comida caliente y fresca puede mantener un estilo de vida saludable.<\/p>\n<p>&nbsp;<\/p>\n<p>&nbsp;<\/p>\n<p>Asa ensanchada y engrosada, suave y c\u00f3moda, no estrangular\u00e1 su mano cuando lleve esta bolsa de almuerzo aislada. El bolsillo trasero puede contener servilletas y tel\u00e9fonos m\u00f3viles. La bolsa de red en el interior de la solapa puede contener vajilla, aperitivos<\/p>\n<p>&nbsp;<\/p>\n<p>&nbsp;<\/p>\n<p>Tipo: Bolsa de almuerzo<\/p>\n<p>N\u00ba de art\u00edculo:GN013<\/p>\n<p>Tama\u00f1o y peso: 50 g<\/p>\n<p>OEM\/ODM: Aceptado<\/p>\n<p><img fetchpriority=\"high\" decoding=\"async\" class=\"aligncenter wp-image-8282\" src=\"https:\/\/www.sellersunionagent.com\/wp-content\/uploads\/2022\/06\/lunch-box-meal-bag.jpg\" alt=\"\" width=\"600\" height=\"473\" \/><img decoding=\"async\" class=\"aligncenter wp-image-8829\" src=\"https:\/\/www.sellersunionagent.com\/wp-content\/uploads\/2022\/06\/lunch-box-meal-bag-2.png\" alt=\"Fabricaci\u00f3n en China\" width=\"600\" height=\"399\" \/> <img decoding=\"async\" class=\"aligncenter wp-image-8828\" src=\"https:\/\/www.sellersunionagent.com\/wp-content\/uploads\/2022\/06\/lunch-box-meal-bag-3.png\" alt=\"Fabricaci\u00f3n en China\" width=\"600\" height=\"400\" \/> <img loading=\"lazy\" decoding=\"async\" class=\"aligncenter wp-image-8827\" src=\"https:\/\/www.sellersunionagent.com\/wp-content\/uploads\/2022\/06\/lunch-box-meal-bag-4.png\" alt=\"Fabricaci\u00f3n en China\" width=\"600\" height=\"416\" \/><\/p>","protected":false},"excerpt":{"rendered":"<p><strong>MOQ<\/strong>: 500 o Flexible<\/p>\n<p><strong>Muestra gratuita<\/strong>: Soporte<\/p>\n<p><strong>Personalizaci\u00f3n<\/strong>: logotipo\/color\/materiales\/embalaje<\/p>\n<p><strong>Descuento<\/strong>: 10% de descuento en su primer pedido<\/p>\n<p><strong>Porcentaje de entregas a tiempo<\/strong>: 100%<\/p>\n<p><strong>Env\u00edos totales<\/strong>: 106876 PCS<\/p>\n<p><strong>Env\u00edo<\/strong>: Apoyo Expr\u00e9s\/Mercanc\u00eda Mar\u00edtima\/Mercanc\u00eda Terrestre<\/p>\n<p>&nbsp;<\/p>","protected":false},"featured_media":9073,"comment_status":"open","ping_status":"closed","template":"","meta":{"_acf_changed":false},"product_brand":[],"product_cat":[28],"product_tag":[143,93],"class_list":{"0":"post-8281","1":"product","2":"type-product","3":"status-publish","4":"has-post-thumbnail","6":"product_cat-lunch-bag","7":"product_tag-lunch-box","8":"product_tag-storage","10":"first","11":"instock","12":"shipping-taxable","13":"purchasable","14":"product-type-simple","15":"swiper-slide"},"acf":[],"_links":{"self":[{"href":"https:\/\/www.sellersunionagent.com\/es\/wp-json\/wp\/v2\/product\/8281","targetHints":{"allow":["GET"]}}],"collection":[{"href":"https:\/\/www.sellersunionagent.com\/es\/wp-json\/wp\/v2\/product"}],"about":[{"href":"https:\/\/www.sellersunionagent.com\/es\/wp-json\/wp\/v2\/types\/product"}],"replies":[{"embeddable":true,"href":"https:\/\/www.sellersunionagent.com\/es\/wp-json\/wp\/v2\/comments?post=8281"}],"wp:featuredmedia":[{"embeddable":true,"href":"https:\/\/www.sellersunionagent.com\/es\/wp-json\/wp\/v2\/media\/9073"}],"wp:attachment":[{"href":"https:\/\/www.sellersunionagent.com\/es\/wp-json\/wp\/v2\/media?parent=8281"}],"wp:term":[{"taxonomy":"product_brand","embeddable":true,"href":"https:\/\/www.sellersunionagent.com\/es\/wp-json\/wp\/v2\/product_brand?post=8281"},{"taxonomy":"product_cat","embeddable":true,"href":"https:\/\/www.sellersunionagent.com\/es\/wp-json\/wp\/v2\/product_cat?post=8281"},{"taxonomy":"product_tag","embeddable":true,"href":"https:\/\/www.sellersunionagent.com\/es\/wp-json\/wp\/v2\/product_tag?post=8281"}],"curies":[{"name":"wp","href":"https:\/\/api.w.org\/{rel}","templated":true}]}}