{"id":8272,"date":"2022-06-29T20:07:10","date_gmt":"2022-06-29T12:07:10","guid":{"rendered":"https:\/\/sellersunionagent.com\/?post_type=product&#038;p=8272"},"modified":"2022-07-09T14:16:06","modified_gmt":"2022-07-09T06:16:06","slug":"nueva-llegada-lonchera-aislada-bolsa-de-almuerzo-para-las-mujeres-y-el-hombre","status":"publish","type":"product","link":"https:\/\/www.sellersunionagent.com\/es\/new-arrival-lunch-box-insulated-lunch-bag-for-women-and-man\/","title":{"rendered":"Nueva llegada Fiambrera Bolsa de almuerzo aislante para mujer y hombre"},"content":{"rendered":"<h2>Nueva llegada Fiambrera Bolsa de almuerzo aislante para mujer y hombre<\/h2>\n<p>&nbsp;<\/p>\n<p>&nbsp;<\/p>\n<p><b>Buen aislamiento<\/b> Esta fiambrera puede mantener la comida fr\u00eda o caliente durante m\u00e1s de 4 horas, lo que es perfecto para llevar la comida a la oficina o de picnic y al colegio. Funcionar\u00e1 mejor si pones un poco de hielo en el interior.<\/p>\n<p>&nbsp;<\/p>\n<p>&nbsp;<\/p>\n<p>Es un regalo realmente pr\u00e1ctico para ni\u00f1as y ni\u00f1os porque pueden llevar su comida por esta bolsa. La comida caliente y fresca puede mantener un estilo de vida saludable.<\/p>\n<p>&nbsp;<\/p>\n<p>&nbsp;<\/p>\n<p>Asa ensanchada y engrosada, suave y c\u00f3moda, no estrangular\u00e1 su mano cuando lleve esta bolsa de almuerzo aislada. El bolsillo trasero puede contener servilletas y tel\u00e9fonos m\u00f3viles. La bolsa de red dentro de la solapa puede contener vajilla, aperitivos.<\/p>\n<p>&nbsp;<\/p>\n<p>&nbsp;<\/p>\n<p><img fetchpriority=\"high\" decoding=\"async\" class=\"aligncenter wp-image-8275\" src=\"https:\/\/www.sellersunionagent.com\/wp-content\/uploads\/2022\/06\/lunch-box-insulated-lunch-bag-2.jpg\" alt=\"\" width=\"600\" height=\"600\" \/><img decoding=\"async\" class=\"aligncenter wp-image-8823\" src=\"https:\/\/www.sellersunionagent.com\/wp-content\/uploads\/2022\/06\/new-arrival-lunch-box-insulated-lunch-bag-2.jpg\" alt=\"\" width=\"600\" height=\"600\" \/> <img decoding=\"async\" class=\"aligncenter wp-image-8824\" src=\"https:\/\/www.sellersunionagent.com\/wp-content\/uploads\/2022\/06\/new-arrival-lunch-box-insulated-lunch-bag-1.jpg\" alt=\"Fabricaci\u00f3n en China\" width=\"600\" height=\"600\" \/> <img loading=\"lazy\" decoding=\"async\" class=\"aligncenter wp-image-8825\" src=\"https:\/\/www.sellersunionagent.com\/wp-content\/uploads\/2022\/06\/new-arrival-lunch-box-insulated-lunch-bag.jpg\" alt=\"Fabricaci\u00f3n en China\" width=\"600\" height=\"600\" \/><\/p>","protected":false},"excerpt":{"rendered":"<p>Tipo: Bolsa de almuerzo<\/p>\n<p>N\u00ba de art\u00edculo:GN008<\/p>\n<p>Tama\u00f1o y peso: 22*18.5*13cm<\/p>\n<p>OEM\/ODM: Aceptado<\/p>","protected":false},"featured_media":8820,"comment_status":"open","ping_status":"closed","template":"","meta":{"_acf_changed":false},"product_brand":[],"product_cat":[28],"product_tag":[41,90],"class_list":{"0":"post-8272","1":"product","2":"type-product","3":"status-publish","4":"has-post-thumbnail","6":"product_cat-lunch-bag","7":"product_tag-lunch-bag","8":"product_tag-storage-bag","10":"first","11":"instock","12":"shipping-taxable","13":"product-type-simple","14":"swiper-slide"},"acf":[],"_links":{"self":[{"href":"https:\/\/www.sellersunionagent.com\/es\/wp-json\/wp\/v2\/product\/8272","targetHints":{"allow":["GET"]}}],"collection":[{"href":"https:\/\/www.sellersunionagent.com\/es\/wp-json\/wp\/v2\/product"}],"about":[{"href":"https:\/\/www.sellersunionagent.com\/es\/wp-json\/wp\/v2\/types\/product"}],"replies":[{"embeddable":true,"href":"https:\/\/www.sellersunionagent.com\/es\/wp-json\/wp\/v2\/comments?post=8272"}],"wp:featuredmedia":[{"embeddable":true,"href":"https:\/\/www.sellersunionagent.com\/es\/wp-json\/wp\/v2\/media\/8820"}],"wp:attachment":[{"href":"https:\/\/www.sellersunionagent.com\/es\/wp-json\/wp\/v2\/media?parent=8272"}],"wp:term":[{"taxonomy":"product_brand","embeddable":true,"href":"https:\/\/www.sellersunionagent.com\/es\/wp-json\/wp\/v2\/product_brand?post=8272"},{"taxonomy":"product_cat","embeddable":true,"href":"https:\/\/www.sellersunionagent.com\/es\/wp-json\/wp\/v2\/product_cat?post=8272"},{"taxonomy":"product_tag","embeddable":true,"href":"https:\/\/www.sellersunionagent.com\/es\/wp-json\/wp\/v2\/product_tag?post=8272"}],"curies":[{"name":"wp","href":"https:\/\/api.w.org\/{rel}","templated":true}]}}