{"id":8262,"date":"2022-06-29T19:21:31","date_gmt":"2022-06-29T11:21:31","guid":{"rendered":"https:\/\/sellersunionagent.com\/?post_type=product&#038;p=8262"},"modified":"2026-01-06T14:29:20","modified_gmt":"2026-01-06T06:29:20","slug":"venta-al-por-mayor-de-bolsas-de-la-compra-reutilizables-para-la-familia","status":"publish","type":"product","link":"https:\/\/www.sellersunionagent.com\/es\/wholesale-reusable-shopping-bags-for-family\/","title":{"rendered":"Venta al por mayor de bolsas de la compra reutilizables para la familia"},"content":{"rendered":"<h1 id=\"title\" class=\"a-size-large a-spacing-none\"><span id=\"productTitle\" class=\"a-size-large product-title-word-break\">Bolsas plegables extragrandes Bolsas reutilizables plegables Totes<\/span><\/h1>\n<p><strong>Tipo<\/strong>: Bolsa de la compra<\/p>\n<p><strong>N\u00famero de art\u00edculo:<\/strong> GN006<\/p>\n<p><strong>Tama\u00f1o del art\u00edculo<\/strong>: 43*33*5CM<\/p>\n<p><strong>Material:<\/strong> PVC<\/p>\n<p>&nbsp;<\/p>\n<p>&nbsp;<\/p>\n<ul>\n<li>Plegable y f\u00e1cil de llevar: Las bolsas de la compra reutilizables pueden plegarse f\u00e1cilmente en la bolsa de bolsillo adjunta, por lo que puede llevar las bolsas de la compra en el bolso o en el coche sin ocupar demasiado espacio.Es muy c\u00f3modo hacer la compra, ir de compras y viajar utilizando bolsas de la compra reutilizables plegables.<\/li>\n<\/ul>\n<p>&nbsp;<\/p>\n<p>&nbsp;<\/p>\n<ul>\n<li>Capacidad extragrande y robusta: Las asas largas permiten llevarla en la mano o al hombro para llevarla c\u00f3modamente. Es perfecta para hacer la compra, comprar alimentos, viajar, guardar cosas... \u00a1y muy pr\u00e1ctica para el d\u00eda a d\u00eda!<\/li>\n<\/ul>\n<p>&nbsp;<\/p>\n<p>&nbsp;<\/p>\n<ul>\n<li>Lavable a m\u00e1quina: Ser lavable es una necesidad para cualquier gran bolsa de la compra. Todas las bolsas de la compra reutilizables son lavables a m\u00e1quina. Meta las bolsas de la compra reutilizables directamente en la lavadora y ahorre tiempo.<\/li>\n<\/ul>\n<p>&nbsp;<\/p>\n<p>&nbsp;<\/p>\n<ul>\n<li>Reutilizable: \u00a1Usted puede reutilizar las bolsas de la compra y reducir su huella de carbono y el uso de pl\u00e1stico por ser due\u00f1o de nuestra grocery bags.and patr\u00f3n brillante, perfecto como favores de partido regalos para las mujeres y los hombres! Y puede a\u00f1adir un poco de diversi\u00f3n a sus compras de comestibles mediante el uso de bolsas de la compra reutilizables como estos.<\/li>\n<\/ul>\n<p><img fetchpriority=\"high\" decoding=\"async\" class=\"aligncenter wp-image-8266 size-full\" src=\"https:\/\/www.sellersunionagent.com\/wp-content\/uploads\/2022\/06\/wholesale-reusable-shopping-bags-3.jpg\" alt=\"\" width=\"376\" height=\"379\" \/> <img decoding=\"async\" class=\"aligncenter wp-image-8269 size-full\" src=\"https:\/\/www.sellersunionagent.com\/wp-content\/uploads\/2022\/06\/wholesale-reusable-shopping-bags-6.jpg\" alt=\"\" width=\"370\" height=\"390\" \/> <img decoding=\"async\" class=\"aligncenter wp-image-8270 size-full\" src=\"https:\/\/www.sellersunionagent.com\/wp-content\/uploads\/2022\/06\/3262296967_1885106219.jpg\" alt=\"\" width=\"383\" height=\"382\" \/> <img loading=\"lazy\" decoding=\"async\" class=\"aligncenter wp-image-8271\" src=\"https:\/\/www.sellersunionagent.com\/wp-content\/uploads\/2022\/06\/wholesale-reusable-shopping-bags-8.jpg\" alt=\"\" width=\"375\" height=\"375\" \/><\/p>","protected":false},"excerpt":{"rendered":"<p><strong>MOQ<\/strong>:  500 piezas<br \/>\n<strong>Muestra gratuita<\/strong>:  Soporte<br \/>\n<strong>Personalizaci\u00f3n<\/strong>logo \/ color \/ materiales \/ embalaje, etc.<br \/>\n<strong>Descuento<\/strong>:  Primeros pedidos desde 10% de descuento.<br \/>\n<strong>Porcentaje de entregas a tiempo<\/strong>:\u00a0 100%<br \/>\n<strong>Env\u00edos totales<\/strong>:  10000 piezas<br \/>\n<strong>Env\u00edo<\/strong>: Apoyo Express-Carga mar\u00edtima-Carga terrestre<\/p>","protected":false},"featured_media":8266,"comment_status":"open","ping_status":"closed","template":"","meta":{"_acf_changed":false},"product_brand":[],"product_cat":[29],"product_tag":[56,93,50],"class_list":{"0":"post-8262","1":"product","2":"type-product","3":"status-publish","4":"has-post-thumbnail","6":"product_cat-shopping-bag","7":"product_tag-shopping-bag","8":"product_tag-storage","9":"product_tag-wholesale","11":"first","12":"instock","13":"shipping-taxable","14":"purchasable","15":"product-type-simple","16":"swiper-slide"},"acf":[],"_links":{"self":[{"href":"https:\/\/www.sellersunionagent.com\/es\/wp-json\/wp\/v2\/product\/8262","targetHints":{"allow":["GET"]}}],"collection":[{"href":"https:\/\/www.sellersunionagent.com\/es\/wp-json\/wp\/v2\/product"}],"about":[{"href":"https:\/\/www.sellersunionagent.com\/es\/wp-json\/wp\/v2\/types\/product"}],"replies":[{"embeddable":true,"href":"https:\/\/www.sellersunionagent.com\/es\/wp-json\/wp\/v2\/comments?post=8262"}],"wp:featuredmedia":[{"embeddable":true,"href":"https:\/\/www.sellersunionagent.com\/es\/wp-json\/wp\/v2\/media\/8266"}],"wp:attachment":[{"href":"https:\/\/www.sellersunionagent.com\/es\/wp-json\/wp\/v2\/media?parent=8262"}],"wp:term":[{"taxonomy":"product_brand","embeddable":true,"href":"https:\/\/www.sellersunionagent.com\/es\/wp-json\/wp\/v2\/product_brand?post=8262"},{"taxonomy":"product_cat","embeddable":true,"href":"https:\/\/www.sellersunionagent.com\/es\/wp-json\/wp\/v2\/product_cat?post=8262"},{"taxonomy":"product_tag","embeddable":true,"href":"https:\/\/www.sellersunionagent.com\/es\/wp-json\/wp\/v2\/product_tag?post=8262"}],"curies":[{"name":"wp","href":"https:\/\/api.w.org\/{rel}","templated":true}]}}