{"id":8250,"date":"2022-06-29T19:10:13","date_gmt":"2022-06-29T11:10:13","guid":{"rendered":"https:\/\/sellersunionagent.com\/?post_type=product&#038;p=8250"},"modified":"2022-08-31T14:09:41","modified_gmt":"2022-08-31T06:09:41","slug":"bolsas-impermeables-para-guardar-zapatos-en-casa-y-llevarlas-de-viaje","status":"publish","type":"product","link":"https:\/\/www.sellersunionagent.com\/es\/water-resistant-shoe-bags-for-home-storage-and-travel\/","title":{"rendered":"Bolsas impermeables para guardar zapatos en casa y para viajar"},"content":{"rendered":"<h2 id=\"title\" class=\"a-size-large a-spacing-none\"><span id=\"productTitle\" class=\"a-size-large product-title-word-break\">Bolsa para guardar todos los zapatos para viajar, bolsa organizadora con cremallera, multicolor para hombre y mujer.<\/span><\/h2>\n<p>&nbsp;<\/p>\n<p>&nbsp;<\/p>\n<ul>\n<li>PORT\u00c1TIL: cremallera especial hecha a medida con dientes muy suaves que permite guardar tus pertenencias de forma segura y llevarlas contigo cuando sea necesario.<\/li>\n<\/ul>\n<p>&nbsp;<\/p>\n<p>&nbsp;<\/p>\n<ul>\n<li>PROTECCI\u00d3N: esta bolsa para zapatos ayuda a mantenerlos libres de polvo y los protege de las manchas. Retiene el olor de los zapatos en su interior y separa las manchas de los zapatos del resto de la ropa para garantizar que esta \u00faltima se mantenga limpia.<\/li>\n<\/ul>\n<p>&nbsp;<\/p>\n<p>&nbsp;<\/p>\n<ul>\n<li>VISIBLE: dise\u00f1o de malla transl\u00facida para identificar de manera eficaz y sencilla los zapatos que hay en la bolsa. Es muy \u00fatil tanto para uso dom\u00e9stico como para viajar.<\/li>\n<\/ul>\n<p><img fetchpriority=\"high\" decoding=\"async\" class=\"aligncenter wp-image-8255\" src=\"https:\/\/www.sellersunionagent.com\/wp-content\/uploads\/2022\/06\/water-resistant-shoe-bags-4.jpg\" alt=\"\" width=\"500\" height=\"501\" \/><\/p>\n<p><img decoding=\"async\" class=\"aligncenter wp-image-8254\" src=\"https:\/\/www.sellersunionagent.com\/wp-content\/uploads\/2022\/06\/water-resistant-shoe-bags-3.jpg\" alt=\"\" width=\"500\" height=\"496\" \/><\/p>\n<p><img decoding=\"async\" class=\"aligncenter wp-image-9084\" src=\"https:\/\/www.sellersunionagent.com\/wp-content\/uploads\/2022\/06\/\u5fae\u4fe1\u56fe\u7247_20220709142533.png\" alt=\"Fabricaci\u00f3n en China\" width=\"500\" height=\"320\" \/><img loading=\"lazy\" decoding=\"async\" class=\"aligncenter wp-image-9085\" src=\"https:\/\/www.sellersunionagent.com\/wp-content\/uploads\/2022\/06\/\u5fae\u4fe1\u56fe\u7247_202207091425331.png\" alt=\"proveedor mayorista\" width=\"500\" height=\"483\" \/><\/p>","protected":false},"excerpt":{"rendered":"<p><strong>Tipo<\/strong>:Almacenamiento en casa<\/p>\n<p><strong>N\u00famero de art\u00edculo:<\/strong> GN004<\/p>\n<p><strong>Peso del art\u00edculo<\/strong>: 0,12 kg\/0,15 kg<\/p>\n<p><strong>Material:<\/strong> Oxford<\/p>","protected":false},"featured_media":9087,"comment_status":"open","ping_status":"closed","template":"","meta":{"_acf_changed":false},"product_brand":[],"product_cat":[31,186],"product_tag":[73],"class_list":{"0":"post-8250","1":"product","2":"type-product","3":"status-publish","4":"has-post-thumbnail","6":"product_cat-home-storage","7":"product_cat-living-room","8":"product_tag-home-storagewholesaledurable","10":"first","11":"instock","12":"shipping-taxable","13":"product-type-simple","14":"swiper-slide"},"acf":[],"_links":{"self":[{"href":"https:\/\/www.sellersunionagent.com\/es\/wp-json\/wp\/v2\/product\/8250","targetHints":{"allow":["GET"]}}],"collection":[{"href":"https:\/\/www.sellersunionagent.com\/es\/wp-json\/wp\/v2\/product"}],"about":[{"href":"https:\/\/www.sellersunionagent.com\/es\/wp-json\/wp\/v2\/types\/product"}],"replies":[{"embeddable":true,"href":"https:\/\/www.sellersunionagent.com\/es\/wp-json\/wp\/v2\/comments?post=8250"}],"wp:featuredmedia":[{"embeddable":true,"href":"https:\/\/www.sellersunionagent.com\/es\/wp-json\/wp\/v2\/media\/9087"}],"wp:attachment":[{"href":"https:\/\/www.sellersunionagent.com\/es\/wp-json\/wp\/v2\/media?parent=8250"}],"wp:term":[{"taxonomy":"product_brand","embeddable":true,"href":"https:\/\/www.sellersunionagent.com\/es\/wp-json\/wp\/v2\/product_brand?post=8250"},{"taxonomy":"product_cat","embeddable":true,"href":"https:\/\/www.sellersunionagent.com\/es\/wp-json\/wp\/v2\/product_cat?post=8250"},{"taxonomy":"product_tag","embeddable":true,"href":"https:\/\/www.sellersunionagent.com\/es\/wp-json\/wp\/v2\/product_tag?post=8250"}],"curies":[{"name":"wp","href":"https:\/\/api.w.org\/{rel}","templated":true}]}}