{"id":8240,"date":"2022-06-29T19:04:28","date_gmt":"2022-06-29T11:04:28","guid":{"rendered":"https:\/\/sellersunionagent.com\/?post_type=product&#038;p=8240"},"modified":"2022-08-31T14:09:56","modified_gmt":"2022-08-31T06:09:56","slug":"venta-al-mayor-bolsas-de-almacenaje-para-el-hogar-organizador-decorativo-de-pared-bolsas-plegables","status":"publish","type":"product","link":"https:\/\/www.sellersunionagent.com\/es\/wholesale-home-storage-bags-decorative-wall-mounted-organizer-foldable-bags\/","title":{"rendered":"Mayorista Bolsas de Almacenaje para el Hogar Organizador Decorativo de Pared Bolsas Plegables"},"content":{"rendered":"<h2 id=\"title\" class=\"a-size-large a-spacing-none\"><span id=\"productTitle\" class=\"a-size-large product-title-word-break\">Bolsas de almacenaje colgantes Organizador de pared impermeable decorativo Bolsas plegables para ba\u00f1o Cocina Pared Puerta Armario<\/span><\/h2>\n<p>&nbsp;<\/p>\n<p>&nbsp;<\/p>\n<ul>\n<li><strong>Gran capacidad:<\/strong> Estas cestas de almacenaje sirven para guardar y organizar muchas cosas. Tambi\u00e9n se pueden utilizar como maceteros para colgar en la pared, para que su habitaci\u00f3n sea bonita y est\u00e9 llena de vida. Adem\u00e1s, si se ensucian, basta con limpiarlas con un cepillo h\u00famedo para que conserven su aspecto nuevo y sean resistentes durante mucho tiempo.<\/li>\n<\/ul>\n<p>&nbsp;<\/p>\n<p>&nbsp;<\/p>\n<ul>\n<li><strong>Ahorra espacio de forma eficaz:<\/strong> El dise\u00f1o permite colgarla f\u00e1cilmente de las paredes, as\u00ed como disponer de bolsillos laterales para objetos m\u00e1s peque\u00f1os que suelen ser dif\u00edciles de encontrar. Se puede desplegar y plegar f\u00e1cilmente en peque\u00f1os trozos en una estanter\u00eda cuando no necesites utilizarlo. Facilita mucho la organizaci\u00f3n pero al mismo tiempo no ocupa mucho espacio.<\/li>\n<\/ul>\n<p>&nbsp;<\/p>\n<p>&nbsp;<\/p>\n<ul>\n<li><strong>Amplia aplicaci\u00f3n:<\/strong> Est\u00e1n disponibles en divertidos, modernos y adorables estilos y colores, un complemento perfecto para una habitaci\u00f3n infantil, cuarto de ni\u00f1os, sala de juegos, sala de artesan\u00eda, cocina, ba\u00f1o, etc, a\u00f1ade un toque de color a cualquier habitaci\u00f3n, mientras que tambi\u00e9n es funcional.<\/li>\n<\/ul>\n<p>&nbsp;<\/p>\n<p><img fetchpriority=\"high\" decoding=\"async\" class=\"aligncenter wp-image-8243\" src=\"https:\/\/www.sellersunionagent.com\/wp-content\/uploads\/2022\/06\/decorative-wall-mounted-organizer-1.jpg\" alt=\"\" width=\"600\" height=\"600\" \/><\/p>\n<p><img decoding=\"async\" class=\"aligncenter wp-image-8244\" src=\"https:\/\/www.sellersunionagent.com\/wp-content\/uploads\/2022\/06\/decorative-wall-mounted-organizer-2.jpg\" alt=\"\" width=\"600\" height=\"600\" \/><\/p>\n<p><img decoding=\"async\" class=\"aligncenter wp-image-8245\" src=\"https:\/\/www.sellersunionagent.com\/wp-content\/uploads\/2022\/06\/decorative-wall-mounted-organizer-3.jpg\" alt=\"\" width=\"600\" height=\"600\" \/><\/p>","protected":false},"excerpt":{"rendered":"<p><strong>Tipo<\/strong>:Almacenamiento en casa<\/p>\n<p><strong>N\u00famero de art\u00edculo:<\/strong> GN012<\/p>\n<p><strong>Peso del art\u00edculo<\/strong>: 0,08kg<\/p>\n<p><strong>Material:<\/strong> PEVA<\/p>","protected":false},"featured_media":9079,"comment_status":"open","ping_status":"closed","template":"","meta":{"_acf_changed":false},"product_brand":[],"product_cat":[31,186],"product_tag":[73],"class_list":{"0":"post-8240","1":"product","2":"type-product","3":"status-publish","4":"has-post-thumbnail","6":"product_cat-home-storage","7":"product_cat-living-room","8":"product_tag-home-storagewholesaledurable","10":"first","11":"instock","12":"shipping-taxable","13":"product-type-simple","14":"swiper-slide"},"acf":[],"_links":{"self":[{"href":"https:\/\/www.sellersunionagent.com\/es\/wp-json\/wp\/v2\/product\/8240","targetHints":{"allow":["GET"]}}],"collection":[{"href":"https:\/\/www.sellersunionagent.com\/es\/wp-json\/wp\/v2\/product"}],"about":[{"href":"https:\/\/www.sellersunionagent.com\/es\/wp-json\/wp\/v2\/types\/product"}],"replies":[{"embeddable":true,"href":"https:\/\/www.sellersunionagent.com\/es\/wp-json\/wp\/v2\/comments?post=8240"}],"wp:featuredmedia":[{"embeddable":true,"href":"https:\/\/www.sellersunionagent.com\/es\/wp-json\/wp\/v2\/media\/9079"}],"wp:attachment":[{"href":"https:\/\/www.sellersunionagent.com\/es\/wp-json\/wp\/v2\/media?parent=8240"}],"wp:term":[{"taxonomy":"product_brand","embeddable":true,"href":"https:\/\/www.sellersunionagent.com\/es\/wp-json\/wp\/v2\/product_brand?post=8240"},{"taxonomy":"product_cat","embeddable":true,"href":"https:\/\/www.sellersunionagent.com\/es\/wp-json\/wp\/v2\/product_cat?post=8240"},{"taxonomy":"product_tag","embeddable":true,"href":"https:\/\/www.sellersunionagent.com\/es\/wp-json\/wp\/v2\/product_tag?post=8240"}],"curies":[{"name":"wp","href":"https:\/\/api.w.org\/{rel}","templated":true}]}}