{"id":8224,"date":"2022-06-29T18:58:18","date_gmt":"2022-06-29T10:58:18","guid":{"rendered":"https:\/\/sellersunionagent.com\/?post_type=product&#038;p=8224"},"modified":"2022-08-31T14:10:08","modified_gmt":"2022-08-31T06:10:08","slug":"upgraded-version-home-storage-lightweight-suit-bags-dust-proof","status":"publish","type":"product","link":"https:\/\/www.sellersunionagent.com\/es\/upgraded-version-home-storage-lightweight-suit-bags-dust-proof\/","title":{"rendered":"Versi\u00f3n mejorada de almacenamiento en el hogar Bolsas ligeras para trajes a prueba de polvo"},"content":{"rendered":"<h2>Hanging Garment Bag, Lightweight Suit Bags Dust-Proof with Sturdy Full Zipper for Closet Storage and Travel<\/h2>\n<p><strong>Tipo<\/strong>:Almacenamiento en casa<\/p>\n<p><strong>N\u00famero de art\u00edculo:<\/strong>GN007<\/p>\n<p><strong>Material:<\/strong>PEVA<\/p>\n<p>&nbsp;<\/p>\n<p>&nbsp;<\/p>\n<ul>\n<li>\u3010Breathable Garment Bag\u3011The Upgraded Version Hanging suit\/garment bag are made of Soft PEVA material ,snag free and full length center sturdy zipper.<\/li>\n<\/ul>\n<p>&nbsp;<\/p>\n<p>&nbsp;<\/p>\n<ul>\n<li>\u3010Visible and Reused \u3011 The clear breathable suit bag eliminates the guess work of trying to figure out what&#8217;s inside your bags! The garment suit cover also can be washed, so you can reuse it and it lasts longer than dry cleaning bags.<\/li>\n<\/ul>\n<p>&nbsp;<\/p>\n<p>&nbsp;<\/p>\n<ul>\n<li>\u3010 Home and Travel\u3011With this suit cover bag, each of your suits or dresses can have their own cover and room to breathe. The clear garment bag can be folded in a small size easily, very easy to store when you don\u2019t use them, save lots of space.<\/li>\n<\/ul>\n<p>&nbsp;<\/p>\n<p>&nbsp;<\/p>\n<ul>\n<li>\u3010Versatility\u3011 Ideal length for suits, shirts, dress, sweaters, jackets, trousers, tops, sport coats, winter coat etc . Wardrobe closet organizer saves space, keeps your closet tidy and organized by color. Never again leave your favorite suit or dress behind.<\/li>\n<\/ul>\n<p><img fetchpriority=\"high\" decoding=\"async\" class=\"aligncenter wp-image-8228\" src=\"https:\/\/www.sellersunionagent.com\/wp-content\/uploads\/2022\/06\/upgraded-version-home-storage-3.png\" alt=\"\" width=\"600\" height=\"581\" \/><img decoding=\"async\" class=\"aligncenter wp-image-8844\" src=\"https:\/\/www.sellersunionagent.com\/wp-content\/uploads\/2022\/06\/wholesale-home-storage-1.png\" alt=\"Fabricaci\u00f3n en China\" width=\"600\" height=\"392\" \/> <img decoding=\"async\" class=\"aligncenter wp-image-8845\" src=\"https:\/\/www.sellersunionagent.com\/wp-content\/uploads\/2022\/06\/wholesale-home-storage.png\" alt=\"Fabricaci\u00f3n en China\" width=\"600\" height=\"304\" \/><img loading=\"lazy\" decoding=\"async\" class=\"aligncenter wp-image-9134\" src=\"https:\/\/www.sellersunionagent.com\/wp-content\/uploads\/2022\/06\/\u6b63\u65b9\u5f62-4.jpg\" alt=\"OEM\/ODM\" width=\"600\" height=\"602\" \/> <img loading=\"lazy\" decoding=\"async\" class=\"aligncenter wp-image-9133\" src=\"https:\/\/www.sellersunionagent.com\/wp-content\/uploads\/2022\/06\/\u6b63\u65b9\u5f62-3-1.png\" alt=\"OEM\/ODM\" width=\"600\" height=\"600\" \/> <img loading=\"lazy\" decoding=\"async\" class=\"aligncenter wp-image-9132\" src=\"https:\/\/www.sellersunionagent.com\/wp-content\/uploads\/2022\/06\/\u6b63\u65b9\u5f62-2.jpg\" alt=\"OEM\/ODM\" width=\"600\" height=\"600\" \/><\/p>","protected":false},"excerpt":{"rendered":"<p><strong>MOQ: <\/strong>100 (flexible)<br \/>\n<strong>Muestra gratis:<\/strong> Soporte<br \/>\n<strong>Personalizaci\u00f3n:<\/strong> logotipo \/ color \/ materiales \/ embalaje, etc.<br \/>\n<strong>Descuento:<\/strong> Primeros pedidos desde 10% de descuento.<br \/>\n<strong>Tasa de entrega puntual:<\/strong> 100%<br \/>\n<strong>Total de env\u00edos:<\/strong> 100000PCS<br \/>\n<strong>Env\u00edo:<\/strong> Apoyo Express-Mercanc\u00edas mar\u00edtimas-Mercanc\u00edas terrestres<\/p>","protected":false},"featured_media":9135,"comment_status":"open","ping_status":"closed","template":"","meta":{"_acf_changed":false},"product_brand":[],"product_cat":[31,187],"product_tag":[174,73,94],"class_list":{"0":"post-8224","1":"product","2":"type-product","3":"status-publish","4":"has-post-thumbnail","6":"product_cat-home-storage","7":"product_cat-bedroom","8":"product_tag-home-storage-hot","9":"product_tag-home-storagewholesaledurable","10":"product_tag-organizer","12":"first","13":"instock","14":"shipping-taxable","15":"product-type-simple","16":"swiper-slide"},"acf":[],"_links":{"self":[{"href":"https:\/\/www.sellersunionagent.com\/es\/wp-json\/wp\/v2\/product\/8224","targetHints":{"allow":["GET"]}}],"collection":[{"href":"https:\/\/www.sellersunionagent.com\/es\/wp-json\/wp\/v2\/product"}],"about":[{"href":"https:\/\/www.sellersunionagent.com\/es\/wp-json\/wp\/v2\/types\/product"}],"replies":[{"embeddable":true,"href":"https:\/\/www.sellersunionagent.com\/es\/wp-json\/wp\/v2\/comments?post=8224"}],"wp:featuredmedia":[{"embeddable":true,"href":"https:\/\/www.sellersunionagent.com\/es\/wp-json\/wp\/v2\/media\/9135"}],"wp:attachment":[{"href":"https:\/\/www.sellersunionagent.com\/es\/wp-json\/wp\/v2\/media?parent=8224"}],"wp:term":[{"taxonomy":"product_brand","embeddable":true,"href":"https:\/\/www.sellersunionagent.com\/es\/wp-json\/wp\/v2\/product_brand?post=8224"},{"taxonomy":"product_cat","embeddable":true,"href":"https:\/\/www.sellersunionagent.com\/es\/wp-json\/wp\/v2\/product_cat?post=8224"},{"taxonomy":"product_tag","embeddable":true,"href":"https:\/\/www.sellersunionagent.com\/es\/wp-json\/wp\/v2\/product_tag?post=8224"}],"curies":[{"name":"wp","href":"https:\/\/api.w.org\/{rel}","templated":true}]}}