{"id":8222,"date":"2022-06-29T19:05:52","date_gmt":"2022-06-29T11:05:52","guid":{"rendered":"https:\/\/sellersunionagent.com\/?post_type=product&#038;p=8222"},"modified":"2026-01-06T14:29:21","modified_gmt":"2026-01-06T06:29:21","slug":"china-al-por-mayor-portatil-neceser-de-viaje-bolsa-de-lavado","status":"publish","type":"product","link":"https:\/\/www.sellersunionagent.com\/es\/china-wholesale-portable-toiletry-travel-washing-bag\/","title":{"rendered":"Bolsa de aseo de viaje port\u00e1til al por mayor de China"},"content":{"rendered":"<h2>Bolsa de aseo de viaje port\u00e1til al por mayor de China<\/h2>\n<div class=\"elementor-element elementor-element-42815df elementor-widget elementor-widget-heading\" data-id=\"42815df\" data-element_type=\"widget\" data-widget_type=\"heading.default\">\n<div class=\"elementor-widget-container\">\n<p class=\"elementor-heading-title elementor-size-default\"><strong>Tipo<\/strong>: Bolsa de lavado<\/p>\n<\/div>\n<\/div>\n<div class=\"elementor-element elementor-element-c17fac7 elementor-widget elementor-widget-woocommerce-product-short-description\" data-id=\"c17fac7\" data-element_type=\"widget\" data-widget_type=\"woocommerce-product-short-description.default\">\n<div class=\"elementor-widget-container\">\n<div class=\"woocommerce-product-details__short-description\">\n<p><strong>N\u00famero de art\u00edculo:<\/strong> GN001<\/p>\n<p><strong>Tama\u00f1o del art\u00edculo<\/strong>: 47*23.5*7.5cm<\/p>\n<p><strong>Colores<\/strong>: Blanco\/ gris\/ rosa<\/p>\n<p><strong>Material: <\/strong>Tela Oxford<\/p>\n<p>&nbsp;<\/p>\n<\/div>\n<\/div>\n<p>&nbsp;<\/p>\n<\/div>\n<ul>\n<li>Gran capacidad<\/li>\n<li>Potente funci\u00f3n, almacenamiento de particiones<\/li>\n<li>Cremallera doble suave y duradera<\/li>\n<li>Exquisitamente impreso<\/li>\n<li>Costuras limpias, resistentes y duraderas<\/li>\n<li>Tela seleccionada con revestimiento impermeable, no es f\u00e1cil de deformar<\/li>\n<li>Dise\u00f1o port\u00e1til, f\u00e1cil de transportar<\/li>\n<li><img fetchpriority=\"high\" decoding=\"async\" class=\"aligncenter wp-image-8234\" src=\"https:\/\/www.sellersunionagent.com\/wp-content\/uploads\/2022\/06\/china-wholesale-portable-toiletry-travel-washing-bag-5.png\" alt=\"Venta al por mayor en China \" width=\"600\" height=\"600\" \/><img decoding=\"async\" class=\"aligncenter wp-image-8235\" src=\"https:\/\/www.sellersunionagent.com\/wp-content\/uploads\/2022\/06\/china-wholesale-portable-toiletry-travel-washing-bag-6.png\" alt=\"Venta al por mayor en China \" width=\"600\" height=\"600\" \/><img decoding=\"async\" class=\"aligncenter wp-image-8229\" src=\"https:\/\/www.sellersunionagent.com\/wp-content\/uploads\/2022\/06\/china-wholesale-portable-toiletry-travel-washing-bag.jpg\" alt=\"Venta al por mayor en China \" width=\"600\" height=\"600\" \/> <img loading=\"lazy\" decoding=\"async\" class=\"aligncenter wp-image-8239\" src=\"https:\/\/www.sellersunionagent.com\/wp-content\/uploads\/2022\/06\/china-wholesale-portable-toiletry-travel-washing-bag-10.jpg\" alt=\"Venta al por mayor en China \" width=\"600\" height=\"457\" \/> <img loading=\"lazy\" decoding=\"async\" class=\"aligncenter wp-image-8238\" src=\"https:\/\/www.sellersunionagent.com\/wp-content\/uploads\/2022\/06\/china-wholesale-portable-toiletry-travel-washing-bag-9.jpg\" alt=\"Venta al por mayor en China \" width=\"600\" height=\"463\" \/> <img loading=\"lazy\" decoding=\"async\" class=\"aligncenter wp-image-8237\" src=\"https:\/\/www.sellersunionagent.com\/wp-content\/uploads\/2022\/06\/china-wholesale-portable-toiletry-travel-washing-bag-8.jpg\" alt=\"Venta al por mayor en China \" width=\"600\" height=\"714\" \/> <img loading=\"lazy\" decoding=\"async\" class=\"aligncenter wp-image-8236\" src=\"https:\/\/www.sellersunionagent.com\/wp-content\/uploads\/2022\/06\/china-wholesale-portable-toiletry-travel-washing-bag-7.jpg\" alt=\"Venta al por mayor en China \" width=\"600\" height=\"600\" \/><img loading=\"lazy\" decoding=\"async\" class=\"aligncenter wp-image-8233\" src=\"https:\/\/www.sellersunionagent.com\/wp-content\/uploads\/2022\/06\/china-wholesale-portable-toiletry-travel-washing-bag-4.jpg\" alt=\"Venta al por mayor en China \" width=\"600\" height=\"601\" \/><img loading=\"lazy\" decoding=\"async\" class=\"aligncenter wp-image-8230\" src=\"https:\/\/www.sellersunionagent.com\/wp-content\/uploads\/2022\/06\/china-wholesale-portable-toiletry-travel-washing-bag-1.jpg\" alt=\"Venta al por mayor en China \" width=\"600\" height=\"502\" \/><\/li>\n<\/ul>","protected":false},"excerpt":{"rendered":"<div class=\"elementor-element elementor-element-42815df elementor-widget elementor-widget-heading\" data-id=\"42815df\" data-element_type=\"widget\" data-widget_type=\"heading.default\">\n<div class=\"elementor-widget-container\">\n<p class=\"elementor-heading-title elementor-size-default\"><strong>MOQ<\/strong>:  100 piezas<br \/>\n<strong>Muestra gratuita<\/strong>:  Soporte<br \/>\n<strong>Personalizaci\u00f3n<\/strong>logo \/ color \/ materiales \/ embalaje, etc.<br \/>\n<strong>Descuento<\/strong>:  Primeros pedidos desde 10% de descuento.<br \/>\n<strong>Porcentaje de entregas a tiempo<\/strong>:\u00a0 100%<br \/>\n<strong>Env\u00edos totales<\/strong>:  10000 piezas<br \/>\n<strong>Env\u00edo<\/strong>: Apoyo Express-Carga mar\u00edtima-Carga terrestre<\/p>\n<\/div>\n<\/div>\n<div class=\"elementor-element elementor-element-c17fac7 elementor-widget elementor-widget-woocommerce-product-short-description\" data-id=\"c17fac7\" data-element_type=\"widget\" data-widget_type=\"woocommerce-product-short-description.default\">\n<div class=\"elementor-widget-container\">\n<div class=\"woocommerce-product-details__short-description\">\n<p>&nbsp;<\/p>\n<p>&nbsp;<\/p>\n<p>Producimos excelentes bolsas de lavado. Razones para elegirnos:<br \/>\nProductos certificados por instituciones profesionales, con suministro suficiente y estable<br \/>\nM\u00e1s de veinte a\u00f1os de experiencia, con dep\u00f3sitos de tecnolog\u00eda y calidad.<br \/>\nPersonalizaci\u00f3n adaptada a las distintas necesidades<br \/>\nProducci\u00f3n y env\u00edo a la mayor velocidad<br \/>\nUn esmerado servicio integral de preventa, venta y posventa<\/p>\n<\/div>\n<\/div>\n<\/div>","protected":false},"featured_media":9332,"comment_status":"open","ping_status":"closed","template":"","meta":{"_acf_changed":false},"product_brand":[],"product_cat":[33],"product_tag":[142,60,50],"class_list":{"0":"post-8222","1":"product","2":"type-product","3":"status-publish","4":"has-post-thumbnail","6":"product_cat-toiletry-bag","7":"product_tag-makeup-organizer","8":"product_tag-portable","9":"product_tag-wholesale","11":"first","12":"instock","13":"shipping-taxable","14":"purchasable","15":"product-type-simple","16":"swiper-slide"},"acf":[],"_links":{"self":[{"href":"https:\/\/www.sellersunionagent.com\/es\/wp-json\/wp\/v2\/product\/8222","targetHints":{"allow":["GET"]}}],"collection":[{"href":"https:\/\/www.sellersunionagent.com\/es\/wp-json\/wp\/v2\/product"}],"about":[{"href":"https:\/\/www.sellersunionagent.com\/es\/wp-json\/wp\/v2\/types\/product"}],"replies":[{"embeddable":true,"href":"https:\/\/www.sellersunionagent.com\/es\/wp-json\/wp\/v2\/comments?post=8222"}],"wp:featuredmedia":[{"embeddable":true,"href":"https:\/\/www.sellersunionagent.com\/es\/wp-json\/wp\/v2\/media\/9332"}],"wp:attachment":[{"href":"https:\/\/www.sellersunionagent.com\/es\/wp-json\/wp\/v2\/media?parent=8222"}],"wp:term":[{"taxonomy":"product_brand","embeddable":true,"href":"https:\/\/www.sellersunionagent.com\/es\/wp-json\/wp\/v2\/product_brand?post=8222"},{"taxonomy":"product_cat","embeddable":true,"href":"https:\/\/www.sellersunionagent.com\/es\/wp-json\/wp\/v2\/product_cat?post=8222"},{"taxonomy":"product_tag","embeddable":true,"href":"https:\/\/www.sellersunionagent.com\/es\/wp-json\/wp\/v2\/product_tag?post=8222"}],"curies":[{"name":"wp","href":"https:\/\/api.w.org\/{rel}","templated":true}]}}